{"id":1435,"date":"2022-10-16T12:26:37","date_gmt":"2022-10-16T12:26:37","guid":{"rendered":"https:\/\/www.mysexualfantasy.eu\/?page_id=1435"},"modified":"2023-05-24T21:04:53","modified_gmt":"2023-05-24T21:04:53","slug":"colabora-con-nosotros","status":"publish","type":"page","link":"https:\/\/www.mysexualfantasy.eu\/en\/colabora-con-nosotros\/","title":{"rendered":"Colabora con nosotros"},"content":{"rendered":"<div data-elementor-type=\"wp-page\" data-elementor-id=\"1435\" class=\"elementor elementor-1435\">\n\t\t\t\t\t\t<section class=\"elementor-section elementor-top-section elementor-element elementor-element-07f0c0f elementor-section-full_width elementor-section-height-default elementor-section-height-default\" data-id=\"07f0c0f\" data-element_type=\"section\">\n\t\t\t\t\t\t<div class=\"elementor-container elementor-column-gap-default\">\n\t\t\t\t\t<div class=\"elementor-column elementor-col-50 elementor-top-column elementor-element elementor-element-60fbc90\" data-id=\"60fbc90\" data-element_type=\"column\">\n\t\t\t<div class=\"elementor-widget-wrap elementor-element-populated\">\n\t\t\t\t\t\t<div class=\"elementor-element elementor-element-564bd63 elementor-widget elementor-widget-heading\" data-id=\"564bd63\" data-element_type=\"widget\" data-widget_type=\"heading.default\">\n\t\t\t\t<div class=\"elementor-widget-container\">\n\t\t\t\t\t<h2 class=\"elementor-heading-title elementor-size-default\">\u00bfQuieres formar parte de nuestro equipo?<\/h2>\t\t\t\t<\/div>\n\t\t\t\t<\/div>\n\t\t\t\t<div class=\"elementor-element elementor-element-4613364 elementor-widget elementor-widget-text-editor\" data-id=\"4613364\" data-element_type=\"widget\" data-widget_type=\"text-editor.default\">\n\t\t\t\t<div class=\"elementor-widget-container\">\n\t\t\t\t\t\t\t\t\t<p><strong>MY SEXUAL FANTASY: <\/strong>Bienvenido a <strong>MY SEXUAL FANTASY<\/strong>, siendo conscientes en nuestra <strong>FIRMA<\/strong>, que dentro de las <strong>FANTASIAS ER\u00d3TICO-SEXUALES <\/strong>y del <strong>PLACER DE HABERLAS CUMPLIDO,<\/strong> hay gustos para todos los p\u00fablicos y la <strong>IMAGINACI\u00d3N ES INFINITA<\/strong>, hemos agregado la presente pesta\u00f1a de <strong>COLABORA CON NOSOTROS<\/strong>, para que a trav\u00e9s de la misma y de nuestro esfuerzo diario, por ser <strong>TU REFERENCIA<\/strong>, en la<strong> SATISFACCI\u00d3N DE TUS DESEOS<\/strong>, puedas convertir el <strong>FRUTO DE TU IMAGINACI\u00d3N<\/strong> en tu <strong>TRABAJO<\/strong> , <strong>NO DUDES EN PROPONERNOS <\/strong>cualquier <strong>COLABORACI\u00d3N o IDEA<\/strong>, <strong><u>\u00a1\u00a1\u00a1NOSOTROS LA DESARROLLAREMOS \u00a0POR TI y PARA TI!!!<\/u><\/strong><\/p><p><strong>EN MY SEXUAL FANTASY,<\/strong> vas a encontrar la m\u00e1s inimaginable <strong>RECOPILACI\u00d3N y ESCENIFICACI\u00d3N<\/strong> de <strong>FANTASIAS ER\u00d3TICO-SEXUALES,<\/strong> que jam\u00e1s hayas podido imaginar, <strong>RECREADAS Y ESCENIFICADAS<\/strong> en cualquier lugar del mundo <strong>PARA TI<\/strong>, donde tu ser\u00e1s el\/la <strong>PROTAGONISTA<\/strong>, con\u00f3cenos y colabora con nosotros, en el <strong><u>ARTE DEL DESEO Y DEL PLACER.<\/u><\/strong><\/p><p><strong>\u00a0\u00a1SIMUL MELIUS\u00a1- \u00a1 JUNTOS MEJOR \u00a1<\/strong><\/p>\t\t\t\t\t\t\t\t<\/div>\n\t\t\t\t<\/div>\n\t\t\t\t\t<\/div>\n\t\t<\/div>\n\t\t\t\t<div class=\"elementor-column elementor-col-50 elementor-top-column elementor-element elementor-element-7dd952f\" data-id=\"7dd952f\" data-element_type=\"column\">\n\t\t\t<div class=\"elementor-widget-wrap elementor-element-populated\">\n\t\t\t\t\t\t<div class=\"elementor-element elementor-element-bca7dfc elementor-button-align-stretch elementor-widget elementor-widget-form\" data-id=\"bca7dfc\" data-element_type=\"widget\" data-settings=\"{&quot;step_next_label&quot;:&quot;Next&quot;,&quot;step_previous_label&quot;:&quot;Previous&quot;,&quot;button_width&quot;:&quot;100&quot;,&quot;step_type&quot;:&quot;number_text&quot;,&quot;step_icon_shape&quot;:&quot;circle&quot;}\" data-widget_type=\"form.default\">\n\t\t\t\t<div class=\"elementor-widget-container\">\n\t\t\t\t\t\t\t<form class=\"elementor-form\" method=\"post\" name=\"New Form\" action=\"\">\r\n\t\t\t<input type=\"hidden\" name=\"post_id\" value=\"1435\"\/>\r\n\t\t\t<input type=\"hidden\" name=\"form_id\" value=\"bca7dfc\"\/>\r\n\t\t\t<input type=\"hidden\" name=\"referer_title\" value=\"\" \/>\r\n\r\n\t\t\t\r\n\t\t\t<div class=\"elementor-form-fields-wrapper elementor-labels-above\">\r\n\t\t\t\t\t\t\t\t<div class=\"elementor-field-type-text elementor-field-group elementor-column elementor-field-group-name elementor-col-100\">\r\n\t\t\t\t\t\t\t\t\t\t\t\t<label for=\"form-field-name\" class=\"elementor-field-label\">\r\n\t\t\t\t\t\t\t\tName\t\t\t\t\t\t\t<\/label>\r\n\t\t\t\t\t\t\t\t\t\t\t\t\t\t<input size=\"1\" type=\"text\" name=\"form_fields[name]\" id=\"form-field-name\" class=\"elementor-field elementor-size-sm  elementor-field-textual\" placeholder=\"Name\">\r\n\t\t\t\t\t\t\t\t\t\t\t<\/div>\r\n\t\t\t\t\t\t\t\t<div class=\"elementor-field-type-email elementor-field-group elementor-column elementor-field-group-email elementor-col-100 elementor-field-required elementor-mark-required\">\r\n\t\t\t\t\t\t\t\t\t\t\t\t<label for=\"form-field-email\" class=\"elementor-field-label\">\r\n\t\t\t\t\t\t\t\tEmail\t\t\t\t\t\t\t<\/label>\r\n\t\t\t\t\t\t\t\t\t\t\t\t\t\t<input size=\"1\" type=\"email\" name=\"form_fields[email]\" id=\"form-field-email\" class=\"elementor-field elementor-size-sm  elementor-field-textual\" placeholder=\"Email\" required=\"required\" aria-required=\"true\">\r\n\t\t\t\t\t\t\t\t\t\t\t<\/div>\r\n\t\t\t\t\t\t\t\t<div class=\"elementor-field-type-tel elementor-field-group elementor-column elementor-field-group-field_858ad2f elementor-col-100\">\r\n\t\t\t\t\t\t\t\t\t\t\t\t<label for=\"form-field-field_858ad2f\" class=\"elementor-field-label\">\r\n\t\t\t\t\t\t\t\tTel\u00e9fono de contacto\t\t\t\t\t\t\t<\/label>\r\n\t\t\t\t\t\t\t\t<input size=\"1\" type=\"tel\" name=\"form_fields[field_858ad2f]\" id=\"form-field-field_858ad2f\" class=\"elementor-field elementor-size-sm  elementor-field-textual\" placeholder=\"Email\" pattern=\"[0-9()#&amp;+*-=.]+\" title=\"Only numbers and phone characters (#, -, *, etc) are accepted.\">\r\n\r\n\t\t\t\t\t\t<\/div>\r\n\t\t\t\t\t\t\t\t<div class=\"elementor-field-type-textarea elementor-field-group elementor-column elementor-field-group-message elementor-col-100\">\r\n\t\t\t\t\t\t\t\t\t\t\t\t<label for=\"form-field-message\" class=\"elementor-field-label\">\r\n\t\t\t\t\t\t\t\tActividad\t\t\t\t\t\t\t<\/label>\r\n\t\t\t\t\t\t<textarea class=\"elementor-field-textual elementor-field  elementor-size-sm\" name=\"form_fields[message]\" id=\"form-field-message\" rows=\"1\" placeholder=\"Actividad\"><\/textarea>\t\t\t\t<\/div>\r\n\t\t\t\t\t\t\t\t<div class=\"elementor-field-group elementor-column elementor-field-type-submit elementor-col-100 e-form__buttons\">\r\n\t\t\t\t\t<button type=\"submit\" class=\"elementor-button elementor-size-sm\">\r\n\t\t\t\t\t\t<span >\r\n\t\t\t\t\t\t\t\t\t\t\t\t\t\t\t<span class=\"elementor-button-icon\">\r\n\t\t\t\t\t\t\t\t\t\t\t\t\t\t\t\t\t\t\t\t\t\t\t\t\t\t<\/span>\r\n\t\t\t\t\t\t\t\t\t\t\t\t\t\t\t\t\t\t\t\t\t\t<span class=\"elementor-button-text\">Send<\/span>\r\n\t\t\t\t\t\t\t\t\t\t\t\t\t<\/span>\r\n\t\t\t\t\t<\/button>\r\n\t\t\t\t<\/div>\r\n\t\t\t<\/div>\r\n\t\t<input type=\"hidden\" name=\"trp-form-language\" value=\"en\"\/><\/form>\r\n\t\t\t\t\t\t<\/div>\n\t\t\t\t<\/div>\n\t\t\t\t\t<\/div>\n\t\t<\/div>\n\t\t\t\t\t<\/div>\n\t\t<\/section>\n\t\t\t\t<section class=\"elementor-section elementor-top-section elementor-element elementor-element-268eff1b elementor-section-content-middle elementor-section-full_width elementor-section-height-default elementor-section-height-default\" data-id=\"268eff1b\" data-element_type=\"section\" data-settings=\"{&quot;background_background&quot;:&quot;classic&quot;}\">\n\t\t\t\t\t\t<div class=\"elementor-container elementor-column-gap-no\">\n\t\t\t\t\t<div class=\"elementor-column elementor-col-100 elementor-top-column elementor-element elementor-element-2c39b49d\" data-id=\"2c39b49d\" data-element_type=\"column\">\n\t\t\t<div class=\"elementor-widget-wrap elementor-element-populated\">\n\t\t\t\t\t\t<div class=\"elementor-element elementor-element-2b9a9803 elementor-widget elementor-widget-heading\" data-id=\"2b9a9803\" data-element_type=\"widget\" data-widget_type=\"heading.default\">\n\t\t\t\t<div class=\"elementor-widget-container\">\n\t\t\t\t\t<h4 class=\"elementor-heading-title elementor-size-default\">Nuestros colaboradores<\/h4>\t\t\t\t<\/div>\n\t\t\t\t<\/div>\n\t\t\t\t<div class=\"elementor-element elementor-element-225d345f elementor-widget elementor-widget-heading\" data-id=\"225d345f\" data-element_type=\"widget\" data-widget_type=\"heading.default\">\n\t\t\t\t<div class=\"elementor-widget-container\">\n\t\t\t\t\t<h5 class=\"elementor-heading-title elementor-size-default\">Trabajamos con marcas l\u00edderes en el mercado<\/h5>\t\t\t\t<\/div>\n\t\t\t\t<\/div>\n\t\t\t\t<section class=\"elementor-section elementor-inner-section elementor-element elementor-element-6463e87a elementor-section-content-middle elementor-section-full_width elementor-section-height-default elementor-section-height-default\" data-id=\"6463e87a\" data-element_type=\"section\">\n\t\t\t\t\t\t<div class=\"elementor-container elementor-column-gap-no\">\n\t\t\t\t\t<div class=\"elementor-column elementor-col-20 elementor-inner-column elementor-element elementor-element-48649a37\" data-id=\"48649a37\" data-element_type=\"column\">\n\t\t\t<div class=\"elementor-widget-wrap elementor-element-populated\">\n\t\t\t\t\t\t<div class=\"elementor-element elementor-element-1d95031d elementor-widget elementor-widget-image\" data-id=\"1d95031d\" data-element_type=\"widget\" data-widget_type=\"image.default\">\n\t\t\t\t<div class=\"elementor-widget-container\">\n\t\t\t\t\t\t\t\t\t\t\t\t\t\t\t<img fetchpriority=\"high\" decoding=\"async\" width=\"900\" height=\"417\" src=\"https:\/\/www.mysexualfantasy.eu\/wp-content\/uploads\/2023\/05\/yHPcl_2022-04-01-1024x474.png\" class=\"attachment-large size-large wp-image-80368\" alt=\"\" srcset=\"https:\/\/www.mysexualfantasy.eu\/wp-content\/uploads\/2023\/05\/yHPcl_2022-04-01-1024x474.png 1024w, https:\/\/www.mysexualfantasy.eu\/wp-content\/uploads\/2023\/05\/yHPcl_2022-04-01-300x139.png 300w, https:\/\/www.mysexualfantasy.eu\/wp-content\/uploads\/2023\/05\/yHPcl_2022-04-01-768x356.png 768w, https:\/\/www.mysexualfantasy.eu\/wp-content\/uploads\/2023\/05\/yHPcl_2022-04-01-1536x711.png 1536w, https:\/\/www.mysexualfantasy.eu\/wp-content\/uploads\/2023\/05\/yHPcl_2022-04-01-18x8.png 18w, https:\/\/www.mysexualfantasy.eu\/wp-content\/uploads\/2023\/05\/yHPcl_2022-04-01-600x278.png 600w, https:\/\/www.mysexualfantasy.eu\/wp-content\/uploads\/2023\/05\/yHPcl_2022-04-01.png 1620w\" sizes=\"(max-width: 900px) 100vw, 900px\" \/>\t\t\t\t\t\t\t\t\t\t\t\t\t\t\t<\/div>\n\t\t\t\t<\/div>\n\t\t\t\t\t<\/div>\n\t\t<\/div>\n\t\t\t\t<div class=\"elementor-column elementor-col-20 elementor-inner-column elementor-element elementor-element-47362932\" data-id=\"47362932\" data-element_type=\"column\">\n\t\t\t<div class=\"elementor-widget-wrap elementor-element-populated\">\n\t\t\t\t\t\t<div class=\"elementor-element elementor-element-542236fc elementor-widget elementor-widget-image\" data-id=\"542236fc\" data-element_type=\"widget\" data-widget_type=\"image.default\">\n\t\t\t\t<div class=\"elementor-widget-container\">\n\t\t\t\t\t\t\t\t\t\t\t\t\t\t\t<img decoding=\"async\" width=\"900\" height=\"900\" src=\"https:\/\/www.mysexualfantasy.eu\/wp-content\/uploads\/2023\/05\/Coquette-Logo-1-1024x1024.jpg\" class=\"attachment-large size-large wp-image-80372\" alt=\"\" srcset=\"https:\/\/www.mysexualfantasy.eu\/wp-content\/uploads\/2023\/05\/Coquette-Logo-1-1024x1024.jpg 1024w, https:\/\/www.mysexualfantasy.eu\/wp-content\/uploads\/2023\/05\/Coquette-Logo-1-300x300.jpg 300w, https:\/\/www.mysexualfantasy.eu\/wp-content\/uploads\/2023\/05\/Coquette-Logo-1-150x150.jpg 150w, https:\/\/www.mysexualfantasy.eu\/wp-content\/uploads\/2023\/05\/Coquette-Logo-1-768x768.jpg 768w, https:\/\/www.mysexualfantasy.eu\/wp-content\/uploads\/2023\/05\/Coquette-Logo-1-12x12.jpg 12w, https:\/\/www.mysexualfantasy.eu\/wp-content\/uploads\/2023\/05\/Coquette-Logo-1-600x600.jpg 600w, https:\/\/www.mysexualfantasy.eu\/wp-content\/uploads\/2023\/05\/Coquette-Logo-1-100x100.jpg 100w, https:\/\/www.mysexualfantasy.eu\/wp-content\/uploads\/2023\/05\/Coquette-Logo-1.jpg 1080w\" sizes=\"(max-width: 900px) 100vw, 900px\" \/>\t\t\t\t\t\t\t\t\t\t\t\t\t\t\t<\/div>\n\t\t\t\t<\/div>\n\t\t\t\t\t<\/div>\n\t\t<\/div>\n\t\t\t\t<div class=\"elementor-column elementor-col-20 elementor-inner-column elementor-element elementor-element-5389102f\" data-id=\"5389102f\" data-element_type=\"column\">\n\t\t\t<div class=\"elementor-widget-wrap elementor-element-populated\">\n\t\t\t\t\t\t<div class=\"elementor-element elementor-element-20e60f69 elementor-widget elementor-widget-image\" data-id=\"20e60f69\" data-element_type=\"widget\" data-widget_type=\"image.default\">\n\t\t\t\t<div class=\"elementor-widget-container\">\n\t\t\t\t\t\t\t\t\t\t\t\t\t\t\t<img decoding=\"async\" width=\"900\" height=\"506\" src=\"https:\/\/www.mysexualfantasy.eu\/wp-content\/uploads\/2023\/05\/logo-white-1024x576.webp\" class=\"attachment-large size-large wp-image-80373\" alt=\"\" srcset=\"https:\/\/www.mysexualfantasy.eu\/wp-content\/uploads\/2023\/05\/logo-white-1024x576.webp 1024w, https:\/\/www.mysexualfantasy.eu\/wp-content\/uploads\/2023\/05\/logo-white-300x169.webp 300w, https:\/\/www.mysexualfantasy.eu\/wp-content\/uploads\/2023\/05\/logo-white-768x432.webp 768w, https:\/\/www.mysexualfantasy.eu\/wp-content\/uploads\/2023\/05\/logo-white-1536x864.webp 1536w, https:\/\/www.mysexualfantasy.eu\/wp-content\/uploads\/2023\/05\/logo-white-2048x1152.webp 2048w, https:\/\/www.mysexualfantasy.eu\/wp-content\/uploads\/2023\/05\/logo-white-18x10.webp 18w, https:\/\/www.mysexualfantasy.eu\/wp-content\/uploads\/2023\/05\/logo-white-600x338.webp 600w\" sizes=\"(max-width: 900px) 100vw, 900px\" \/>\t\t\t\t\t\t\t\t\t\t\t\t\t\t\t<\/div>\n\t\t\t\t<\/div>\n\t\t\t\t\t<\/div>\n\t\t<\/div>\n\t\t\t\t<div class=\"elementor-column elementor-col-20 elementor-inner-column elementor-element elementor-element-51b554db\" data-id=\"51b554db\" data-element_type=\"column\">\n\t\t\t<div class=\"elementor-widget-wrap elementor-element-populated\">\n\t\t\t\t\t\t<div class=\"elementor-element elementor-element-12c3cbb7 elementor-widget elementor-widget-image\" data-id=\"12c3cbb7\" data-element_type=\"widget\" data-widget_type=\"image.default\">\n\t\t\t\t<div class=\"elementor-widget-container\">\n\t\t\t\t\t\t\t\t\t\t\t\t\t\t\t<img loading=\"lazy\" decoding=\"async\" width=\"900\" height=\"148\" src=\"https:\/\/www.mysexualfantasy.eu\/wp-content\/uploads\/2023\/05\/1280px-Fleshlight_logo.svg-1024x168.png\" class=\"attachment-large size-large wp-image-80374\" alt=\"\" srcset=\"https:\/\/www.mysexualfantasy.eu\/wp-content\/uploads\/2023\/05\/1280px-Fleshlight_logo.svg-1024x168.png 1024w, https:\/\/www.mysexualfantasy.eu\/wp-content\/uploads\/2023\/05\/1280px-Fleshlight_logo.svg-300x49.png 300w, https:\/\/www.mysexualfantasy.eu\/wp-content\/uploads\/2023\/05\/1280px-Fleshlight_logo.svg-768x126.png 768w, https:\/\/www.mysexualfantasy.eu\/wp-content\/uploads\/2023\/05\/1280px-Fleshlight_logo.svg-18x3.png 18w, https:\/\/www.mysexualfantasy.eu\/wp-content\/uploads\/2023\/05\/1280px-Fleshlight_logo.svg-600x98.png 600w, https:\/\/www.mysexualfantasy.eu\/wp-content\/uploads\/2023\/05\/1280px-Fleshlight_logo.svg.png 1280w\" sizes=\"(max-width: 900px) 100vw, 900px\" \/>\t\t\t\t\t\t\t\t\t\t\t\t\t\t\t<\/div>\n\t\t\t\t<\/div>\n\t\t\t\t\t<\/div>\n\t\t<\/div>\n\t\t\t\t<div class=\"elementor-column elementor-col-20 elementor-inner-column elementor-element elementor-element-30b06c94\" data-id=\"30b06c94\" data-element_type=\"column\">\n\t\t\t<div class=\"elementor-widget-wrap elementor-element-populated\">\n\t\t\t\t\t\t<div class=\"elementor-element elementor-element-3e604ecb elementor-widget elementor-widget-image\" data-id=\"3e604ecb\" data-element_type=\"widget\" data-widget_type=\"image.default\">\n\t\t\t\t<div class=\"elementor-widget-container\">\n\t\t\t\t\t\t\t\t\t\t\t\t\t\t\t<img loading=\"lazy\" decoding=\"async\" width=\"200\" height=\"150\" src=\"https:\/\/www.mysexualfantasy.eu\/wp-content\/uploads\/2022\/10\/digit.png\" class=\"attachment-large size-large wp-image-1443\" alt=\"\" srcset=\"https:\/\/www.mysexualfantasy.eu\/wp-content\/uploads\/2022\/10\/digit.png 200w, https:\/\/www.mysexualfantasy.eu\/wp-content\/uploads\/2022\/10\/digit-16x12.png 16w\" sizes=\"(max-width: 200px) 100vw, 200px\" \/>\t\t\t\t\t\t\t\t\t\t\t\t\t\t\t<\/div>\n\t\t\t\t<\/div>\n\t\t\t\t\t<\/div>\n\t\t<\/div>\n\t\t\t\t\t<\/div>\n\t\t<\/section>\n\t\t\t\t\t<\/div>\n\t\t<\/div>\n\t\t\t\t\t<\/div>\n\t\t<\/section>\n\t\t\t\t<\/div>","protected":false},"excerpt":{"rendered":"<p>\u00bfQuieres formar parte de nuestro equipo? MY SEXUAL FANTASY: Bienvenido a MY SEXUAL FANTASY, siendo conscientes en nuestra FIRMA, que dentro de las FANTASIAS ER\u00d3TICO-SEXUALES y del PLACER DE HABERLAS CUMPLIDO, hay gustos para todos los p\u00fablicos y la IMAGINACI\u00d3N ES INFINITA, hemos agregado la presente pesta\u00f1a de COLABORA CON NOSOTROS, para que a trav\u00e9s &#8230; <a title=\"Colabora con nosotros\" class=\"read-more\" href=\"https:\/\/www.mysexualfantasy.eu\/en\/colabora-con-nosotros\/\" aria-label=\"Read more about Colabora con nosotros\">Read more<\/a><\/p>","protected":false},"author":1,"featured_media":0,"parent":0,"menu_order":0,"comment_status":"closed","ping_status":"closed","template":"elementor_header_footer","meta":{"_monsterinsights_skip_tracking":false,"_monsterinsights_sitenote_active":false,"_monsterinsights_sitenote_note":"","_monsterinsights_sitenote_category":0,"_joinchat":[],"footnotes":""},"class_list":["post-1435","page","type-page","status-publish"],"aioseo_notices":[],"_links":{"self":[{"href":"https:\/\/www.mysexualfantasy.eu\/en\/wp-json\/wp\/v2\/pages\/1435","targetHints":{"allow":["GET"]}}],"collection":[{"href":"https:\/\/www.mysexualfantasy.eu\/en\/wp-json\/wp\/v2\/pages"}],"about":[{"href":"https:\/\/www.mysexualfantasy.eu\/en\/wp-json\/wp\/v2\/types\/page"}],"author":[{"embeddable":true,"href":"https:\/\/www.mysexualfantasy.eu\/en\/wp-json\/wp\/v2\/users\/1"}],"replies":[{"embeddable":true,"href":"https:\/\/www.mysexualfantasy.eu\/en\/wp-json\/wp\/v2\/comments?post=1435"}],"version-history":[{"count":28,"href":"https:\/\/www.mysexualfantasy.eu\/en\/wp-json\/wp\/v2\/pages\/1435\/revisions"}],"predecessor-version":[{"id":80377,"href":"https:\/\/www.mysexualfantasy.eu\/en\/wp-json\/wp\/v2\/pages\/1435\/revisions\/80377"}],"wp:attachment":[{"href":"https:\/\/www.mysexualfantasy.eu\/en\/wp-json\/wp\/v2\/media?parent=1435"}],"curies":[{"name":"wp","href":"https:\/\/api.w.org\/{rel}","templated":true}]}}