{"id":32,"date":"2021-07-06T09:52:59","date_gmt":"2021-07-06T09:52:59","guid":{"rendered":"https:\/\/www.mysexualfantasy.eu\/?page_id=32"},"modified":"2023-04-29T11:38:57","modified_gmt":"2023-04-29T11:38:57","slug":"historia","status":"publish","type":"page","link":"https:\/\/www.mysexualfantasy.eu\/en\/historia\/","title":{"rendered":"History"},"content":{"rendered":"<div data-elementor-type=\"wp-page\" data-elementor-id=\"32\" class=\"elementor elementor-32\">\n\t\t\t\t\t\t<section class=\"elementor-section elementor-top-section elementor-element elementor-element-344b4f3b elementor-section-full_width elementor-section-content-middle elementor-section-stretched elementor-section-height-default elementor-section-height-default\" data-id=\"344b4f3b\" data-element_type=\"section\" data-settings=\"{&quot;stretch_section&quot;:&quot;section-stretched&quot;}\">\n\t\t\t\t\t\t<div class=\"elementor-container elementor-column-gap-no\">\n\t\t\t\t\t<div class=\"elementor-column elementor-col-50 elementor-top-column elementor-element elementor-element-4b7d4bd2\" data-id=\"4b7d4bd2\" data-element_type=\"column\" data-settings=\"{&quot;background_background&quot;:&quot;classic&quot;}\">\n\t\t\t<div class=\"elementor-widget-wrap elementor-element-populated\">\n\t\t\t\t\t<div class=\"elementor-background-overlay\"><\/div>\n\t\t\t\t\t\t<div class=\"elementor-element elementor-element-680fc4ad elementor-widget elementor-widget-heading\" data-id=\"680fc4ad\" data-element_type=\"widget\" data-widget_type=\"heading.default\">\n\t\t\t\t<div class=\"elementor-widget-container\">\n\t\t\t\t\t<h4 class=\"elementor-heading-title elementor-size-default\">\u00bfQui\u00e9nes somos y por qu\u00e9 elegirnos?<\/h4>\t\t\t\t<\/div>\n\t\t\t\t<\/div>\n\t\t\t\t\t<\/div>\n\t\t<\/div>\n\t\t\t\t<div class=\"elementor-column elementor-col-50 elementor-top-column elementor-element elementor-element-8d6367\" data-id=\"8d6367\" data-element_type=\"column\">\n\t\t\t<div class=\"elementor-widget-wrap elementor-element-populated\">\n\t\t\t\t\t\t<div class=\"elementor-element elementor-element-27c073f6 elementor-widget elementor-widget-text-editor\" data-id=\"27c073f6\" data-element_type=\"widget\" data-widget_type=\"text-editor.default\">\n\t\t\t\t<div class=\"elementor-widget-container\">\n\t\t\t\t\t\t\t\t\t<p>My Sexual Fantasy was born to unleash the power of imagination and unleash your deepest sexual erotic desires, so that through us you can represent them and live them with the maximum excitement and pleasure that you have ever imagined, staging and recreating situations of diverse content, at your request or at our proposal, (romantic, sensual or explicitly sexual erotic).<\/p><p style=\"color: #030e3a;\"><strong><br \/>WISH IN YOUR PAST, LIVE IN YOUR PRESENT AND REMEMBER IN YOUR FUTURE, don't live thinking that it could have been...<br \/><\/strong><\/p><p><a style=\"color: #030e3a;\"><strong>If you ask yourself<br \/>Why and what are sexual fantasies for? From My Sexual Fantasy we will tell you what <\/strong><\/a> It is a way of expressing the most intimate sexual desires of each of <a style=\"color: #030e3a;\"><strong> us,<\/strong><\/a> helping to increase sexual arousal and desire, both individually, as a couple or in a group, allowing you to escape from real life and routine, breaking the monotony, knowing yourself and your limits in your most intimate sphere, being able to experience sexual erotic satisfactions that you have never put into practice until the moment you have met My Sexual Fantasy.<br \/><br \/><br \/><\/p><p style=\"color: #030e3a;\"><strong>CONSENT YOURSELF, ALLOW YOURSELF TO TRANSFORM THE REAL WORLD INTO WHAT YOU WANT AND WISH THE MOST.<\/strong><\/p><p>En ocasiones, nuestras fantas\u00edas er\u00f3tico sexuales las podemos compartir con nuestra pareja, resultando enriquecedoras para la relaci\u00f3n, mientras que en otras situaciones y coyunturas toman forma de juego entre nuestra pareja, nosotr@s mism@s y terceras personas, permiti\u00e9ndonos renovar\u00a0 y favorecer nuestra relaci\u00f3n y rutina sexual.<\/p><p style=\"color: #030e3a;\"><strong><br \/>Being clear that sexual erotic fantasies arise in our lives on a regular basis and occur spontaneously within our imagination, My Sexual Fantasy wants to recreate those in which you want to be the protagonist or the spectator, there being no correct fantasies or incorrect, better or worse, our fantasies are simply the result of the expression and exteriorization of our most intimate and instinctive desires and emotions that we feel inside.<\/strong><\/p><p><strong>\u00a0<\/strong><\/p>\t\t\t\t\t\t\t\t<\/div>\n\t\t\t\t<\/div>\n\t\t\t\t\t<\/div>\n\t\t<\/div>\n\t\t\t\t\t<\/div>\n\t\t<\/section>\n\t\t\t\t<\/div>","protected":false},"excerpt":{"rendered":"<p>\u00bfQui\u00e9nes somos y por qu\u00e9 elegirnos? My Sexual Fantasy nace para dar rienda suelta al poder de la imaginaci\u00f3n y desatar tus m\u00e1s profundos deseos er\u00f3tico sexuales, para que a trav\u00e9s de nosotr@s puedas representarlos y vivirlos con la m\u00e1xima excitaci\u00f3n y placer que jam\u00e1s hayas imaginado, escenificando y recreando situaciones de contenido diverso, a &#8230; <a title=\"History\" class=\"read-more\" href=\"https:\/\/www.mysexualfantasy.eu\/en\/historia\/\" aria-label=\"Read more about Historia\">Read more<\/a><\/p>","protected":false},"author":1,"featured_media":0,"parent":0,"menu_order":0,"comment_status":"closed","ping_status":"closed","template":"elementor_header_footer","meta":{"_monsterinsights_skip_tracking":false,"_monsterinsights_sitenote_active":false,"_monsterinsights_sitenote_note":"","_monsterinsights_sitenote_category":0,"_joinchat":[],"footnotes":""},"class_list":["post-32","page","type-page","status-publish"],"aioseo_notices":[],"_links":{"self":[{"href":"https:\/\/www.mysexualfantasy.eu\/en\/wp-json\/wp\/v2\/pages\/32","targetHints":{"allow":["GET"]}}],"collection":[{"href":"https:\/\/www.mysexualfantasy.eu\/en\/wp-json\/wp\/v2\/pages"}],"about":[{"href":"https:\/\/www.mysexualfantasy.eu\/en\/wp-json\/wp\/v2\/types\/page"}],"author":[{"embeddable":true,"href":"https:\/\/www.mysexualfantasy.eu\/en\/wp-json\/wp\/v2\/users\/1"}],"replies":[{"embeddable":true,"href":"https:\/\/www.mysexualfantasy.eu\/en\/wp-json\/wp\/v2\/comments?post=32"}],"version-history":[{"count":55,"href":"https:\/\/www.mysexualfantasy.eu\/en\/wp-json\/wp\/v2\/pages\/32\/revisions"}],"predecessor-version":[{"id":79540,"href":"https:\/\/www.mysexualfantasy.eu\/en\/wp-json\/wp\/v2\/pages\/32\/revisions\/79540"}],"wp:attachment":[{"href":"https:\/\/www.mysexualfantasy.eu\/en\/wp-json\/wp\/v2\/media?parent=32"}],"curies":[{"name":"wp","href":"https:\/\/api.w.org\/{rel}","templated":true}]}}