{"id":10102,"date":"2023-01-13T12:18:58","date_gmt":"2023-01-13T12:18:58","guid":{"rendered":"https:\/\/www.mysexualfantasy.eu\/?post_type=product&#038;p=10102"},"modified":"2023-12-06T14:50:30","modified_gmt":"2023-12-06T14:50:30","slug":"fetish-fantasy-edicion-limitada-tanga-vibrador-remoto-plus","status":"publish","type":"product","link":"https:\/\/www.mysexualfantasy.eu\/en\/product\/fetish-fantasy-edicion-limitada-tanga-vibrador-remoto-plus\/","title":{"rendered":"FETISH FANTASY LIMITED EDITION &#8211; TANGA VIBRADOR REMOTO PLUS"},"content":{"rendered":"<p style=\"text-align: center;\"><embed allowfullscreen=\"true\" allowscriptaccess=\"always\" flashvars=\"controlbar=bottomnetstreambasepath=http%3A%2F%2Fwww.pipedreamproducts.com%2Ffile=http%3A%2F%2Fwww.pipedreamproducts.com%2Fpdtv_videos\/FF_LE_2014_Brand.m4vautostart=true\" height=\"204\" src=\"http:\/\/www.pipedreamproducts.com\/jwplayer\/player.swf\" width=\"700\"><\/embed><\/p>\n<p>Puedes guardar un secreto? Guardado discretamente dentro de este sexy tanga de encaje de cintura baja se esconde una mini bala vibradora dise\u00f1ada para hacer temblar tus piernas.<\/p>\n<p>La suave y el\u00e1stica cinturilla es tan c\u00f3moda que olvidar\u00e1s que llevas ropa interior, hasta que acciones el micro estimulador&#8230; Con solo pulsar el bot\u00f3n del control remoto, el motor ultra silencioso se acciona proveendote una estimulaci\u00f3n directa all\u00e1 donde tu quieras.<\/p>\n<ul>\n<li>Lo mejor de todo, es que nadie sabr\u00e1 porqu\u00e9 sonr\u00edes tanto&#8230;\u00a0<\/li>\n<\/ul>\n<p><span style=\"font-size: 13px; line-height: 1.6;\">La bala funciona con tres pilas LR44 incluidas y el mando con 2 pilas AAA.\u00a0<\/span><\/p>\n<p style=\"font-size: 12.8000001907349px; line-height: 16.6399993896484px;\">Edici\u00f3n Especial Limitada 50 Sombras, colecci\u00f3n de juguetes del famoso libro del que todo el mundo habla y que se lanzar\u00e1 la pelicula en febrero de 2015 en todos los Cines<\/p>","protected":false},"excerpt":{"rendered":"<p>FETISH FANTASY LIMITED EDITION &#8211; REMOTE CONTROL VIBRATING PANTIES PLUS<\/p>","protected":false},"featured_media":48978,"comment_status":"open","ping_status":"closed","template":"","meta":{"_monsterinsights_skip_tracking":false,"_monsterinsights_sitenote_active":false,"_monsterinsights_sitenote_note":"","_monsterinsights_sitenote_category":0,"_joinchat":[]},"product_brand":[],"product_cat":[1156,1152,1155,1165,1166,1163,1153,1154],"product_tag":[],"class_list":{"0":"post-10102","1":"product","2":"type-product","3":"status-publish","4":"has-post-thumbnail","6":"product_cat-juguetes-bienestar-juguetes-para-mujeresestimuladores","7":"product_cat-juguetes-bienestar","8":"product_cat-juguetes-bienestar-juguetes-para-mujeres","9":"product_cat-juguetes-bienestar-juguetes-para-mujeresmasturbadores-para-ellas","10":"product_cat-moda-lenceria","11":"product_cat-juguetes-bienestar-juguetes-para-mujeresestimuladorespara-clitoris","12":"product_cat-juguetes-bienestar-vibradores","13":"product_cat-juguetes-bienestar-vibradoresvibradores-control-remoto","14":"yith_product_brand-pipedreamsfetish-fantasy-ed-limitada","15":"yith_product_brand-pipedreams","17":"first","18":"instock","19":"taxable","20":"shipping-taxable","21":"purchasable","22":"product-type-simple"},"aioseo_notices":[],"_links":{"self":[{"href":"https:\/\/www.mysexualfantasy.eu\/en\/wp-json\/wp\/v2\/product\/10102","targetHints":{"allow":["GET"]}}],"collection":[{"href":"https:\/\/www.mysexualfantasy.eu\/en\/wp-json\/wp\/v2\/product"}],"about":[{"href":"https:\/\/www.mysexualfantasy.eu\/en\/wp-json\/wp\/v2\/types\/product"}],"replies":[{"embeddable":true,"href":"https:\/\/www.mysexualfantasy.eu\/en\/wp-json\/wp\/v2\/comments?post=10102"}],"wp:featuredmedia":[{"embeddable":true,"href":"https:\/\/www.mysexualfantasy.eu\/en\/wp-json\/wp\/v2\/media\/48978"}],"wp:attachment":[{"href":"https:\/\/www.mysexualfantasy.eu\/en\/wp-json\/wp\/v2\/media?parent=10102"}],"wp:term":[{"taxonomy":"product_brand","embeddable":true,"href":"https:\/\/www.mysexualfantasy.eu\/en\/wp-json\/wp\/v2\/product_brand?post=10102"},{"taxonomy":"product_cat","embeddable":true,"href":"https:\/\/www.mysexualfantasy.eu\/en\/wp-json\/wp\/v2\/product_cat?post=10102"},{"taxonomy":"product_tag","embeddable":true,"href":"https:\/\/www.mysexualfantasy.eu\/en\/wp-json\/wp\/v2\/product_tag?post=10102"}],"curies":[{"name":"wp","href":"https:\/\/api.w.org\/{rel}","templated":true}]}}