{"id":10105,"date":"2023-01-13T13:24:12","date_gmt":"2023-01-13T13:24:12","guid":{"rendered":"https:\/\/www.mysexualfantasy.eu\/?post_type=product&#038;p=10105"},"modified":"2023-12-06T16:24:58","modified_gmt":"2023-12-06T16:24:58","slug":"edicion-limitada-kit-amantes-de-la-fantasia","status":"publish","type":"product","link":"https:\/\/www.mysexualfantasy.eu\/en\/product\/edicion-limitada-kit-amantes-de-la-fantasia\/","title":{"rendered":"FETISH FANTASY LIMITED EDITION &#8211; KIT AMANTES DE LA FANTASIA"},"content":{"rendered":"<p style=\"text-align: center;\"><embed allowfullscreen=\"true\" allowscriptaccess=\"always\" flashvars=\"controlbar=bottomnetstreambasepath=http%3A%2F%2Fwww.pipedreamproducts.com%2Ffile=http%3A%2F%2Fwww.pipedreamproducts.com%2Fpdtv_videos\/FF_LE_2014_Brand.m4vautostart=true\" height=\"204\" src=\"http:\/\/www.pipedreamproducts.com\/jwplayer\/player.swf\" width=\"700\"><\/embed><\/p>\n<p>\u00a0<\/p>\n<p>Es un fabuloso \u00a0kit para bondage de la colecci\u00f3n FETISH FANTASY LIMITED EDITION. Explore cada lado oscuro de su pareja con este kit de fantas\u00eda.<\/p>\n<p>El Kit incluye;<\/p>\n<ul>\n<li>L\u00e1tigo de cuero<\/li>\n<li>Esposas met\u00e1licas con llaves<\/li>\n<li>M\u00e1scara del amor satinada.<\/li>\n<\/ul>\n<p>100% Ajustable.<\/p>\n<p style=\"font-size: 12.8000001907349px; line-height: 16.6399993896484px;\">Edici\u00f3n Especial Limitada 50 Sombras, colecci\u00f3n de juguetes del famoso libro del que todo el mundo habla y que se lanzar\u00e1 la pelicula en febrero de 2015 en todos los Cines<\/p>\n<p style=\"font-size: 12.8000001907349px; line-height: 16.6399993896484px;\">","protected":false},"excerpt":{"rendered":"<p>FETISH FANTASY LIMITED EDITION &#8211; LOVERS FANTASY KIT<\/p>","protected":false},"featured_media":58822,"comment_status":"open","ping_status":"closed","template":"","meta":{"_monsterinsights_skip_tracking":false,"_monsterinsights_sitenote_active":false,"_monsterinsights_sitenote_note":"","_monsterinsights_sitenote_category":0,"_joinchat":[]},"product_brand":[],"product_cat":[1176,1175,1178,1152,1185,1179],"product_tag":[],"class_list":{"0":"post-10105","1":"product","2":"type-product","3":"status-publish","4":"has-post-thumbnail","6":"product_cat-bdsm-bondage-articulos-bdsm","7":"product_cat-bdsm-bondage","8":"product_cat-bdsm-bondage-bondage","9":"product_cat-juguetes-bienestar","10":"product_cat-juguetes-bienestar-kits-juguetes-sexuales","11":"product_cat-bdsm-bondage-bondagesets-bondage","12":"yith_product_brand-pipedreamsfetish-fantasy-ed-limitada","13":"yith_product_brand-pipedreams","15":"first","16":"instock","17":"taxable","18":"shipping-taxable","19":"purchasable","20":"product-type-simple"},"aioseo_notices":[],"_links":{"self":[{"href":"https:\/\/www.mysexualfantasy.eu\/en\/wp-json\/wp\/v2\/product\/10105","targetHints":{"allow":["GET"]}}],"collection":[{"href":"https:\/\/www.mysexualfantasy.eu\/en\/wp-json\/wp\/v2\/product"}],"about":[{"href":"https:\/\/www.mysexualfantasy.eu\/en\/wp-json\/wp\/v2\/types\/product"}],"replies":[{"embeddable":true,"href":"https:\/\/www.mysexualfantasy.eu\/en\/wp-json\/wp\/v2\/comments?post=10105"}],"wp:featuredmedia":[{"embeddable":true,"href":"https:\/\/www.mysexualfantasy.eu\/en\/wp-json\/wp\/v2\/media\/58822"}],"wp:attachment":[{"href":"https:\/\/www.mysexualfantasy.eu\/en\/wp-json\/wp\/v2\/media?parent=10105"}],"wp:term":[{"taxonomy":"product_brand","embeddable":true,"href":"https:\/\/www.mysexualfantasy.eu\/en\/wp-json\/wp\/v2\/product_brand?post=10105"},{"taxonomy":"product_cat","embeddable":true,"href":"https:\/\/www.mysexualfantasy.eu\/en\/wp-json\/wp\/v2\/product_cat?post=10105"},{"taxonomy":"product_tag","embeddable":true,"href":"https:\/\/www.mysexualfantasy.eu\/en\/wp-json\/wp\/v2\/product_tag?post=10105"}],"curies":[{"name":"wp","href":"https:\/\/api.w.org\/{rel}","templated":true}]}}