{"id":10411,"date":"2023-01-13T14:50:33","date_gmt":"2023-01-13T14:50:33","guid":{"rendered":"https:\/\/www.mysexualfantasy.eu\/?post_type=product&#038;p=10411"},"modified":"2023-12-06T15:21:15","modified_gmt":"2023-12-06T15:21:15","slug":"52-trucos-sexuales-absolutamente-orgasmicos-es-en-fr-de","status":"publish","type":"product","link":"https:\/\/www.mysexualfantasy.eu\/en\/product\/52-trucos-sexuales-absolutamente-orgasmicos-es-en-fr-de\/","title":{"rendered":"52 TRUCOS SEXUALES ABSOLUTAMENTE ORG\u00c1SMICOS ES\/EN\/FR\/DE"},"content":{"rendered":"<p>Escoge una carta cada semana para compartir el truco sexual con tu amante.<\/p>\n<p>Id alternando las t\u00e9cnicas para el y para ella. Empezad por disfrutar de unos juegos preliminares y alguna que otra t\u00e9nica sensual e id progresando a lo largo del a\u00f1o hacia t\u00e9cnicas amatorias m\u00e1s creativas y complejas.<\/p>\n<p>!El resultado ser\u00e1 absolutamente org\u00e1smico!\u00a0<\/p>\n<p>Incluye;<\/p>\n<ul>\n<li>26 tarjeta reutilizables con trucos sexuales para \u00e9l.<\/li>\n<li>26 Tarjetas reutilizables con trucos sexuales para ella.<\/li>\n<\/ul>\n<p><img decoding=\"async\" alt=\"\" src=\"https:\/\/interno.dreamlove.es\/UserFiles\/images\/sapnish.png\" style=\"font-size: 12.7272720336914px; line-height: 18.9090900421143px; width: 57px; height: 21px;\" \/><\/p>","protected":false},"excerpt":{"rendered":"<p>52 ABSOLUTELY ORGASMIC SEX TIP CARDS ES\/EN\/FR\/DE<\/p>","protected":false},"featured_media":71830,"comment_status":"open","ping_status":"closed","template":"","meta":{"_monsterinsights_skip_tracking":false,"_monsterinsights_sitenote_active":false,"_monsterinsights_sitenote_note":"","_monsterinsights_sitenote_category":0,"_joinchat":[]},"product_brand":[],"product_cat":[616,1232,1233,1272,1267,1271,1236],"product_tag":[],"class_list":{"0":"post-10411","1":"product","2":"type-product","3":"status-publish","4":"has-post-thumbnail","6":"product_cat-juegos","7":"product_cat-juegos-juegos-de-pareja","8":"product_cat-juegos-juegos-de-sociedad","9":"product_cat-juegos-juegos-en-aleman","10":"product_cat-juegos-juegos-en-espanol","11":"product_cat-juegos-juegos-en-frances","12":"product_cat-juegos-juegos-en-ingles","13":"yith_product_brand-kheper-games","15":"first","16":"instock","17":"taxable","18":"shipping-taxable","19":"purchasable","20":"product-type-simple"},"aioseo_notices":[],"_links":{"self":[{"href":"https:\/\/www.mysexualfantasy.eu\/en\/wp-json\/wp\/v2\/product\/10411","targetHints":{"allow":["GET"]}}],"collection":[{"href":"https:\/\/www.mysexualfantasy.eu\/en\/wp-json\/wp\/v2\/product"}],"about":[{"href":"https:\/\/www.mysexualfantasy.eu\/en\/wp-json\/wp\/v2\/types\/product"}],"replies":[{"embeddable":true,"href":"https:\/\/www.mysexualfantasy.eu\/en\/wp-json\/wp\/v2\/comments?post=10411"}],"wp:featuredmedia":[{"embeddable":true,"href":"https:\/\/www.mysexualfantasy.eu\/en\/wp-json\/wp\/v2\/media\/71830"}],"wp:attachment":[{"href":"https:\/\/www.mysexualfantasy.eu\/en\/wp-json\/wp\/v2\/media?parent=10411"}],"wp:term":[{"taxonomy":"product_brand","embeddable":true,"href":"https:\/\/www.mysexualfantasy.eu\/en\/wp-json\/wp\/v2\/product_brand?post=10411"},{"taxonomy":"product_cat","embeddable":true,"href":"https:\/\/www.mysexualfantasy.eu\/en\/wp-json\/wp\/v2\/product_cat?post=10411"},{"taxonomy":"product_tag","embeddable":true,"href":"https:\/\/www.mysexualfantasy.eu\/en\/wp-json\/wp\/v2\/product_tag?post=10411"}],"curies":[{"name":"wp","href":"https:\/\/api.w.org\/{rel}","templated":true}]}}