{"id":10453,"date":"2023-01-13T13:22:53","date_gmt":"2023-01-13T13:22:53","guid":{"rendered":"https:\/\/www.mysexualfantasy.eu\/?post_type=product&#038;p=10453"},"modified":"2023-12-06T16:23:33","modified_gmt":"2023-12-06T16:23:33","slug":"fetish-fantasy-edicion-limitada-riendas-del-amor","status":"publish","type":"product","link":"https:\/\/www.mysexualfantasy.eu\/en\/product\/fetish-fantasy-edicion-limitada-riendas-del-amor\/","title":{"rendered":"FETISH FANTASY LIMITED EDITION &#8211; RIENDAS DEL AMOR"},"content":{"rendered":"<p>Transforme su cama en una zona de pasi\u00f3n, con estas correas que se ajustan a su colch\u00f3n, abr\u00e9n un mundo de posibilidades a su alcance.<\/p>\n<p>Experimenta la emoci\u00f3n de la esclavitud! Las correas de nylon conectan a 4 pu\u00f1os forrados de raso, que se ajustan f\u00e1cilmente para sujetar al sumiso.<\/p>\n<p>Descubre nuevas experiencias fetichistas!!<\/p>\n<ul>\n<li>Correas para debajo del colch\u00f3n.<\/li>\n<li>M\u00faltiples posiciones de sujeci\u00f3n.<\/li>\n<li>No es preciso el cabezal para uso de las correas.<\/li>\n<\/ul>\n<p>Sistema de seguridad incluye:<\/p>\n<ul style=\"font-size: 12.7272720336914px; line-height: 18.9090900421143px;\">\n<li>4 Correas ajustables\u00a0<\/li>\n<li>2 Pu\u00f1os de textura aterciopelada<\/li>\n<li>2 Pu\u00f1os de<span style=\"font-size: 12.7273px;\">\u00a0textura aterciopelada<\/span>\u00a0para las piernas<\/li>\n<li>Correa ajustable cama<\/li>\n<\/ul>\n<p style=\"font-size: 12.7272720336914px; line-height: 18.9090900421143px;\">Atrevete a sentir nuevas experiencias!!<\/p>\n<p style=\"font-size: 12.8000001907349px; line-height: 16.6399993896484px;\">Edici\u00f3n Especial Limitada 50 Sombras, colecci\u00f3n de juguetes del famoso libro del que tod<span style=\"font-size: 12.8000001907349px; line-height: 16.6399993896484px;\">o el mundo habla y que se lanzar\u00e1 la pelicula en febrero de 2015 en todos los Cines<\/span><\/p>\n<p style=\"font-size: 12.8000001907349px; line-height: 16.6399993896484px;\">\u00a0<\/p>\n<p style=\"text-align: center;\"><iframe allowfullscreen=\"\" frameborder=\"0\" height=\"400\" mozallowfullscreen=\"\" src=\"https:\/\/player.vimeo.com\/video\/136974111\" webkitallowfullscreen=\"\" width=\"700\"><\/iframe><\/p>","protected":false},"excerpt":{"rendered":"<p>FETISH FANTASY LIMITED EDITION &#8211; WRAPAROUND MATTRESS RESTRAINTS<\/p>","protected":false},"featured_media":58643,"comment_status":"open","ping_status":"closed","template":"","meta":{"_monsterinsights_skip_tracking":false,"_monsterinsights_sitenote_active":false,"_monsterinsights_sitenote_note":"","_monsterinsights_sitenote_category":0,"_joinchat":[]},"product_brand":[],"product_cat":[1175,1178,1181,1397,1152,1247],"product_tag":[],"class_list":{"0":"post-10453","1":"product","2":"type-product","3":"status-publish","4":"has-post-thumbnail","6":"product_cat-bdsm-bondage","7":"product_cat-bdsm-bondage-bondage","8":"product_cat-juguetes-bienestar-columpios-muebles","9":"product_cat-bdsm-bondage-bondageesposas-de-fijacion","10":"product_cat-juguetes-bienestar","11":"product_cat-juguetes-bienestar-mascaras-y-esposas","12":"yith_product_brand-pipedreamsfetish-fantasy-ed-limitada","13":"yith_product_brand-pipedreams","15":"first","16":"instock","17":"taxable","18":"shipping-taxable","19":"purchasable","20":"product-type-simple"},"aioseo_notices":[],"_links":{"self":[{"href":"https:\/\/www.mysexualfantasy.eu\/en\/wp-json\/wp\/v2\/product\/10453","targetHints":{"allow":["GET"]}}],"collection":[{"href":"https:\/\/www.mysexualfantasy.eu\/en\/wp-json\/wp\/v2\/product"}],"about":[{"href":"https:\/\/www.mysexualfantasy.eu\/en\/wp-json\/wp\/v2\/types\/product"}],"replies":[{"embeddable":true,"href":"https:\/\/www.mysexualfantasy.eu\/en\/wp-json\/wp\/v2\/comments?post=10453"}],"wp:featuredmedia":[{"embeddable":true,"href":"https:\/\/www.mysexualfantasy.eu\/en\/wp-json\/wp\/v2\/media\/58643"}],"wp:attachment":[{"href":"https:\/\/www.mysexualfantasy.eu\/en\/wp-json\/wp\/v2\/media?parent=10453"}],"wp:term":[{"taxonomy":"product_brand","embeddable":true,"href":"https:\/\/www.mysexualfantasy.eu\/en\/wp-json\/wp\/v2\/product_brand?post=10453"},{"taxonomy":"product_cat","embeddable":true,"href":"https:\/\/www.mysexualfantasy.eu\/en\/wp-json\/wp\/v2\/product_cat?post=10453"},{"taxonomy":"product_tag","embeddable":true,"href":"https:\/\/www.mysexualfantasy.eu\/en\/wp-json\/wp\/v2\/product_tag?post=10453"}],"curies":[{"name":"wp","href":"https:\/\/api.w.org\/{rel}","templated":true}]}}