{"id":10459,"date":"2023-01-13T12:08:34","date_gmt":"2023-01-13T12:08:34","guid":{"rendered":"https:\/\/www.mysexualfantasy.eu\/?post_type=product&#038;p=10459"},"modified":"2023-12-06T16:14:35","modified_gmt":"2023-12-06T16:14:35","slug":"fetish-fantasy-edicion-limitada-succionador-de-silicona-para-pezones-vibrador","status":"publish","type":"product","link":"https:\/\/www.mysexualfantasy.eu\/en\/product\/fetish-fantasy-edicion-limitada-succionador-de-silicona-para-pezones-vibrador\/","title":{"rendered":"FETISH FANTASY LIMITED EDITION &#8211; SUCCIONADOR DE SILICONA PARA PEZONES VIBRADOR"},"content":{"rendered":"<p>Disfrute incre\u00edble estimulaci\u00f3n con el estimulador para pezones.<\/p>\n<p>Estas maravillosas pinzas de silicona son elegantes y se activan con un solo interruptor para proporcionar vibraciones de gran alcance justo donde lo deseas.<\/p>\n<p>El motor silencioso hace cosquilla, mientras que la silicona s\u00faper suave se siente muy bien contra la piel.<\/p>\n<p>Simplemente coloque su pez\u00f3n dentro del bucle, a continuaci\u00f3n, tirar de la cincha hacia abajo para ajustar la tensi\u00f3n.<\/p>\n<p>Retire la bala de la manga para reemplazar las bater\u00edas LR41 incluidas\u00a0<\/p>\n<ul>\n<li>Incluye 2 motores silenciosos de gran alcance .<\/li>\n<\/ul>\n<p style=\"font-size: 12.7272720336914px; line-height: 18.9090900421143px;\">Edici\u00f3n Especial Limitada 50 Sombras, colecci\u00f3n de juguetes del famoso libro del que todo el mundo habla y que se lanzar\u00e1 la pelicula en febrero de 2015 en todos los Cines<\/p>\n<p style=\"font-size: 12.7272720336914px; line-height: 18.9090900421143px;\">Baterias LR41 no incluidas.<\/p>\n<p style=\"font-size: 12.7272720336914px; line-height: 18.9090900421143px;\"><span style=\"font-size: 12.7272720336914px; line-height: 18.9090900421143px;\">Atrevete a descubrir nuevas experiencias!!<\/span><\/p>\n<p style=\"font-size: 12.7272720336914px; line-height: 18.9090900421143px;\">\u00a0<\/p>\n<p style=\"text-align: center;\"><iframe allowfullscreen=\"\" frameborder=\"0\" height=\"400\" mozallowfullscreen=\"\" src=\"https:\/\/player.vimeo.com\/video\/118308505\" webkitallowfullscreen=\"\" width=\"700\"><\/iframe><\/p>","protected":false},"excerpt":{"rendered":"<p>FETISH FANTASY LIMITED EDITION &#8211; VIBRATING SILICONE NIPPLE LASSONS<\/p>","protected":false},"featured_media":46390,"comment_status":"open","ping_status":"closed","template":"","meta":{"_monsterinsights_skip_tracking":false,"_monsterinsights_sitenote_active":false,"_monsterinsights_sitenote_note":"","_monsterinsights_sitenote_category":0,"_joinchat":[]},"product_brand":[],"product_cat":[1156,1152,1155,1165,1314],"product_tag":[],"class_list":{"0":"post-10459","1":"product","2":"type-product","3":"status-publish","4":"has-post-thumbnail","6":"product_cat-juguetes-bienestar-juguetes-para-mujeresestimuladores","7":"product_cat-juguetes-bienestar","8":"product_cat-juguetes-bienestar-juguetes-para-mujeres","9":"product_cat-juguetes-bienestar-juguetes-para-mujeresmasturbadores-para-ellas","10":"product_cat-juguetes-bienestar-juguetes-para-mujeressuccionadores","11":"yith_product_brand-pipedreamsfetish-fantasy-ed-limitada","12":"yith_product_brand-pipedreams","14":"first","15":"instock","16":"taxable","17":"shipping-taxable","18":"purchasable","19":"product-type-simple"},"aioseo_notices":[],"_links":{"self":[{"href":"https:\/\/www.mysexualfantasy.eu\/en\/wp-json\/wp\/v2\/product\/10459","targetHints":{"allow":["GET"]}}],"collection":[{"href":"https:\/\/www.mysexualfantasy.eu\/en\/wp-json\/wp\/v2\/product"}],"about":[{"href":"https:\/\/www.mysexualfantasy.eu\/en\/wp-json\/wp\/v2\/types\/product"}],"replies":[{"embeddable":true,"href":"https:\/\/www.mysexualfantasy.eu\/en\/wp-json\/wp\/v2\/comments?post=10459"}],"wp:featuredmedia":[{"embeddable":true,"href":"https:\/\/www.mysexualfantasy.eu\/en\/wp-json\/wp\/v2\/media\/46390"}],"wp:attachment":[{"href":"https:\/\/www.mysexualfantasy.eu\/en\/wp-json\/wp\/v2\/media?parent=10459"}],"wp:term":[{"taxonomy":"product_brand","embeddable":true,"href":"https:\/\/www.mysexualfantasy.eu\/en\/wp-json\/wp\/v2\/product_brand?post=10459"},{"taxonomy":"product_cat","embeddable":true,"href":"https:\/\/www.mysexualfantasy.eu\/en\/wp-json\/wp\/v2\/product_cat?post=10459"},{"taxonomy":"product_tag","embeddable":true,"href":"https:\/\/www.mysexualfantasy.eu\/en\/wp-json\/wp\/v2\/product_tag?post=10459"}],"curies":[{"name":"wp","href":"https:\/\/api.w.org\/{rel}","templated":true}]}}