{"id":10460,"date":"2023-01-13T13:22:54","date_gmt":"2023-01-13T13:22:54","guid":{"rendered":"https:\/\/www.mysexualfantasy.eu\/?post_type=product&#038;p=10460"},"modified":"2023-12-06T16:26:12","modified_gmt":"2023-12-06T16:26:12","slug":"fetish-fantasy-edicion-limitada-succionador-de-silicona-para-pezones","status":"publish","type":"product","link":"https:\/\/www.mysexualfantasy.eu\/en\/product\/fetish-fantasy-edicion-limitada-succionador-de-silicona-para-pezones\/","title":{"rendered":"FETISH FANTASY LIMITED EDITION &#8211; SUCCIONADOR DE SILICONA PARA PEZONES"},"content":{"rendered":"<p>Disfrute incre\u00edble estimulaci\u00f3n con el estimulador para pezones. Estas maravillosas pinzas de silicona son elegantes y se activan con un solo interruptor para proporcionar vibraciones de gran alcance justo donde lo deseas.<\/p>\n<p>El motor silencioso hace cosquilla, mientras que la silicona s\u00faper suave se siente muy bien contra la piel. Simplemente coloque su pez\u00f3n dentro del bucle, a continuaci\u00f3n, tirar de la cincha hacia abajo para ajustar la tensi\u00f3n.<\/p>\n<ul>\n<li>Retire la bala de la manga para reemplazar las bater\u00edas LR41 incluidas\u00a0<\/li>\n<\/ul>\n<p>Incluye 2 motores silenciosos de gran alcance con bater\u00edas LR41.<\/p>\n<p style=\"font-size: 12.7272720336914px; line-height: 18.9090900421143px;\">Edici\u00f3n Especial Limitada 50 Sombras, colecci\u00f3n de juguetes del famoso libro del que todo el mundo habla y que se lanzar\u00e1 la pelicula en febrero de 2015 en todos los Cines<\/p>\n<p style=\"font-size: 12.7272720336914px; line-height: 18.9090900421143px;\"><span style=\"font-size: 12.7272720336914px; line-height: 18.9090900421143px;\">Atrevete a descubrir nuevas experiencias!!<\/span><\/p>\n<p style=\"text-align: center;\"><iframe allowfullscreen=\"\" frameborder=\"0\" height=\"400\" mozallowfullscreen=\"\" src=\"https:\/\/player.vimeo.com\/video\/188676325\" webkitallowfullscreen=\"\" width=\"700\"><\/iframe><\/p>","protected":false},"excerpt":{"rendered":"<p>FETISH FANTASY LIMITED EDITION &#8211; VIBRATING SILICONE NIPPLE TEAZERS<\/p>","protected":false},"featured_media":58648,"comment_status":"open","ping_status":"closed","template":"","meta":{"_monsterinsights_skip_tracking":false,"_monsterinsights_sitenote_active":false,"_monsterinsights_sitenote_note":"","_monsterinsights_sitenote_category":0,"_joinchat":[]},"product_brand":[],"product_cat":[1176,1175,1156,1152,1155,1165,1413,1153],"product_tag":[],"class_list":{"0":"post-10460","1":"product","2":"type-product","3":"status-publish","4":"has-post-thumbnail","6":"product_cat-bdsm-bondage-articulos-bdsm","7":"product_cat-bdsm-bondage","8":"product_cat-juguetes-bienestar-juguetes-para-mujeresestimuladores","9":"product_cat-juguetes-bienestar","10":"product_cat-juguetes-bienestar-juguetes-para-mujeres","11":"product_cat-juguetes-bienestar-juguetes-para-mujeresmasturbadores-para-ellas","12":"product_cat-bdsm-bondage-articulos-bdsmsuccionadores-torsion","13":"product_cat-juguetes-bienestar-vibradores","14":"yith_product_brand-pipedreamsfetish-fantasy-ed-limitada","15":"yith_product_brand-pipedreams","17":"first","18":"instock","19":"taxable","20":"shipping-taxable","21":"purchasable","22":"product-type-simple"},"aioseo_notices":[],"_links":{"self":[{"href":"https:\/\/www.mysexualfantasy.eu\/en\/wp-json\/wp\/v2\/product\/10460","targetHints":{"allow":["GET"]}}],"collection":[{"href":"https:\/\/www.mysexualfantasy.eu\/en\/wp-json\/wp\/v2\/product"}],"about":[{"href":"https:\/\/www.mysexualfantasy.eu\/en\/wp-json\/wp\/v2\/types\/product"}],"replies":[{"embeddable":true,"href":"https:\/\/www.mysexualfantasy.eu\/en\/wp-json\/wp\/v2\/comments?post=10460"}],"wp:featuredmedia":[{"embeddable":true,"href":"https:\/\/www.mysexualfantasy.eu\/en\/wp-json\/wp\/v2\/media\/58648"}],"wp:attachment":[{"href":"https:\/\/www.mysexualfantasy.eu\/en\/wp-json\/wp\/v2\/media?parent=10460"}],"wp:term":[{"taxonomy":"product_brand","embeddable":true,"href":"https:\/\/www.mysexualfantasy.eu\/en\/wp-json\/wp\/v2\/product_brand?post=10460"},{"taxonomy":"product_cat","embeddable":true,"href":"https:\/\/www.mysexualfantasy.eu\/en\/wp-json\/wp\/v2\/product_cat?post=10460"},{"taxonomy":"product_tag","embeddable":true,"href":"https:\/\/www.mysexualfantasy.eu\/en\/wp-json\/wp\/v2\/product_tag?post=10460"}],"curies":[{"name":"wp","href":"https:\/\/api.w.org\/{rel}","templated":true}]}}