{"id":10547,"date":"2023-01-13T11:38:44","date_gmt":"2023-01-13T11:38:44","guid":{"rendered":"https:\/\/www.mysexualfantasy.eu\/?post_type=product&#038;p=10547"},"modified":"2023-12-06T16:16:07","modified_gmt":"2023-12-06T16:16:07","slug":"icicles-number-18-masajeador-de-vidrio","status":"publish","type":"product","link":"https:\/\/www.mysexualfantasy.eu\/en\/product\/icicles-number-18-masajeador-de-vidrio\/","title":{"rendered":"ICICLES NUMBER 18 MASAJEADOR DE VIDRIO"},"content":{"rendered":"<p>Elegante y exclusivo, hecho a mano y con especial atenci\u00f3n a los peque\u00f1os detalles, esta lujosa l\u00ednea de masajeadores de vidrio soplado te dejar\u00e1 sin aliento. Sus lineas elegantes y \u00fanicas de vidrio soplado jugar\u00e1n duro contigo.<\/p>\n<p style=\"font-size: 12.7272720336914px; line-height: 18.9090900421143px;\">El vidrio es hipoalerg\u00e9nico y seguro para el cuerpo, y siempre que se use adecuadamente durar\u00e1 toda la vida. Recomendamos mojarlo con agua tibia o ponerlo en el microondas para una sensaci\u00f3n m\u00e1s c\u00e1lida<\/p>\n<p style=\"font-size: 12.7272720336914px; line-height: 18.9090900421143px;\">Tambi\u00e9n puedes enfriarlo con agua fr\u00eda o ponerlo en el congelador para una sensaci\u00f3n de frescor.\u00a0Ya que el vidrio no es poroso, su limpieza es muy f\u00e1cil.<\/p>\n<ul>\n<li style=\"font-size: 12.7272720336914px; line-height: 18.9090900421143px;\">Libre de phalatos.<\/li>\n<\/ul>\n<p><span style=\"font-size: 12.7272720336914px; line-height: 18.9090900421143px;\">Usa el limpiador Pipedream Toy Cleaner y agua tibia, o incluso puedes meterlo en el lavavajillas para mayor comodidad despu\u00e9s de la diversi\u00f3n.<\/span><\/p>\n<p>\u00a0<\/p>\n<p style=\"font-size: 12.7273px; line-height: 18.9091px;\">\u00a0<\/p>\n<p style=\"text-align: center;\"><iframe allowfullscreen=\"\" frameborder=\"0\" height=\"400\" mozallowfullscreen=\"\" scrolling=\"no\" src=\"https:\/\/player.vimeo.com\/video\/119994788\" webkitallowfullscreen=\"\" width=\"700\"><\/iframe><\/p>","protected":false},"excerpt":{"rendered":"<p>ICICLES NUMBER 18 HAND BLOWN GLASS MASSAGER<\/p>","protected":false},"featured_media":40233,"comment_status":"open","ping_status":"closed","template":"","meta":{"_monsterinsights_skip_tracking":false,"_monsterinsights_sitenote_active":false,"_monsterinsights_sitenote_note":"","_monsterinsights_sitenote_category":0,"_joinchat":[]},"product_brand":[],"product_cat":[1190,1182,1320,1152],"product_tag":[],"class_list":{"0":"post-10547","1":"product","2":"type-product","3":"status-publish","4":"has-post-thumbnail","6":"product_cat-juguetes-bienestar-cristal","7":"product_cat-juguetes-bienestar-dildos","8":"product_cat-juguetes-bienestar-fabricado-en-cristal","9":"product_cat-juguetes-bienestar","10":"yith_product_brand-pipedreamsicicles","11":"yith_product_brand-pipedreams","13":"first","14":"instock","15":"taxable","16":"shipping-taxable","17":"purchasable","18":"product-type-simple"},"aioseo_notices":[],"_links":{"self":[{"href":"https:\/\/www.mysexualfantasy.eu\/en\/wp-json\/wp\/v2\/product\/10547","targetHints":{"allow":["GET"]}}],"collection":[{"href":"https:\/\/www.mysexualfantasy.eu\/en\/wp-json\/wp\/v2\/product"}],"about":[{"href":"https:\/\/www.mysexualfantasy.eu\/en\/wp-json\/wp\/v2\/types\/product"}],"replies":[{"embeddable":true,"href":"https:\/\/www.mysexualfantasy.eu\/en\/wp-json\/wp\/v2\/comments?post=10547"}],"wp:featuredmedia":[{"embeddable":true,"href":"https:\/\/www.mysexualfantasy.eu\/en\/wp-json\/wp\/v2\/media\/40233"}],"wp:attachment":[{"href":"https:\/\/www.mysexualfantasy.eu\/en\/wp-json\/wp\/v2\/media?parent=10547"}],"wp:term":[{"taxonomy":"product_brand","embeddable":true,"href":"https:\/\/www.mysexualfantasy.eu\/en\/wp-json\/wp\/v2\/product_brand?post=10547"},{"taxonomy":"product_cat","embeddable":true,"href":"https:\/\/www.mysexualfantasy.eu\/en\/wp-json\/wp\/v2\/product_cat?post=10547"},{"taxonomy":"product_tag","embeddable":true,"href":"https:\/\/www.mysexualfantasy.eu\/en\/wp-json\/wp\/v2\/product_tag?post=10547"}],"curies":[{"name":"wp","href":"https:\/\/api.w.org\/{rel}","templated":true}]}}