{"id":10945,"date":"2023-01-13T14:50:35","date_gmt":"2023-01-13T14:50:35","guid":{"rendered":"https:\/\/www.mysexualfantasy.eu\/?post_type=product&#038;p=10945"},"modified":"2023-12-06T15:21:16","modified_gmt":"2023-12-06T15:21:16","slug":"cartas-50-posiciones-de-bondage-es-en-de-fr","status":"publish","type":"product","link":"https:\/\/www.mysexualfantasy.eu\/en\/product\/cartas-50-posiciones-de-bondage-es-en-de-fr\/","title":{"rendered":"CARTAS 50 POSICIONES DE BONDAGE ES\/EN\/DE\/FR"},"content":{"rendered":"<p>\u00a1Cartas de posturas\u00a0sexuales\u00a0juguetonamente pervertidas! Compite contra tu amante para construir una fantas\u00eda de cinco cartas que incluye cinco categor\u00edas de desaf\u00edos de posturas\u00a0bodages. Las cartas tambi\u00e9n se pueden utilizar como tarjetas flash para ideas de posturas\u00a0sexuales con las que poder experimentar posturas bondage\u00a0<\/p>\n<ul>\n<li>50 cartas con posturas sexuales<\/li>\n<li>\u00dasalo con complementos y equipamiento bondage\u00a0o bien sustituirlos por prendas y complementos de vestir corrientes, como cinturonesm corbatas, pa\u00f1uelos, etc\u00a0<\/li>\n<li>Ganador de los Premios Xbiz 2015. Producto del A\u00f1o.<\/li>\n<\/ul>\n<p><img decoding=\"async\" alt=\"\" src=\"https:\/\/store.dreamlove.es\/UserFiles\/image\/banderas.png\" style=\"line-height: 18.9090900421143px; font-family: Arial, Helvetica, sans-serif; max-width: 490px; color: rgb(150, 155, 160); font-size: 12.7272720336914px; width: 121px; height: 35px;\" \/><\/p>\n<p>\u00a0<\/p>\n<p>\u00a0<\/p>","protected":false},"excerpt":{"rendered":"<p>50 POSITIONS OF BONDAGE CARDS ES\/EN\/DE\/FR<\/p>","protected":false},"featured_media":71834,"comment_status":"open","ping_status":"closed","template":"","meta":{"_monsterinsights_skip_tracking":false,"_monsterinsights_sitenote_active":false,"_monsterinsights_sitenote_note":"","_monsterinsights_sitenote_category":0,"_joinchat":[]},"product_brand":[],"product_cat":[616,1235,1232,1272,1267,1271,1236],"product_tag":[],"class_list":{"0":"post-10945","1":"product","2":"type-product","3":"status-publish","4":"has-post-thumbnail","6":"product_cat-juegos","7":"product_cat-juegos-juegos-de-cartas","8":"product_cat-juegos-juegos-de-pareja","9":"product_cat-juegos-juegos-en-aleman","10":"product_cat-juegos-juegos-en-espanol","11":"product_cat-juegos-juegos-en-frances","12":"product_cat-juegos-juegos-en-ingles","13":"yith_product_brand-kheper-games","15":"first","16":"instock","17":"taxable","18":"shipping-taxable","19":"purchasable","20":"product-type-simple"},"aioseo_notices":[],"_links":{"self":[{"href":"https:\/\/www.mysexualfantasy.eu\/en\/wp-json\/wp\/v2\/product\/10945","targetHints":{"allow":["GET"]}}],"collection":[{"href":"https:\/\/www.mysexualfantasy.eu\/en\/wp-json\/wp\/v2\/product"}],"about":[{"href":"https:\/\/www.mysexualfantasy.eu\/en\/wp-json\/wp\/v2\/types\/product"}],"replies":[{"embeddable":true,"href":"https:\/\/www.mysexualfantasy.eu\/en\/wp-json\/wp\/v2\/comments?post=10945"}],"wp:featuredmedia":[{"embeddable":true,"href":"https:\/\/www.mysexualfantasy.eu\/en\/wp-json\/wp\/v2\/media\/71834"}],"wp:attachment":[{"href":"https:\/\/www.mysexualfantasy.eu\/en\/wp-json\/wp\/v2\/media?parent=10945"}],"wp:term":[{"taxonomy":"product_brand","embeddable":true,"href":"https:\/\/www.mysexualfantasy.eu\/en\/wp-json\/wp\/v2\/product_brand?post=10945"},{"taxonomy":"product_cat","embeddable":true,"href":"https:\/\/www.mysexualfantasy.eu\/en\/wp-json\/wp\/v2\/product_cat?post=10945"},{"taxonomy":"product_tag","embeddable":true,"href":"https:\/\/www.mysexualfantasy.eu\/en\/wp-json\/wp\/v2\/product_tag?post=10945"}],"curies":[{"name":"wp","href":"https:\/\/api.w.org\/{rel}","templated":true}]}}