{"id":11080,"date":"2023-01-13T13:27:48","date_gmt":"2023-01-13T13:27:48","guid":{"rendered":"https:\/\/www.mysexualfantasy.eu\/?post_type=product&#038;p=11080"},"modified":"2023-12-06T15:34:22","modified_gmt":"2023-12-06T15:34:22","slug":"screaming-o-ohare-anillo-doble-rosa-rabbit","status":"publish","type":"product","link":"https:\/\/www.mysexualfantasy.eu\/en\/product\/screaming-o-ohare-anillo-doble-rosa-rabbit\/","title":{"rendered":"SCREAMING O OHARE  ANILLO DOBLE ROSA  RABBIT"},"content":{"rendered":"<p style=\"line-height: 16.6399993896484px;\">El anillo Ohare ofrece doble estimulaci\u00f3n en un material ultraresistente \u00a0con un motor interno potente que consigue hasta \u00a03 velocidades, las orejitas del conejito estimulador har\u00e1n delicias de placer.<\/p>\n<p style=\"line-height: 16.6399993896484px;\">Color Pop Big tiene est\u00e1 fabricado con colores brillantes para sensaciones vivas y vibraciones intensas.<\/p>\n<p style=\"line-height: 16.6399993896484px;\">Sus principales caracteristicas son;<\/p>\n<ul style=\"line-height: 16.6399993896484px;\">\n<li>3 Velocidades de intensa Vibraci\u00f3n<\/li>\n<li>Doble Anillas estimulantes<\/li>\n<li>Material ultra confort \/ soft 100% Silicona<\/li>\n<li>Adaptable a todos los tama\u00f1os de Pene<\/li>\n<li>100% Libre de phalatos\u00a0<\/li>\n<li>Sumergible \/ apto para la ducha o el Spa.<\/li>\n<\/ul>\n<p style=\"line-height: 16.6399993896484px;\">Utiliza 3 pilas AG13, incluidas, adem\u00e1s podras extraer la bala vibradora interna y utilizarla como estimulador por separado del anillo.<\/p>\n<p style=\"line-height: 16.6399993896484px;\">Screaming O ofrece dise\u00f1o, calidad y diversi\u00f3n asegurada, en una marca americana l\u00edder en ventas.<\/p>\n<p style=\"line-height: 16.6399993896484px;\">\u00a0<\/p>","protected":false},"excerpt":{"rendered":"<p>SCREAMING O OHARE PINK<\/p>","protected":false},"featured_media":59570,"comment_status":"open","ping_status":"closed","template":"","meta":{"_monsterinsights_skip_tracking":false,"_monsterinsights_sitenote_active":false,"_monsterinsights_sitenote_note":"","_monsterinsights_sitenote_category":0,"_joinchat":[]},"product_brand":[],"product_cat":[1170,1172,1171,1152,1160],"product_tag":[],"class_list":{"0":"post-11080","1":"product","2":"type-product","3":"status-publish","4":"has-post-thumbnail","6":"product_cat-juguetes-bienestar-juguetes-para-hombresaccesorios-para-el-pene","7":"product_cat-juguetes-bienestar-juguetes-para-hombresaccesorios-para-el-peneanillos-peneanillos-con-vibracion","8":"product_cat-juguetes-bienestar-juguetes-para-hombresaccesorios-para-el-peneanillos-pene","9":"product_cat-juguetes-bienestar","10":"product_cat-juguetes-bienestar-juguetes-para-hombres","11":"yith_product_brand-screaming-o","13":"first","14":"instock","15":"taxable","16":"shipping-taxable","17":"purchasable","18":"product-type-simple"},"aioseo_notices":[],"_links":{"self":[{"href":"https:\/\/www.mysexualfantasy.eu\/en\/wp-json\/wp\/v2\/product\/11080","targetHints":{"allow":["GET"]}}],"collection":[{"href":"https:\/\/www.mysexualfantasy.eu\/en\/wp-json\/wp\/v2\/product"}],"about":[{"href":"https:\/\/www.mysexualfantasy.eu\/en\/wp-json\/wp\/v2\/types\/product"}],"replies":[{"embeddable":true,"href":"https:\/\/www.mysexualfantasy.eu\/en\/wp-json\/wp\/v2\/comments?post=11080"}],"wp:featuredmedia":[{"embeddable":true,"href":"https:\/\/www.mysexualfantasy.eu\/en\/wp-json\/wp\/v2\/media\/59570"}],"wp:attachment":[{"href":"https:\/\/www.mysexualfantasy.eu\/en\/wp-json\/wp\/v2\/media?parent=11080"}],"wp:term":[{"taxonomy":"product_brand","embeddable":true,"href":"https:\/\/www.mysexualfantasy.eu\/en\/wp-json\/wp\/v2\/product_brand?post=11080"},{"taxonomy":"product_cat","embeddable":true,"href":"https:\/\/www.mysexualfantasy.eu\/en\/wp-json\/wp\/v2\/product_cat?post=11080"},{"taxonomy":"product_tag","embeddable":true,"href":"https:\/\/www.mysexualfantasy.eu\/en\/wp-json\/wp\/v2\/product_tag?post=11080"}],"curies":[{"name":"wp","href":"https:\/\/api.w.org\/{rel}","templated":true}]}}