{"id":11100,"date":"2023-01-13T12:50:24","date_gmt":"2023-01-13T12:50:24","guid":{"rendered":"https:\/\/www.mysexualfantasy.eu\/?post_type=product&#038;p=11100"},"modified":"2023-12-06T16:18:34","modified_gmt":"2023-12-06T16:18:34","slug":"shunga-el-divino-arte-del-placer-oral-agua-de-coco","status":"publish","type":"product","link":"https:\/\/www.mysexualfantasy.eu\/en\/product\/shunga-el-divino-arte-del-placer-oral-agua-de-coco\/","title":{"rendered":"SHUNGA &#8211; EL DIVINO ARTE DEL PLACER ORAL AGUA DE COCO"},"content":{"rendered":"<p>Aplica el brillo en los labios de tu amante, y experimenta la satisfacci\u00f3n de dar o recibir las divinas sensaci\u00f3n del placer oral. El efecto fr\u00edo-calor del brillo de labios est\u00e1 dise\u00f1ado para sensibilizar y excitar tanto hombres como mujeres, mientras que las zonas \u00edntimas mantienen el nivel de sensaciones al borde del orgasmo. Una experiencia er\u00f3tica inolvidable&#8230;<\/p>\n<ul>\n<li>\u00a1Seguro que pedir\u00e1s m\u00e1s!.<\/li>\n<\/ul>\n<p style=\"line-height: 16.6399993896484px;\">Apl\u00edcate el brillo a ti o a los labios de tu pareja, y\u00a0<strong>siente el placer de recibir la divina sensaci\u00f3n del placer oral.\u00a0<\/strong><\/p>\n<p style=\"line-height: 16.6399993896484px;\">El efecto fr\u00edo-calor del brillo de labios est\u00e1 dise\u00f1ado para sensibilizar y excitar tanto hombres como mujeres, mientras que las zonas \u00edntimas mantienen el nivel de sensaciones al borde del orgasmo.<\/p>\n<p style=\"line-height: 16.6399993896484px;\">Descubre lo ultimo en Placer Oral.<\/p>\n<ul style=\"line-height: 16.6399993896484px;\">\n<li>Brillo para aplicar en los labios con efecto fr\u00edo y calor, para practicar sexo oral.<\/li>\n<li>Sabor a Coco<\/li>\n<\/ul>\n<p style=\"line-height: 16.6399993896484px;\">Sensaciones eroticas inolvidables!!<\/p>\n<p style=\"line-height: 16.6399993896484px;\">Shunga es L\u00edder mundia en cosmetica Erotica, sus ingredientes naturales fusionado con principios activos logran un gran resultado<\/p>\n<p style=\"line-height: 16.6399993896484px;\">Entrar en el mundo er\u00f3tico de Shunga es viajar al pasado. Traducido literalmente, Shunga significa \u2018imagen de primavera, una manera delicada de decir \u2018relaciones sexuales entre personas.<\/p>\n<p>Esta palabra se usaba para designar las pinturas er\u00f3ticas japonesas del siglo XVI, XVII y XVIII, un tipo llamado ukiyo-e, que no eran otra cosa que obras sobre madera o pergamino con escenas sensuales y episodios de amor carnal, siempre elaborados con mucho cuidado y buen gusto.<\/p>\n<p>El arte Shunga, aunque oculto durante siglos, marc\u00f3 el principio de la industria pornogr\u00e1fica para la clase media nipona y sirvi\u00f3 durante generaciones como ense\u00f1anza para los hijos y las hijas de muchas familias.<\/p>\n<p style=\"line-height: 16.6399993896484px;\"><img decoding=\"async\" alt=\"\" src=\"https:\/\/store.dreamlove.es\/UserFiles\/image\/banderas.png\" style=\"width: 121px; height: 35px;\" \/><\/p>\n<p style=\"text-align: center;\"><iframe allowfullscreen=\"\" frameborder=\"0\" height=\"300\" scrolling=\"no\" src=\"https:\/\/www.youtube.com\/embed\/uFeUF5ppToQ?rel=0controls=0showinfo=0\" width=\"800\"><\/iframe><\/p>","protected":false},"excerpt":{"rendered":"<p>PACKAGING DISPONIBLE EN: \/es\/en\/fr\/de\/<\/p>","protected":false},"featured_media":53748,"comment_status":"open","ping_status":"closed","template":"","meta":{"_monsterinsights_skip_tracking":false,"_monsterinsights_sitenote_active":false,"_monsterinsights_sitenote_note":"","_monsterinsights_sitenote_category":0,"_joinchat":[]},"product_brand":[],"product_cat":[1203,1209,1225,1339],"product_tag":[],"class_list":{"0":"post-11100","1":"product","2":"type-product","3":"status-publish","4":"has-post-thumbnail","6":"product_cat-drogueria","7":"product_cat-drogueria-estimulantes-para-ellas","8":"product_cat-drogueria-estimulantes-para-ellasintensificador-orgasmos","9":"product_cat-drogueria-para-sexo-oral","10":"yith_product_brand-shunga","11":"yith_product_brand-shungashunga-aphrodisiacs","13":"first","14":"instock","15":"taxable","16":"shipping-taxable","17":"purchasable","18":"product-type-simple"},"aioseo_notices":[],"_links":{"self":[{"href":"https:\/\/www.mysexualfantasy.eu\/en\/wp-json\/wp\/v2\/product\/11100","targetHints":{"allow":["GET"]}}],"collection":[{"href":"https:\/\/www.mysexualfantasy.eu\/en\/wp-json\/wp\/v2\/product"}],"about":[{"href":"https:\/\/www.mysexualfantasy.eu\/en\/wp-json\/wp\/v2\/types\/product"}],"replies":[{"embeddable":true,"href":"https:\/\/www.mysexualfantasy.eu\/en\/wp-json\/wp\/v2\/comments?post=11100"}],"wp:featuredmedia":[{"embeddable":true,"href":"https:\/\/www.mysexualfantasy.eu\/en\/wp-json\/wp\/v2\/media\/53748"}],"wp:attachment":[{"href":"https:\/\/www.mysexualfantasy.eu\/en\/wp-json\/wp\/v2\/media?parent=11100"}],"wp:term":[{"taxonomy":"product_brand","embeddable":true,"href":"https:\/\/www.mysexualfantasy.eu\/en\/wp-json\/wp\/v2\/product_brand?post=11100"},{"taxonomy":"product_cat","embeddable":true,"href":"https:\/\/www.mysexualfantasy.eu\/en\/wp-json\/wp\/v2\/product_cat?post=11100"},{"taxonomy":"product_tag","embeddable":true,"href":"https:\/\/www.mysexualfantasy.eu\/en\/wp-json\/wp\/v2\/product_tag?post=11100"}],"curies":[{"name":"wp","href":"https:\/\/api.w.org\/{rel}","templated":true}]}}