{"id":11111,"date":"2023-01-13T12:52:00","date_gmt":"2023-01-13T12:52:00","guid":{"rendered":"https:\/\/www.mysexualfantasy.eu\/?post_type=product&#038;p=11111"},"modified":"2023-12-06T17:24:10","modified_gmt":"2023-12-06T17:24:10","slug":"durex-real-feel-12-uds","status":"publish","type":"product","link":"https:\/\/www.mysexualfantasy.eu\/en\/product\/durex-real-feel-12-uds\/","title":{"rendered":"DUREX &#8211; REAL FEEL 12 UNIDADES"},"content":{"rendered":"<p>Durex RealFeel son preservativos de \u00faltima generaci\u00f3n fabricados con material sin l\u00e1tex tecnol\u00f3gicamente avanzado para garantizar una sensaci\u00f3n contacto natural Piel con Piel. El material RealFeel mejora tu vida sexual y maximiza tu placer y el de tu pareja a partir de la combinaci\u00f3n de intimidad, sensibilidad y conectividad.<\/p>\n<p>Caracter\u00edsticas de Durex RealFeel:<\/p>\n<ul>\n<li>Preservativos de \u00faltima generaci\u00f3n con material Real Feel para una sensaci\u00f3n de contacto natural Piel con Piel Preservativo fabricado sin l\u00e1tex<\/li>\n<li>Cl\u00ednicamente probado<\/li>\n<li>Transparente y lubricado, con dep\u00f3sito<\/li>\n<li>Anchura nominal: 56mm<\/li>\n<\/ul>\n<p>La forma especial en que se fabrica Durex RealFeel hace que huelan mejor para que no hayan inc\u00f3modas distracciones, por lo que podr\u00e1s relajarte y disfrutar.<\/p>\n<p>Lee el folleto que contiene el interior de este estuche cuidadosamente, en especial si utilizas los preservativos para sexo oral o anal<\/p>\n<ul>\n<li>Estuche 12 Unidades<\/li>\n<\/ul>","protected":false},"excerpt":{"rendered":"<p>DUREX &#8211; REAL FEEL 12 UNITS<\/p>","protected":false},"featured_media":53944,"comment_status":"open","ping_status":"closed","template":"","meta":{"_monsterinsights_skip_tracking":false,"_monsterinsights_sitenote_active":false,"_monsterinsights_sitenote_note":"","_monsterinsights_sitenote_category":0,"_joinchat":[]},"product_brand":[],"product_cat":[1464,600,1465,1228,1459],"product_tag":[],"class_list":{"0":"post-11111","1":"product","2":"type-product","3":"status-publish","4":"has-post-thumbnail","6":"product_cat-preservativos-todos-los-tamanos-de-cajascajas-de-4-a-24","7":"product_cat-preservativos","8":"product_cat-preservativos-sensitivos","9":"product_cat-preservativos-sin-latex","10":"product_cat-preservativos-todos-los-tamanos-de-cajas","11":"yith_product_brand-durex","12":"yith_product_brand-durexdurex-condoms","14":"first","15":"instock","16":"taxable","17":"shipping-taxable","18":"purchasable","19":"product-type-simple"},"aioseo_notices":[],"_links":{"self":[{"href":"https:\/\/www.mysexualfantasy.eu\/en\/wp-json\/wp\/v2\/product\/11111","targetHints":{"allow":["GET"]}}],"collection":[{"href":"https:\/\/www.mysexualfantasy.eu\/en\/wp-json\/wp\/v2\/product"}],"about":[{"href":"https:\/\/www.mysexualfantasy.eu\/en\/wp-json\/wp\/v2\/types\/product"}],"replies":[{"embeddable":true,"href":"https:\/\/www.mysexualfantasy.eu\/en\/wp-json\/wp\/v2\/comments?post=11111"}],"wp:featuredmedia":[{"embeddable":true,"href":"https:\/\/www.mysexualfantasy.eu\/en\/wp-json\/wp\/v2\/media\/53944"}],"wp:attachment":[{"href":"https:\/\/www.mysexualfantasy.eu\/en\/wp-json\/wp\/v2\/media?parent=11111"}],"wp:term":[{"taxonomy":"product_brand","embeddable":true,"href":"https:\/\/www.mysexualfantasy.eu\/en\/wp-json\/wp\/v2\/product_brand?post=11111"},{"taxonomy":"product_cat","embeddable":true,"href":"https:\/\/www.mysexualfantasy.eu\/en\/wp-json\/wp\/v2\/product_cat?post=11111"},{"taxonomy":"product_tag","embeddable":true,"href":"https:\/\/www.mysexualfantasy.eu\/en\/wp-json\/wp\/v2\/product_tag?post=11111"}],"curies":[{"name":"wp","href":"https:\/\/api.w.org\/{rel}","templated":true}]}}