{"id":11248,"date":"2023-01-13T12:36:49","date_gmt":"2023-01-13T12:36:49","guid":{"rendered":"https:\/\/www.mysexualfantasy.eu\/?post_type=product&#038;p=11248"},"modified":"2023-12-06T14:59:53","modified_gmt":"2023-12-06T14:59:53","slug":"mixgliss-lubricante-base-de-agua-natural-70ml","status":"publish","type":"product","link":"https:\/\/www.mysexualfantasy.eu\/en\/product\/mixgliss-lubricante-base-de-agua-natural-70ml\/","title":{"rendered":"MIXGLISS &#8211; LUBRICANTE BASE DE AGUA NATURAL  70ML"},"content":{"rendered":"<p style=\"line-height: 16.6399993896484px;\">MIXGLISS lubricante de base agua Natural sin perfume con el que siempre acertar\u00e1s, Su formula transl\u00facida , a base de agua, es ideal para juegos \u00edntimos y el uso de sextoys. Es perfecto para las relaciones intimas vaginales o masturbaci\u00f3n, con propiedades nutritivas y fabricado en Francia.<\/p>\n<p style=\"line-height: 16.6399993896484px;\">Aplicalo suavemente sobre tu mano y realiza un peque\u00f1o masaje en la zona a lubricar.<\/p>\n<ul>\n<li style=\"line-height: 16.6399993896484px;\">Envase de 70 ml<\/li>\n<li style=\"line-height: 16.6399993896484px;\">Sin olor ni sabor<\/li>\n<li style=\"line-height: 16.6399993896484px;\">Lubricaci\u00f3n con propiedades nutritivas.<\/li>\n<\/ul>\n<p style=\"line-height: 16.6399993896484px;\">Envase de facil aplicaci\u00f3n con cierre seguro.<\/p>\n<p style=\"line-height: 16.6399993896484px;\">100% Fabricado en la UE, MIXGLISS es resultado de estudios testado previamente en personas, su optimo rendimiento lo convierten en un lubricante con una eficacia extrema.<\/p>\n<p style=\"line-height: 16.6399993896484px;\"><img decoding=\"async\" alt=\"\" src=\"https:\/\/interno.dreamlove.es\/UserFiles\/images\/banderas.png\" style=\"width: 121px; height: 35px;\" \/><\/p>","protected":false},"excerpt":{"rendered":"<p>PACKAGING DISPONIBLE EN: \/en\/fr\/<\/p>","protected":false},"featured_media":52197,"comment_status":"open","ping_status":"closed","template":"","meta":{"_monsterinsights_skip_tracking":false,"_monsterinsights_sitenote_active":false,"_monsterinsights_sitenote_note":"","_monsterinsights_sitenote_category":0,"_joinchat":[]},"product_brand":[],"product_cat":[1207,1203,1206],"product_tag":[],"class_list":{"0":"post-11248","1":"product","2":"type-product","3":"status-publish","4":"has-post-thumbnail","6":"product_cat-drogueria-lubricantesbase-agua","7":"product_cat-drogueria","8":"product_cat-drogueria-lubricantes","9":"yith_product_brand-mixgliss","11":"first","12":"instock","13":"taxable","14":"shipping-taxable","15":"purchasable","16":"product-type-simple"},"aioseo_notices":[],"_links":{"self":[{"href":"https:\/\/www.mysexualfantasy.eu\/en\/wp-json\/wp\/v2\/product\/11248","targetHints":{"allow":["GET"]}}],"collection":[{"href":"https:\/\/www.mysexualfantasy.eu\/en\/wp-json\/wp\/v2\/product"}],"about":[{"href":"https:\/\/www.mysexualfantasy.eu\/en\/wp-json\/wp\/v2\/types\/product"}],"replies":[{"embeddable":true,"href":"https:\/\/www.mysexualfantasy.eu\/en\/wp-json\/wp\/v2\/comments?post=11248"}],"wp:featuredmedia":[{"embeddable":true,"href":"https:\/\/www.mysexualfantasy.eu\/en\/wp-json\/wp\/v2\/media\/52197"}],"wp:attachment":[{"href":"https:\/\/www.mysexualfantasy.eu\/en\/wp-json\/wp\/v2\/media?parent=11248"}],"wp:term":[{"taxonomy":"product_brand","embeddable":true,"href":"https:\/\/www.mysexualfantasy.eu\/en\/wp-json\/wp\/v2\/product_brand?post=11248"},{"taxonomy":"product_cat","embeddable":true,"href":"https:\/\/www.mysexualfantasy.eu\/en\/wp-json\/wp\/v2\/product_cat?post=11248"},{"taxonomy":"product_tag","embeddable":true,"href":"https:\/\/www.mysexualfantasy.eu\/en\/wp-json\/wp\/v2\/product_tag?post=11248"}],"curies":[{"name":"wp","href":"https:\/\/api.w.org\/{rel}","templated":true}]}}