{"id":11472,"date":"2023-01-13T11:46:26","date_gmt":"2023-01-13T11:46:26","guid":{"rendered":"https:\/\/www.mysexualfantasy.eu\/?post_type=product&#038;p=11472"},"modified":"2023-12-06T15:34:25","modified_gmt":"2023-12-06T15:34:25","slug":"tenga-air-tech-regular","status":"publish","type":"product","link":"https:\/\/www.mysexualfantasy.eu\/en\/product\/tenga-air-tech-regular\/","title":{"rendered":"TENGA AIR-TECH REGULAR"},"content":{"rendered":"<p style=\"line-height: 16.6399993896484px;\">Tenga en su afan por mejorar la autoestimulaci\u00f3n con masturbadores funcionales y elegantes ha actualizado su famoso CUP Style con el nuevo CUP de vac\u00edo reutilizable con tecnlog\u00eda AIR-TECH. ! Ahora con manguito extraible para su limpieza!\u00a0<\/p>\n<p style=\"line-height: 16.6399993896484px;\">Sensaciones impresionantes, una y otra vez. TENGA por fin ha dise\u00f1ado un masturbador reutilizable, que garantiza la higiene en cada uso. Elaborado a partir de la tecnolog\u00eda de colch\u00f3n de aire \u00fanico de TENGA, este producto no utiliza espuma interna por lo que es higi\u00e9nico para su reutilizaci\u00f3n! No s\u00f3lo esto, sino que la nueva estructura de flujo de aire permite una sensaci\u00f3n de succi\u00f3n intensa, incluso m\u00e1s fuerte que la serie original CUP! Con el Aire-Tech, se obtiene sensaciones impresionantes, una y otra vez.<\/p>\n<ul style=\"line-height: 16.6399993896484px;\">\n<li>La tecnolog\u00eda AIR-TECH esta dividida en tres diferentes tipos de resistencia desde la m\u00e1s suave y regular a fuerte!<\/li>\n<li>La estructura de flujo de aire de Air-Tech permite que el aire fluya libremente a trav\u00e9s de la opci\u00f3n para la m\u00e1xima aspiraci\u00f3n de vac\u00edo!<\/li>\n<li>La tecnolog\u00eda de colch\u00f3n de aire proporciona retroalimentaci\u00f3n agradable tras la inserci\u00f3n para una sensaci\u00f3n estimulante sin la necesidad de espuma interna!<\/li>\n<\/ul>\n<p style=\"line-height: 16.6399993896484px;\">Reutilizable, simplemente quitar la funda y lavar con agua templada y jabon ph neutro.<\/p>\n<ul style=\"line-height: 16.6399993896484px;\">\n<li>Lubricante incluido.<\/li>\n<\/ul>\n<p style=\"line-height: 16.6399993896484px;\">Recuerda! Sensaciones impresionantes , una y otra vez!<\/p>\n<p style=\"line-height: 16.6399993896484px;\">\u00a0<\/p>","protected":false},"excerpt":{"rendered":"<p>TENGA AIR-TECH REUSABLE VACUUM CUP REGULAR<\/p>","protected":false},"featured_media":42749,"comment_status":"open","ping_status":"closed","template":"","meta":{"_monsterinsights_skip_tracking":false,"_monsterinsights_sitenote_active":false,"_monsterinsights_sitenote_note":"","_monsterinsights_sitenote_category":0,"_joinchat":[]},"product_brand":[],"product_cat":[1152,1160,1167,1168],"product_tag":[],"class_list":{"0":"post-11472","1":"product","2":"type-product","3":"status-publish","4":"has-post-thumbnail","6":"product_cat-juguetes-bienestar","7":"product_cat-juguetes-bienestar-juguetes-para-hombres","8":"product_cat-juguetes-bienestar-juguetes-para-hombresmasturbadores-para-ellos","9":"product_cat-juguetes-bienestar-juguetes-para-hombresvaginas-y-anos","10":"yith_product_brand-tenga","12":"first","13":"instock","14":"taxable","15":"shipping-taxable","16":"purchasable","17":"product-type-simple"},"aioseo_notices":[],"_links":{"self":[{"href":"https:\/\/www.mysexualfantasy.eu\/en\/wp-json\/wp\/v2\/product\/11472","targetHints":{"allow":["GET"]}}],"collection":[{"href":"https:\/\/www.mysexualfantasy.eu\/en\/wp-json\/wp\/v2\/product"}],"about":[{"href":"https:\/\/www.mysexualfantasy.eu\/en\/wp-json\/wp\/v2\/types\/product"}],"replies":[{"embeddable":true,"href":"https:\/\/www.mysexualfantasy.eu\/en\/wp-json\/wp\/v2\/comments?post=11472"}],"wp:featuredmedia":[{"embeddable":true,"href":"https:\/\/www.mysexualfantasy.eu\/en\/wp-json\/wp\/v2\/media\/42749"}],"wp:attachment":[{"href":"https:\/\/www.mysexualfantasy.eu\/en\/wp-json\/wp\/v2\/media?parent=11472"}],"wp:term":[{"taxonomy":"product_brand","embeddable":true,"href":"https:\/\/www.mysexualfantasy.eu\/en\/wp-json\/wp\/v2\/product_brand?post=11472"},{"taxonomy":"product_cat","embeddable":true,"href":"https:\/\/www.mysexualfantasy.eu\/en\/wp-json\/wp\/v2\/product_cat?post=11472"},{"taxonomy":"product_tag","embeddable":true,"href":"https:\/\/www.mysexualfantasy.eu\/en\/wp-json\/wp\/v2\/product_tag?post=11472"}],"curies":[{"name":"wp","href":"https:\/\/api.w.org\/{rel}","templated":true}]}}