{"id":11778,"date":"2023-01-13T12:48:51","date_gmt":"2023-01-13T12:48:51","guid":{"rendered":"https:\/\/www.mysexualfantasy.eu\/?post_type=product&#038;p=11778"},"modified":"2023-12-06T15:06:02","modified_gmt":"2023-12-06T15:06:02","slug":"saninex-sexual-evolution-sexo-joven-mujer-200-ml","status":"publish","type":"product","link":"https:\/\/www.mysexualfantasy.eu\/en\/product\/saninex-sexual-evolution-sexo-joven-mujer-200-ml\/","title":{"rendered":"SANINEX APHRODISIACS &#8211; SEXUAL EVOLUTION SEXO JOVEN MUJER 200 ML"},"content":{"rendered":"<p>Sexual oil young sex woman est\u00e1 integrado dentro de la exclusiva l\u00ednea de productos cosm\u00e9ticos de salud y placer Saninex. Aceite base afrodisiaca vitaminada indicada para la mujer actual y activa. Ademas de incrementar el deseo y aumentar las ganas de tus momentos intimos de amar.<\/p>\n<p>Aporta y regenera la textura de tu parte m\u00e1s \u00edntima, asi como de tu piel. Consiguiendo m\u00e1s juventud elasticidad y firmeza\/presi\u00f3n.<\/p>\n<p>Crearas en cada aplicaci\u00f3n erotismo altamente estimulante y repetidamente excitante. Podras tener de nuevo el aporte joven firme sexual, al mismo tiempo que generas intensa atraccion a tu pareja.<\/p>\n<p>Conviertete en una mujer actual, joven y dinamica. Su exclusiva f\u00f3rmula Saninex reactivadora de los tacto receptores sexuales multiplica tu deseo de ser amada. 100% enriquecida con vitaminas, aceites cosmeticos de alta calidad y componentes aromaticos naturales, que hidratan de manera erotica, al mismo tiempo que cuidas de tu salud y belleza Sus efectos se ven, se sienten y te recompensan. Regenera tu cuerpo a trav\u00e9s de tu sexualidad activa, aumentando la repetici\u00f3n y disposici\u00f3n al m\u00e1ximo deseo y placer sexual propio.\u00a0<\/p>\n<p>Aplicaci\u00f3n: Es importante que generes con masajes en la zona pelviana y clitorial &#8211; vaginal movimientos suaves verticales o circulares que acompa\u00f1ados con el exclusivo aceite sexual Pherocopulins woman Saninex proporcionan que tu erotismo riege de placer tus sentidos sexuales mas intensos y orgasmicos.<\/p>\n<p>Aplicable tambien al resto del cuerpo para obtener su total poder sensual. Debes de repetir diariamente la aplicaci\u00f3n para que su efecto erotico te proporcione orgasmos plenos.<\/p>\n<p>Aplicable igualmente en juegos er\u00f3ticos individuales o de pareja. Con Saninex sexual oil pherocopulis woman te mimaras de sexualidad con un alto placer y salud que hidrata en profundidad, nutre, tiene efectos regeneradores, excitantes, tonificantes y protectores.<\/p>\n<ul>\n<li>Dermatol\u00f3gicamente testado y sexualmente positivo.<\/li>\n<li>Placer y salud Saninex.<\/li>\n<li>100% Dise\u00f1o y fabricaci\u00f3n exclusiva de Saninex Europe.<\/li>\n<li>Volumen 200ml.<\/li>\n<li>Cosmetica er\u00f3tica alta gama. Uso externo.<\/li>\n<li>Product made in Spain.<\/li>\n<\/ul>","protected":false},"excerpt":{"rendered":"<p>SANINEX APHRODISIACS &#8211; EVOLUTION SEXO JOVEN WOMAN 200 ML<\/p>","protected":false},"featured_media":53589,"comment_status":"open","ping_status":"closed","template":"","meta":{"_monsterinsights_skip_tracking":false,"_monsterinsights_sitenote_active":false,"_monsterinsights_sitenote_note":"","_monsterinsights_sitenote_category":0,"_joinchat":[]},"product_brand":[],"product_cat":[1217,1203,148,1216],"product_tag":[],"class_list":{"0":"post-11778","1":"product","2":"type-product","3":"status-publish","4":"has-post-thumbnail","6":"product_cat-drogueria-para-masajesaceites-sin-sabores","7":"product_cat-drogueria","8":"product_cat-ofertas","9":"product_cat-drogueria-para-masajes","10":"yith_product_brand-saninex","11":"yith_product_brand-saninexsaninex-aphrodisiacs","13":"first","14":"instock","15":"taxable","16":"shipping-taxable","17":"purchasable","18":"product-type-simple"},"aioseo_notices":[],"_links":{"self":[{"href":"https:\/\/www.mysexualfantasy.eu\/en\/wp-json\/wp\/v2\/product\/11778","targetHints":{"allow":["GET"]}}],"collection":[{"href":"https:\/\/www.mysexualfantasy.eu\/en\/wp-json\/wp\/v2\/product"}],"about":[{"href":"https:\/\/www.mysexualfantasy.eu\/en\/wp-json\/wp\/v2\/types\/product"}],"replies":[{"embeddable":true,"href":"https:\/\/www.mysexualfantasy.eu\/en\/wp-json\/wp\/v2\/comments?post=11778"}],"wp:featuredmedia":[{"embeddable":true,"href":"https:\/\/www.mysexualfantasy.eu\/en\/wp-json\/wp\/v2\/media\/53589"}],"wp:attachment":[{"href":"https:\/\/www.mysexualfantasy.eu\/en\/wp-json\/wp\/v2\/media?parent=11778"}],"wp:term":[{"taxonomy":"product_brand","embeddable":true,"href":"https:\/\/www.mysexualfantasy.eu\/en\/wp-json\/wp\/v2\/product_brand?post=11778"},{"taxonomy":"product_cat","embeddable":true,"href":"https:\/\/www.mysexualfantasy.eu\/en\/wp-json\/wp\/v2\/product_cat?post=11778"},{"taxonomy":"product_tag","embeddable":true,"href":"https:\/\/www.mysexualfantasy.eu\/en\/wp-json\/wp\/v2\/product_tag?post=11778"}],"curies":[{"name":"wp","href":"https:\/\/api.w.org\/{rel}","templated":true}]}}