{"id":12320,"date":"2023-01-13T12:13:54","date_gmt":"2023-01-13T12:13:54","guid":{"rendered":"https:\/\/www.mysexualfantasy.eu\/?post_type=product&#038;p=12320"},"modified":"2023-12-06T17:09:25","modified_gmt":"2023-12-06T17:09:25","slug":"leg-avenue-medias-con-costura-trasera-negras","status":"publish","type":"product","link":"https:\/\/www.mysexualfantasy.eu\/en\/product\/leg-avenue-medias-con-costura-trasera-negras\/","title":{"rendered":"LEG AVENUE MEDIAS CON COSTURA TRASERA NEGRAS"},"content":{"rendered":"<p>Fant\u00e1sticas medias con costura trasera en color negro. Son las favoritas para los m\u00e1s fetichistas! Esa delgada l\u00ednea que separa tus tobillos de la cosa m\u00e1s dulce&#8230; Sexy y seductora, pero a la vez elegante y sofisticada. No podr\u00e1s esperar para lucirlas con tu mejor conjunto de ropa interior, o con ese sensual vestido que guardas en tu armario&#8230;<\/p>\n<p> Estas maravillosas medias pertenecen a la colecci\u00f3n\u00a0Hosiery de Leg Avenue\u00a0.<\/p>\n<p> <strong>Leg Avenue<\/strong>\u00a0tiene los productos que estabas buscando comprometi\u00e9ndose a ofrecer a los clientes productos innovadores, precios competitivos y una gran satisfacci\u00f3n, reci\u00e9n llegados desde el distrito m\u00e1s fashion de Los \u00c1ngeles.<\/p>\n<ul>\n<li><span style=\"font-size:\" 13px;>Medias sexys en color negro con costuras traseras,<\/span><\/li>\n<li><span style=\"font-size:\" 13px; white-space: normal;>Talla \u00fanica ajustable\u00a0<\/span><\/li>\n<li><span style=\"font-size:\" 13px; white-space: normal;>Composici\u00f3n: 100% Nylon<\/span><\/li>\n<li><span style=\"font-size:\" 13px; white-space: normal;>Color: Negro<\/span><\/li>\n<\/ul>\n<p> Nadie lo hace m\u00e1s sexy!!<\/p>","protected":false},"excerpt":{"rendered":"<p>LEG AVENUE SHEER STOCKINGS<\/p>","protected":false},"featured_media":47731,"comment_status":"open","ping_status":"closed","template":"","meta":{"_monsterinsights_skip_tracking":false,"_monsterinsights_sitenote_active":false,"_monsterinsights_sitenote_note":"","_monsterinsights_sitenote_category":0,"_joinchat":[]},"product_brand":[],"product_cat":[1196,1197,1199,1446,1166],"product_tag":[],"class_list":{"0":"post-12320","1":"product","2":"type-product","3":"status-publish","4":"has-post-thumbnail","6":"product_cat-moda-lencerialenceria-mujer","7":"product_cat-moda-lencerialenceria-mujerlenceria-picante","8":"product_cat-moda-lencerialenceria-mujerlenceria-sexy","9":"product_cat-moda-lencerialenceria-mujerlenceria-picantemedias-con-liguero","10":"product_cat-moda-lenceria","11":"yith_product_brand-leg-avenue","12":"yith_product_brand-leg-avenueleg-avenue-hosiery","14":"first","15":"instock","16":"taxable","17":"shipping-taxable","18":"purchasable","19":"product-type-simple"},"aioseo_notices":[],"_links":{"self":[{"href":"https:\/\/www.mysexualfantasy.eu\/en\/wp-json\/wp\/v2\/product\/12320","targetHints":{"allow":["GET"]}}],"collection":[{"href":"https:\/\/www.mysexualfantasy.eu\/en\/wp-json\/wp\/v2\/product"}],"about":[{"href":"https:\/\/www.mysexualfantasy.eu\/en\/wp-json\/wp\/v2\/types\/product"}],"replies":[{"embeddable":true,"href":"https:\/\/www.mysexualfantasy.eu\/en\/wp-json\/wp\/v2\/comments?post=12320"}],"wp:featuredmedia":[{"embeddable":true,"href":"https:\/\/www.mysexualfantasy.eu\/en\/wp-json\/wp\/v2\/media\/47731"}],"wp:attachment":[{"href":"https:\/\/www.mysexualfantasy.eu\/en\/wp-json\/wp\/v2\/media?parent=12320"}],"wp:term":[{"taxonomy":"product_brand","embeddable":true,"href":"https:\/\/www.mysexualfantasy.eu\/en\/wp-json\/wp\/v2\/product_brand?post=12320"},{"taxonomy":"product_cat","embeddable":true,"href":"https:\/\/www.mysexualfantasy.eu\/en\/wp-json\/wp\/v2\/product_cat?post=12320"},{"taxonomy":"product_tag","embeddable":true,"href":"https:\/\/www.mysexualfantasy.eu\/en\/wp-json\/wp\/v2\/product_tag?post=12320"}],"curies":[{"name":"wp","href":"https:\/\/api.w.org\/{rel}","templated":true}]}}