{"id":12349,"date":"2023-01-13T12:13:58","date_gmt":"2023-01-13T12:13:58","guid":{"rendered":"https:\/\/www.mysexualfantasy.eu\/?post_type=product&#038;p=12349"},"modified":"2023-12-06T16:51:46","modified_gmt":"2023-12-06T16:51:46","slug":"leg-avenue-medias-blancas","status":"publish","type":"product","link":"https:\/\/www.mysexualfantasy.eu\/en\/product\/leg-avenue-medias-blancas\/","title":{"rendered":"LEG AVENUE MEDIAS BLANCAS"},"content":{"rendered":"<p>La elegancia de unas medias hace que este tipo de complementos de lencer\u00eda se pueda emplear con todo lo que encuentres en tu fondo de armario.<\/p>\n<p>Leg Avenue tiene la maravillosa capacidad de hacer que las prendas m\u00e1s sexy se adapten perfectamente a lo cotidiano, para que lleves tu feminidad como bandera las 24 horas del d\u00eda.<\/p>\n<p>Estas medias blancas ultra finas, fabricadas en nylon, har\u00e1n que tu sexappeal aumente de manera muy sutil.<\/p>\n<p>Tienen un dise\u00f1o tradicional que no por ello resulta menos atractivo. En la parte superior, a mitad del muslo, una cinta el\u00e1stica las sujeta con firmeza a la pierna y te permite unirlas a unos ligueros si tu intenci\u00f3n es la de tener un aspecto todav\u00eda m\u00e1s seductor.<\/p>\n<p> <strong>Leg Avenue<\/strong>\u00a0tiene los productos que estabas buscando comprometi\u00e9ndose a ofrecer a los clientes productos innovadores, precios competitivos y una gran satisfacci\u00f3n, reci\u00e9n llegados desde el distrito m\u00e1s fashion de Los \u00c1ngeles.<\/p>\n<ul>\n<li><span style=\"font-size:\" 13px;>Medias de liga sexys<\/span><\/li>\n<li><span style=\"font-size:\" 13px; white-space: normal;>Talla \u00fanica ajustable\u00a0<\/span><\/li>\n<li><span style=\"font-size:\" 13px; white-space: normal;>Composici\u00f3n: 100% Nylon<\/span><\/li>\n<li><span style=\"font-size:\" 13px; white-space: normal;>Color: Blanco<\/span><\/li>\n<\/ul>\n<p> Nadie lo hace m\u00e1s sexy!!<\/p>","protected":false},"excerpt":{"rendered":"<p>Sheer Stockings<\/p>","protected":false},"featured_media":47742,"comment_status":"open","ping_status":"closed","template":"","meta":{"_monsterinsights_skip_tracking":false,"_monsterinsights_sitenote_active":false,"_monsterinsights_sitenote_note":"","_monsterinsights_sitenote_category":0,"_joinchat":[]},"product_brand":[],"product_cat":[1196,1199,1202,1166],"product_tag":[],"class_list":{"0":"post-12349","1":"product","2":"type-product","3":"status-publish","4":"has-post-thumbnail","6":"product_cat-moda-lencerialenceria-mujer","7":"product_cat-moda-lencerialenceria-mujerlenceria-sexy","8":"product_cat-moda-lencerialenceria-mujerlenceria-sexymedias","9":"product_cat-moda-lenceria","10":"yith_product_brand-leg-avenue","11":"yith_product_brand-leg-avenueleg-avenue-hosiery","13":"first","14":"instock","15":"taxable","16":"shipping-taxable","17":"purchasable","18":"product-type-simple"},"aioseo_notices":[],"_links":{"self":[{"href":"https:\/\/www.mysexualfantasy.eu\/en\/wp-json\/wp\/v2\/product\/12349","targetHints":{"allow":["GET"]}}],"collection":[{"href":"https:\/\/www.mysexualfantasy.eu\/en\/wp-json\/wp\/v2\/product"}],"about":[{"href":"https:\/\/www.mysexualfantasy.eu\/en\/wp-json\/wp\/v2\/types\/product"}],"replies":[{"embeddable":true,"href":"https:\/\/www.mysexualfantasy.eu\/en\/wp-json\/wp\/v2\/comments?post=12349"}],"wp:featuredmedia":[{"embeddable":true,"href":"https:\/\/www.mysexualfantasy.eu\/en\/wp-json\/wp\/v2\/media\/47742"}],"wp:attachment":[{"href":"https:\/\/www.mysexualfantasy.eu\/en\/wp-json\/wp\/v2\/media?parent=12349"}],"wp:term":[{"taxonomy":"product_brand","embeddable":true,"href":"https:\/\/www.mysexualfantasy.eu\/en\/wp-json\/wp\/v2\/product_brand?post=12349"},{"taxonomy":"product_cat","embeddable":true,"href":"https:\/\/www.mysexualfantasy.eu\/en\/wp-json\/wp\/v2\/product_cat?post=12349"},{"taxonomy":"product_tag","embeddable":true,"href":"https:\/\/www.mysexualfantasy.eu\/en\/wp-json\/wp\/v2\/product_tag?post=12349"}],"curies":[{"name":"wp","href":"https:\/\/api.w.org\/{rel}","templated":true}]}}