{"id":12351,"date":"2023-01-13T12:13:57","date_gmt":"2023-01-13T12:13:57","guid":{"rendered":"https:\/\/www.mysexualfantasy.eu\/?post_type=product&#038;p=12351"},"modified":"2023-12-06T16:51:45","modified_gmt":"2023-12-06T16:51:45","slug":"leg-avenue-medias-rojo","status":"publish","type":"product","link":"https:\/\/www.mysexualfantasy.eu\/en\/product\/leg-avenue-medias-rojo\/","title":{"rendered":"LEG AVENUE MEDIAS ROJO"},"content":{"rendered":"<p>Fant\u00e1sticas medias en color rojo. La sencillez y la sensualidad de una prenda tan delgada y delicada. No podr\u00e1s esperar para lucirlas con tu mejor conjunto de ropa interior, o con ese sensual vestido que guardas en tu armario&#8230;<\/p>\n<p> Unas medias de ligas transl\u00facidas, simples y elegantes, con una banda opaca en el\u00e1stico para su conforto. Presentado en caja de papel, ideal para regalar. Talla \u00fanica: se adapta a todas las tallas<\/p>\n<p> <strong>Leg Avenue<\/strong>\u00a0tiene los productos que estabas buscando comprometi\u00e9ndose a ofrecer a los clientes productos innovadores, precios competitivos y una gran satisfacci\u00f3n, reci\u00e9n llegados desde el distrito m\u00e1s fashion de Los \u00c1ngeles.<\/p>\n<ul>\n<li><span style=\"font-size:\" 13px;>Medias de liga sexys<\/span><\/li>\n<li><span style=\"font-size:\" 13px; white-space: normal;>Talla \u00fanica ajustable\u00a0<\/span><\/li>\n<li><span style=\"font-size:\" 13px; white-space: normal;>Composici\u00f3n: 100% Nylon<\/span><\/li>\n<li><span style=\"font-size:\" 13px; white-space: normal;>Color: Rojo<\/span><\/li>\n<\/ul>\n<p> Nadie lo hace m\u00e1s sexy!!<\/p>","protected":false},"excerpt":{"rendered":"<p>Sheer Stockings<\/p>","protected":false},"featured_media":47741,"comment_status":"open","ping_status":"closed","template":"","meta":{"_monsterinsights_skip_tracking":false,"_monsterinsights_sitenote_active":false,"_monsterinsights_sitenote_note":"","_monsterinsights_sitenote_category":0,"_joinchat":[]},"product_brand":[],"product_cat":[1196,1199,1202,1166],"product_tag":[],"class_list":{"0":"post-12351","1":"product","2":"type-product","3":"status-publish","4":"has-post-thumbnail","6":"product_cat-moda-lencerialenceria-mujer","7":"product_cat-moda-lencerialenceria-mujerlenceria-sexy","8":"product_cat-moda-lencerialenceria-mujerlenceria-sexymedias","9":"product_cat-moda-lenceria","10":"yith_product_brand-leg-avenue","11":"yith_product_brand-leg-avenueleg-avenue-hosiery","13":"first","14":"instock","15":"taxable","16":"shipping-taxable","17":"purchasable","18":"product-type-simple"},"aioseo_notices":[],"_links":{"self":[{"href":"https:\/\/www.mysexualfantasy.eu\/en\/wp-json\/wp\/v2\/product\/12351","targetHints":{"allow":["GET"]}}],"collection":[{"href":"https:\/\/www.mysexualfantasy.eu\/en\/wp-json\/wp\/v2\/product"}],"about":[{"href":"https:\/\/www.mysexualfantasy.eu\/en\/wp-json\/wp\/v2\/types\/product"}],"replies":[{"embeddable":true,"href":"https:\/\/www.mysexualfantasy.eu\/en\/wp-json\/wp\/v2\/comments?post=12351"}],"wp:featuredmedia":[{"embeddable":true,"href":"https:\/\/www.mysexualfantasy.eu\/en\/wp-json\/wp\/v2\/media\/47741"}],"wp:attachment":[{"href":"https:\/\/www.mysexualfantasy.eu\/en\/wp-json\/wp\/v2\/media?parent=12351"}],"wp:term":[{"taxonomy":"product_brand","embeddable":true,"href":"https:\/\/www.mysexualfantasy.eu\/en\/wp-json\/wp\/v2\/product_brand?post=12351"},{"taxonomy":"product_cat","embeddable":true,"href":"https:\/\/www.mysexualfantasy.eu\/en\/wp-json\/wp\/v2\/product_cat?post=12351"},{"taxonomy":"product_tag","embeddable":true,"href":"https:\/\/www.mysexualfantasy.eu\/en\/wp-json\/wp\/v2\/product_tag?post=12351"}],"curies":[{"name":"wp","href":"https:\/\/api.w.org\/{rel}","templated":true}]}}