{"id":12381,"date":"2023-01-13T12:14:14","date_gmt":"2023-01-13T12:14:14","guid":{"rendered":"https:\/\/www.mysexualfantasy.eu\/?post_type=product&#038;p=12381"},"modified":"2023-12-06T17:09:35","modified_gmt":"2023-12-06T17:09:35","slug":"leg-avenue-medias-con-liguero-adjunto-nude","status":"publish","type":"product","link":"https:\/\/www.mysexualfantasy.eu\/en\/product\/leg-avenue-medias-con-liguero-adjunto-nude\/","title":{"rendered":"LEG AVENUE &#8211; MEDIAS CON LIGUERO ADJUNTO NUDE"},"content":{"rendered":"<p>Medias Sexys en color beige con liguero adjunto.\u00a0<\/p>\n<p>Cl\u00e1sicas y sensuales, nuestras medias con costura trasera y liguero de encaje son la elecci\u00f3n perfecta para a\u00f1adir un toque de elegancia y seducci\u00f3n a cualquier conjunto. Dise\u00f1adas con atenci\u00f3n al detalle y con un toque vintage, estas medias te transportar\u00e1n a una era de glamour y sofisticaci\u00f3n.<\/p>\n<p><strong>Caracter\u00edsticas destacadas:<\/strong><\/p>\n<ul>\n<li><u>Costura trasera impecable<\/u>: Nuestras medias cuentan con una costura trasera que recorre la pierna con precisi\u00f3n y elegancia, realzando tu silueta y a\u00f1adiendo un toque de estilo retro.<\/li>\n<li><u>Liguero de encaje delicado<\/u>: El liguero de encaje en la parte superior de las medias no solo es funcional, sino que tambi\u00e9n es un elemento de dise\u00f1o exquisito. El encaje suave y delicado a\u00f1ade un toque de feminidad y sensualidad a tus piernas.<\/li>\n<li><u>Disponibles en varios colores<\/u>: Nuestras medias con liguero de encaje est\u00e1n disponibles en\u00a0los cl\u00e1sicos tonos de negro y beige. Puedes elegir el color que mejor se adapte a tu estilo y ocasi\u00f3n.<\/li>\n<li><u>Materiales de alta calidad<\/u>: Utilizamos materiales de la m\u00e1s alta calidad para asegurarnos de que estas medias sean c\u00f3modas de llevar y duraderas. Se adaptan a tu piel sin causar irritaciones y resisten el desgaste diario.<\/li>\n<li><u>Versatilidad en el uso<\/u>: Ya sea que las uses para una ocasi\u00f3n especial, para seducir a tu pareja o simplemente para sentirte segura y hermosa en tu d\u00eda a d\u00eda, estas medias son vers\u00e1tiles y se adaptan a diversas situaciones.<\/li>\n<li><u>Talla \u00fanica ajustable.<\/u><\/li>\n<\/ul>\n<p>Eleva tu estilo y confianza con nuestras medias con\u00a0liguero de encaje. Son la combinaci\u00f3n perfecta de elegancia y sensualidad, y te har\u00e1n sentir \u00fanica en cualquier momento. A\u00f1ade un toque de nostalgia y sofisticaci\u00f3n a tu guardarropa con este accesorio cl\u00e1sico y atemporal.<\/p>\n<p>De la prestigiosa marca\u00a0<strong>LEG AVENUE<\/strong>. Composici\u00f3n: 100% Nylo.<\/p>","protected":false},"excerpt":{"rendered":"<p>LEG AVENUE &#8211; STOCKINGS WITH ATTACHED GARTER NUDE<\/p>","protected":false},"featured_media":47776,"comment_status":"open","ping_status":"closed","template":"","meta":{"_monsterinsights_skip_tracking":false,"_monsterinsights_sitenote_active":false,"_monsterinsights_sitenote_note":"","_monsterinsights_sitenote_category":0,"_joinchat":[]},"product_brand":[],"product_cat":[1196,1197,1199,1446,1166],"product_tag":[],"class_list":{"0":"post-12381","1":"product","2":"type-product","3":"status-publish","4":"has-post-thumbnail","6":"product_cat-moda-lencerialenceria-mujer","7":"product_cat-moda-lencerialenceria-mujerlenceria-picante","8":"product_cat-moda-lencerialenceria-mujerlenceria-sexy","9":"product_cat-moda-lencerialenceria-mujerlenceria-picantemedias-con-liguero","10":"product_cat-moda-lenceria","11":"yith_product_brand-leg-avenue","12":"yith_product_brand-leg-avenueleg-avenue-hosiery","14":"first","15":"instock","16":"taxable","17":"shipping-taxable","18":"purchasable","19":"product-type-simple"},"aioseo_notices":[],"_links":{"self":[{"href":"https:\/\/www.mysexualfantasy.eu\/en\/wp-json\/wp\/v2\/product\/12381","targetHints":{"allow":["GET"]}}],"collection":[{"href":"https:\/\/www.mysexualfantasy.eu\/en\/wp-json\/wp\/v2\/product"}],"about":[{"href":"https:\/\/www.mysexualfantasy.eu\/en\/wp-json\/wp\/v2\/types\/product"}],"replies":[{"embeddable":true,"href":"https:\/\/www.mysexualfantasy.eu\/en\/wp-json\/wp\/v2\/comments?post=12381"}],"wp:featuredmedia":[{"embeddable":true,"href":"https:\/\/www.mysexualfantasy.eu\/en\/wp-json\/wp\/v2\/media\/47776"}],"wp:attachment":[{"href":"https:\/\/www.mysexualfantasy.eu\/en\/wp-json\/wp\/v2\/media?parent=12381"}],"wp:term":[{"taxonomy":"product_brand","embeddable":true,"href":"https:\/\/www.mysexualfantasy.eu\/en\/wp-json\/wp\/v2\/product_brand?post=12381"},{"taxonomy":"product_cat","embeddable":true,"href":"https:\/\/www.mysexualfantasy.eu\/en\/wp-json\/wp\/v2\/product_cat?post=12381"},{"taxonomy":"product_tag","embeddable":true,"href":"https:\/\/www.mysexualfantasy.eu\/en\/wp-json\/wp\/v2\/product_tag?post=12381"}],"curies":[{"name":"wp","href":"https:\/\/api.w.org\/{rel}","templated":true}]}}