{"id":12393,"date":"2023-01-13T12:14:10","date_gmt":"2023-01-13T12:14:10","guid":{"rendered":"https:\/\/www.mysexualfantasy.eu\/?post_type=product&#038;p=12393"},"modified":"2023-12-06T16:51:57","modified_gmt":"2023-12-06T16:51:57","slug":"leg-avenue-pantys-de-red-con-short-de-encaje","status":"publish","type":"product","link":"https:\/\/www.mysexualfantasy.eu\/en\/product\/leg-avenue-pantys-de-red-con-short-de-encaje\/","title":{"rendered":"LEG AVENUE PANTYS DE RED CON SHORT DE ENCAJE"},"content":{"rendered":"<p>Fant\u00e1sticos panties negros de rejilla con short de encaje. Son los favoritos para los m\u00e1s fetichistas! Esta sutil y fina rejilla que separa tu piel de sus manos, lo volver\u00e1 loco y no pensar\u00e1 m\u00e1s que en quit\u00e1rtelas! Sexy y seductora, pero a la vez elegante y sofisticada. No podr\u00e1s esperar para lucirlas con tu mejor conjunto de ropa interior, o con ese sensual vestido que guardas en tu armario&#8230;<\/p>\n<p> Estas maravillosas medias pertenecen a la colecci\u00f3n\u00a0Hosiery de Leg Avenue\u00a0.<\/p>\n<p> <strong>Leg Avenue<\/strong>\u00a0tiene los productos que estabas buscando comprometi\u00e9ndose a ofrecer a los clientes productos innovadores, precios competitivos y una gran satisfacci\u00f3n, reci\u00e9n llegados desde el distrito m\u00e1s fashion de Los \u00c1ngeles.<\/p>\n<ul>\n<li><span font-size:= \"style=\" white-space:=\"\">Talla \u00fanica ajustable\u00a0<\/span><\/li>\n<li><span font-size:= \"style=\" white-space:=\"\">Composici\u00f3n:\u00a0<\/span>92% Polyamida + 8% Spandex<\/li>\n<\/ul>\n<p> Nadie lo hace m\u00e1s sexy!!<\/p>","protected":false},"excerpt":{"rendered":"<p>Diamond Fence Net Pantyhose With Sexy Lace Boy Short Top<\/p>","protected":false},"featured_media":47765,"comment_status":"open","ping_status":"closed","template":"","meta":{"_monsterinsights_skip_tracking":false,"_monsterinsights_sitenote_active":false,"_monsterinsights_sitenote_note":"","_monsterinsights_sitenote_category":0,"_joinchat":[]},"product_brand":[],"product_cat":[1196,1199,1202,1166],"product_tag":[],"class_list":{"0":"post-12393","1":"product","2":"type-product","3":"status-publish","4":"has-post-thumbnail","6":"product_cat-moda-lencerialenceria-mujer","7":"product_cat-moda-lencerialenceria-mujerlenceria-sexy","8":"product_cat-moda-lencerialenceria-mujerlenceria-sexymedias","9":"product_cat-moda-lenceria","10":"yith_product_brand-leg-avenue","11":"yith_product_brand-leg-avenueleg-avenue-hosiery","13":"first","14":"instock","15":"taxable","16":"shipping-taxable","17":"purchasable","18":"product-type-simple"},"aioseo_notices":[],"_links":{"self":[{"href":"https:\/\/www.mysexualfantasy.eu\/en\/wp-json\/wp\/v2\/product\/12393","targetHints":{"allow":["GET"]}}],"collection":[{"href":"https:\/\/www.mysexualfantasy.eu\/en\/wp-json\/wp\/v2\/product"}],"about":[{"href":"https:\/\/www.mysexualfantasy.eu\/en\/wp-json\/wp\/v2\/types\/product"}],"replies":[{"embeddable":true,"href":"https:\/\/www.mysexualfantasy.eu\/en\/wp-json\/wp\/v2\/comments?post=12393"}],"wp:featuredmedia":[{"embeddable":true,"href":"https:\/\/www.mysexualfantasy.eu\/en\/wp-json\/wp\/v2\/media\/47765"}],"wp:attachment":[{"href":"https:\/\/www.mysexualfantasy.eu\/en\/wp-json\/wp\/v2\/media?parent=12393"}],"wp:term":[{"taxonomy":"product_brand","embeddable":true,"href":"https:\/\/www.mysexualfantasy.eu\/en\/wp-json\/wp\/v2\/product_brand?post=12393"},{"taxonomy":"product_cat","embeddable":true,"href":"https:\/\/www.mysexualfantasy.eu\/en\/wp-json\/wp\/v2\/product_cat?post=12393"},{"taxonomy":"product_tag","embeddable":true,"href":"https:\/\/www.mysexualfantasy.eu\/en\/wp-json\/wp\/v2\/product_tag?post=12393"}],"curies":[{"name":"wp","href":"https:\/\/api.w.org\/{rel}","templated":true}]}}