{"id":12671,"date":"2023-01-13T12:00:53","date_gmt":"2023-01-13T12:00:53","guid":{"rendered":"https:\/\/www.mysexualfantasy.eu\/?post_type=product&#038;p=12671"},"modified":"2023-12-06T15:57:45","modified_gmt":"2023-12-06T15:57:45","slug":"baile-mariposa-tulip-rotador-updown","status":"publish","type":"product","link":"https:\/\/www.mysexualfantasy.eu\/en\/product\/baile-mariposa-tulip-rotador-updown\/","title":{"rendered":"BAILE MARIPOSA TULIP ROTADOR UPDOWN"},"content":{"rendered":"<p>Es un novedoso vibrador de alta tecnolog\u00eda fabricado en suave TPR moderno\u00a0con m\u00faltiples capacidades de utilizaci\u00f3n.<\/p>\n<ul>\n<li>Incorpora un revolucionario vibrador con oscilaci\u00f3n y rotaci\u00f3n.<\/li>\n<\/ul>\n<p>Diferentes posibilidades de utilizaci\u00f3n: Hasta 28 modos diferentes vibratorios, todo en combinaci\u00f3n con las perlas giratorias internas que te har\u00e1n enloquecer de placer.<\/p>\n<ul>\n<li>7 Modos de vibraci\u00f3n y 6 modos de rotacion<\/li>\n<\/ul>\n<p>El Vibrador ademas de rotar, sube y baja, sin lugar a dudas un vibrador perfecto para estos tiempos!<\/p>\n<ul>\n<li>Adem\u00e1s tambi\u00e9n incorpora otro vibrador espec\u00edficamente indicado para estimular el cl\u00edtoris mediante un dise\u00f1o que simula una suave lengua.<\/li>\n<\/ul>\n<p>Con este exclusivo juguete conseguir\u00e1s experimentar placeres que ni siquiera has so\u00f1ado nunca, es realmente incre\u00edble.<\/p>\n<p>Funciona con 4 pilas R6\/AA que puedes encontrar en la secci\u00f3n Pilas. .<\/p>\n<p>Medidas: 29,5 cm. x 3.9 cm. (totales)<\/p>\n<p>Descubre nuevas experiencias!<\/p>","protected":false},"excerpt":{"rendered":"<p>BAILE MARIPOSA TULIP VIBRATOR<\/p>","protected":false},"featured_media":44411,"comment_status":"open","ping_status":"closed","template":"","meta":{"_monsterinsights_skip_tracking":false,"_monsterinsights_sitenote_active":false,"_monsterinsights_sitenote_note":"","_monsterinsights_sitenote_category":0,"_joinchat":[]},"product_brand":[],"product_cat":[1152,1155,1165,1194,1153,1293],"product_tag":[],"class_list":{"0":"post-12671","1":"product","2":"type-product","3":"status-publish","4":"has-post-thumbnail","6":"product_cat-juguetes-bienestar","7":"product_cat-juguetes-bienestar-juguetes-para-mujeres","8":"product_cat-juguetes-bienestar-juguetes-para-mujeresmasturbadores-para-ellas","9":"product_cat-juguetes-bienestar-vibradoresrotadores-y-vibradores","10":"product_cat-juguetes-bienestar-vibradores","11":"product_cat-juguetes-bienestar-vibradoresvibradores-punto-g","12":"yith_product_brand-baile","13":"yith_product_brand-bailebaile-rotations","15":"first","16":"instock","17":"taxable","18":"shipping-taxable","19":"purchasable","20":"product-type-simple"},"aioseo_notices":[],"_links":{"self":[{"href":"https:\/\/www.mysexualfantasy.eu\/en\/wp-json\/wp\/v2\/product\/12671","targetHints":{"allow":["GET"]}}],"collection":[{"href":"https:\/\/www.mysexualfantasy.eu\/en\/wp-json\/wp\/v2\/product"}],"about":[{"href":"https:\/\/www.mysexualfantasy.eu\/en\/wp-json\/wp\/v2\/types\/product"}],"replies":[{"embeddable":true,"href":"https:\/\/www.mysexualfantasy.eu\/en\/wp-json\/wp\/v2\/comments?post=12671"}],"wp:featuredmedia":[{"embeddable":true,"href":"https:\/\/www.mysexualfantasy.eu\/en\/wp-json\/wp\/v2\/media\/44411"}],"wp:attachment":[{"href":"https:\/\/www.mysexualfantasy.eu\/en\/wp-json\/wp\/v2\/media?parent=12671"}],"wp:term":[{"taxonomy":"product_brand","embeddable":true,"href":"https:\/\/www.mysexualfantasy.eu\/en\/wp-json\/wp\/v2\/product_brand?post=12671"},{"taxonomy":"product_cat","embeddable":true,"href":"https:\/\/www.mysexualfantasy.eu\/en\/wp-json\/wp\/v2\/product_cat?post=12671"},{"taxonomy":"product_tag","embeddable":true,"href":"https:\/\/www.mysexualfantasy.eu\/en\/wp-json\/wp\/v2\/product_tag?post=12671"}],"curies":[{"name":"wp","href":"https:\/\/api.w.org\/{rel}","templated":true}]}}