{"id":12672,"date":"2023-01-13T12:00:53","date_gmt":"2023-01-13T12:00:53","guid":{"rendered":"https:\/\/www.mysexualfantasy.eu\/?post_type=product&#038;p=12672"},"modified":"2023-12-06T15:57:46","modified_gmt":"2023-12-06T15:57:46","slug":"baile-amour-missile-rotador-transparente-26-5cm","status":"publish","type":"product","link":"https:\/\/www.mysexualfantasy.eu\/en\/product\/baile-amour-missile-rotador-transparente-26-5cm\/","title":{"rendered":"BAILE AMOUR MISSILE ROTADOR TRANSPARENTE 26.5CM"},"content":{"rendered":"<p style=\"line-height: 16.6399993896484px;\">Es un novedoso vibrador de alta tecnolog\u00eda fabricado en suave TPR moderno\u00a0con m\u00faltiples capacidades de utilizaci\u00f3n.<\/p>\n<ul style=\"line-height: 16.6399993896484px;\">\n<li>Incorpora un revolucionario vibrador con rotaci\u00f3n de perlas metalicas<\/li>\n<\/ul>\n<p style=\"line-height: 16.6399993896484px;\">Diferentes posibilidades de utilizaci\u00f3n: Hasta 28 modos diferentes vibratorios, todo en combinaci\u00f3n con las perlas giratorias internas que te har\u00e1n enloquecer de placer.<\/p>\n<ul style=\"line-height: 16.6399993896484px;\">\n<li>7 Modos de vibraci\u00f3n y 6 modos de rotacion<\/li>\n<li>Adem\u00e1s tambi\u00e9n incorpora otro vibrador espec\u00edficamente indicado para estimular el cl\u00edtoris mediante un dise\u00f1o que simula una suave lengua.<\/li>\n<\/ul>\n<p style=\"line-height: 16.6399993896484px;\">Con este exclusivo juguete conseguir\u00e1s experimentar placeres que ni siquiera has so\u00f1ado nunca, es realmente incre\u00edble.<\/p>\n<p style=\"line-height: 16.6399993896484px;\">Funciona con 4 pilas R6\/AA que puedes encontrar en la secci\u00f3n Pilas. .<\/p>\n<p style=\"line-height: 16.6399993896484px;\">Medidas: 26,5 cm. x 3.8\u00a0cm. (totales)<\/p>\n<p style=\"line-height: 16.6399993896484px;\">Descubre nuevas experiencias!<\/p>","protected":false},"excerpt":{"rendered":"<p>BAILE AMOUR MISSILE CLEAR 26.5CM<\/p>","protected":false},"featured_media":44416,"comment_status":"open","ping_status":"closed","template":"","meta":{"_monsterinsights_skip_tracking":false,"_monsterinsights_sitenote_active":false,"_monsterinsights_sitenote_note":"","_monsterinsights_sitenote_category":0,"_joinchat":[]},"product_brand":[],"product_cat":[1152,1155,1165,1194,1153],"product_tag":[],"class_list":{"0":"post-12672","1":"product","2":"type-product","3":"status-publish","4":"has-post-thumbnail","6":"product_cat-juguetes-bienestar","7":"product_cat-juguetes-bienestar-juguetes-para-mujeres","8":"product_cat-juguetes-bienestar-juguetes-para-mujeresmasturbadores-para-ellas","9":"product_cat-juguetes-bienestar-vibradoresrotadores-y-vibradores","10":"product_cat-juguetes-bienestar-vibradores","11":"yith_product_brand-baile","12":"yith_product_brand-bailebaile-rotations","14":"first","15":"instock","16":"taxable","17":"shipping-taxable","18":"purchasable","19":"product-type-simple"},"aioseo_notices":[],"_links":{"self":[{"href":"https:\/\/www.mysexualfantasy.eu\/en\/wp-json\/wp\/v2\/product\/12672","targetHints":{"allow":["GET"]}}],"collection":[{"href":"https:\/\/www.mysexualfantasy.eu\/en\/wp-json\/wp\/v2\/product"}],"about":[{"href":"https:\/\/www.mysexualfantasy.eu\/en\/wp-json\/wp\/v2\/types\/product"}],"replies":[{"embeddable":true,"href":"https:\/\/www.mysexualfantasy.eu\/en\/wp-json\/wp\/v2\/comments?post=12672"}],"wp:featuredmedia":[{"embeddable":true,"href":"https:\/\/www.mysexualfantasy.eu\/en\/wp-json\/wp\/v2\/media\/44416"}],"wp:attachment":[{"href":"https:\/\/www.mysexualfantasy.eu\/en\/wp-json\/wp\/v2\/media?parent=12672"}],"wp:term":[{"taxonomy":"product_brand","embeddable":true,"href":"https:\/\/www.mysexualfantasy.eu\/en\/wp-json\/wp\/v2\/product_brand?post=12672"},{"taxonomy":"product_cat","embeddable":true,"href":"https:\/\/www.mysexualfantasy.eu\/en\/wp-json\/wp\/v2\/product_cat?post=12672"},{"taxonomy":"product_tag","embeddable":true,"href":"https:\/\/www.mysexualfantasy.eu\/en\/wp-json\/wp\/v2\/product_tag?post=12672"}],"curies":[{"name":"wp","href":"https:\/\/api.w.org\/{rel}","templated":true}]}}