{"id":12700,"date":"2023-01-13T11:35:14","date_gmt":"2023-01-13T11:35:14","guid":{"rendered":"https:\/\/www.mysexualfantasy.eu\/?post_type=product&#038;p=12700"},"modified":"2023-12-06T15:34:27","modified_gmt":"2023-12-06T15:34:27","slug":"pretty-love-chester-anillo-vibrador-negro","status":"publish","type":"product","link":"https:\/\/www.mysexualfantasy.eu\/en\/product\/pretty-love-chester-anillo-vibrador-negro\/","title":{"rendered":"PRETTY LOVE CHESTER ANILLO VIBRADOR NEGRO"},"content":{"rendered":"<p style=\"line-height: 16.6399993896484px;\">Pretty Love Chester, anillo vibrador de calidad inigualable, fabricado con la silicona de m\u00e1s alta calidad , se acciona mediante una bala vibradora que dispone de facil uso.<\/p>\n<ul style=\"line-height: 16.6399993896484px;\">\n<li>100% Silicona grado medico<\/li>\n<li>Bala vibradora fabricada en Abs \/ Funciona con dos pilas LR1130\u00a0<\/li>\n<li>Boton de facil uso On \/ Off<\/li>\n<\/ul>\n<p style=\"line-height: 16.6399993896484px;\">Te ayudar\u00e1 a potenciar la erecci\u00f3n y retrasar la eyaculaci\u00f3n, ademas de potenciar la sensacion con el estimulador de clitoris.<\/p>\n<p style=\"line-height: 16.6399993896484px;\">Descubre nuevas experiencias!!<\/p>","protected":false},"excerpt":{"rendered":"<p>PRETTY LOVE CHESTER COCKRING BLACK<\/p>","protected":false},"featured_media":31600,"comment_status":"open","ping_status":"closed","template":"","meta":{"_monsterinsights_skip_tracking":false,"_monsterinsights_sitenote_active":false,"_monsterinsights_sitenote_note":"","_monsterinsights_sitenote_category":0,"_joinchat":[]},"product_brand":[],"product_cat":[1170,1172,1171,1152,1160],"product_tag":[],"class_list":{"0":"post-12700","1":"product","2":"type-product","3":"status-publish","4":"has-post-thumbnail","6":"product_cat-juguetes-bienestar-juguetes-para-hombresaccesorios-para-el-pene","7":"product_cat-juguetes-bienestar-juguetes-para-hombresaccesorios-para-el-peneanillos-peneanillos-con-vibracion","8":"product_cat-juguetes-bienestar-juguetes-para-hombresaccesorios-para-el-peneanillos-pene","9":"product_cat-juguetes-bienestar","10":"product_cat-juguetes-bienestar-juguetes-para-hombres","11":"yith_product_brand-pretty-love","12":"yith_product_brand-pretty-lovepretty-love-male","14":"first","15":"instock","16":"taxable","17":"shipping-taxable","18":"purchasable","19":"product-type-simple"},"aioseo_notices":[],"_links":{"self":[{"href":"https:\/\/www.mysexualfantasy.eu\/en\/wp-json\/wp\/v2\/product\/12700","targetHints":{"allow":["GET"]}}],"collection":[{"href":"https:\/\/www.mysexualfantasy.eu\/en\/wp-json\/wp\/v2\/product"}],"about":[{"href":"https:\/\/www.mysexualfantasy.eu\/en\/wp-json\/wp\/v2\/types\/product"}],"replies":[{"embeddable":true,"href":"https:\/\/www.mysexualfantasy.eu\/en\/wp-json\/wp\/v2\/comments?post=12700"}],"wp:featuredmedia":[{"embeddable":true,"href":"https:\/\/www.mysexualfantasy.eu\/en\/wp-json\/wp\/v2\/media\/31600"}],"wp:attachment":[{"href":"https:\/\/www.mysexualfantasy.eu\/en\/wp-json\/wp\/v2\/media?parent=12700"}],"wp:term":[{"taxonomy":"product_brand","embeddable":true,"href":"https:\/\/www.mysexualfantasy.eu\/en\/wp-json\/wp\/v2\/product_brand?post=12700"},{"taxonomy":"product_cat","embeddable":true,"href":"https:\/\/www.mysexualfantasy.eu\/en\/wp-json\/wp\/v2\/product_cat?post=12700"},{"taxonomy":"product_tag","embeddable":true,"href":"https:\/\/www.mysexualfantasy.eu\/en\/wp-json\/wp\/v2\/product_tag?post=12700"}],"curies":[{"name":"wp","href":"https:\/\/api.w.org\/{rel}","templated":true}]}}