{"id":12847,"date":"2023-01-13T14:01:09","date_gmt":"2023-01-13T14:01:09","guid":{"rendered":"https:\/\/www.mysexualfantasy.eu\/?post_type=product&#038;p=12847"},"modified":"2023-12-06T16:26:29","modified_gmt":"2023-12-06T16:26:29","slug":"metalhard-cock-ring-40mm-cadena-con-bola-metal","status":"publish","type":"product","link":"https:\/\/www.mysexualfantasy.eu\/en\/product\/metalhard-cock-ring-40mm-cadena-con-bola-metal\/","title":{"rendered":"METALHARD COCK RING 40MM  + CADENA CON BOLA METAL"},"content":{"rendered":"<p style=\"line-height: 18.9091px;\">Anilla\u00a0acero inoxidable de forma \u00fanica y perfecto para el Pene con cadena metal y bola que se introduce la zona Anal! Incrementa tu grado de placer.<\/p>\n<ul>\n<li style=\"line-height: 18.9091px;\">Se ajusta f\u00e1cilmente al calor del cuerpo y encaja de forma realmente confortable.<\/li>\n<\/ul>\n<p style=\"line-height: 18.9091px;\">Disfruta de un tiempo ilimitado de placer y satisfacci\u00f3n tanto para ti como para tu pareja.<\/p>\n<ul style=\"line-height: 18.9091px;\">\n<li>Fabricado en acero inoxidable.<\/li>\n<li>Medidas \/ 40mm de diametro ( anilla ) + 17 cm de cadena.\u00a0<span style=\"line-height: 18.9091px;\">+ \u00a0Bola Metal de 40mm<\/span><\/li>\n<\/ul>\n<p style=\"line-height: 18.9091px;\">Conseguir\u00e1s retardar la eyaculaci\u00f3n y potenciar la erecci\u00f3n ademas de un doble placer con el orgasmo Anal.<\/p>\n<p style=\"line-height: 18.9091px;\">Atrevete con el bdsm y saca tu lado mas fetish!<\/p>","protected":false},"excerpt":{"rendered":"<p>METALHARD COCK RING 40MM + CHAIN BEAD<\/p>","protected":false},"featured_media":64190,"comment_status":"open","ping_status":"closed","template":"","meta":{"_monsterinsights_skip_tracking":false,"_monsterinsights_sitenote_active":false,"_monsterinsights_sitenote_note":"","_monsterinsights_sitenote_category":0,"_joinchat":[]},"product_brand":[],"product_cat":[1170,1162,1412,1176,1175,1186,1152,1160,1420],"product_tag":[],"class_list":{"0":"post-12847","1":"product","2":"type-product","3":"status-publish","4":"has-post-thumbnail","6":"product_cat-juguetes-bienestar-juguetes-para-hombresaccesorios-para-el-pene","7":"product_cat-juguetes-bienestar-anal","8":"product_cat-bdsm-bondage-articulos-bdsmanillas-pene-metal-bdsm","9":"product_cat-bdsm-bondage-articulos-bdsm","10":"product_cat-bdsm-bondage","11":"product_cat-juguetes-bienestar-fabricado-con-metal","12":"product_cat-juguetes-bienestar","13":"product_cat-juguetes-bienestar-juguetes-para-hombres","14":"product_cat-bdsm-bondage-articulos-bdsmplug-anal-bdsm","15":"yith_product_brand-metal-hard","17":"first","18":"instock","19":"taxable","20":"shipping-taxable","21":"purchasable","22":"product-type-simple"},"aioseo_notices":[],"_links":{"self":[{"href":"https:\/\/www.mysexualfantasy.eu\/en\/wp-json\/wp\/v2\/product\/12847","targetHints":{"allow":["GET"]}}],"collection":[{"href":"https:\/\/www.mysexualfantasy.eu\/en\/wp-json\/wp\/v2\/product"}],"about":[{"href":"https:\/\/www.mysexualfantasy.eu\/en\/wp-json\/wp\/v2\/types\/product"}],"replies":[{"embeddable":true,"href":"https:\/\/www.mysexualfantasy.eu\/en\/wp-json\/wp\/v2\/comments?post=12847"}],"wp:featuredmedia":[{"embeddable":true,"href":"https:\/\/www.mysexualfantasy.eu\/en\/wp-json\/wp\/v2\/media\/64190"}],"wp:attachment":[{"href":"https:\/\/www.mysexualfantasy.eu\/en\/wp-json\/wp\/v2\/media?parent=12847"}],"wp:term":[{"taxonomy":"product_brand","embeddable":true,"href":"https:\/\/www.mysexualfantasy.eu\/en\/wp-json\/wp\/v2\/product_brand?post=12847"},{"taxonomy":"product_cat","embeddable":true,"href":"https:\/\/www.mysexualfantasy.eu\/en\/wp-json\/wp\/v2\/product_cat?post=12847"},{"taxonomy":"product_tag","embeddable":true,"href":"https:\/\/www.mysexualfantasy.eu\/en\/wp-json\/wp\/v2\/product_tag?post=12847"}],"curies":[{"name":"wp","href":"https:\/\/api.w.org\/{rel}","templated":true}]}}