{"id":12853,"date":"2023-01-13T14:01:16","date_gmt":"2023-01-13T14:01:16","guid":{"rendered":"https:\/\/www.mysexualfantasy.eu\/?post_type=product&#038;p=12853"},"modified":"2023-12-06T16:26:31","modified_gmt":"2023-12-06T16:26:31","slug":"metalhard-anillo-con-gancho-anal-45mm","status":"publish","type":"product","link":"https:\/\/www.mysexualfantasy.eu\/en\/product\/metalhard-anillo-con-gancho-anal-45mm\/","title":{"rendered":"METALHARD ANILLO CON GANCHO ANAL 45MM"},"content":{"rendered":"<p style=\"line-height: 18.9091px;\">Este cockring es para BDSM pero puede ser utilizado por cualquiera que quiera un placer extra durante el acto sexual.<\/p>\n<p style=\"line-height: 18.9091px;\">Consiste en un aro de acero quir\u00fargico del que sale una barra con una bola en el extremo. La bola es para colocarla en el ano. Utiliza un poco de lubricante para introducirla. Est\u00e1 ergon\u00f3micamente dise\u00f1ado para que encaje perfectamente.<\/p>\n<p style=\"line-height: 18.9091px;\">Mantendr\u00e1 su funci\u00f3n de cockring para tu pene y test\u00edculos pero adem\u00e1s, con cada movimiento, sentir\u00e1s un placer incre\u00edble en el ano.<\/p>\n<ul style=\"line-height: 18.9091px;\">\n<li>Placer extremo!<\/li>\n<li>Tanto la bola como el cockring est\u00e1n fabricados en acero de grado quir\u00fargico y son hipoalerg\u00e9nicos.<\/li>\n<li>Colocar primero el pene y los test\u00edculos a trav\u00e9s del anillo y despu\u00e9s deslizar la bola<\/li>\n<\/ul>\n<p style=\"line-height: 18.9091px;\">Este cockring con bola anal est\u00e1 ergon\u00f3micamente dise\u00f1ado.<\/p>\n<p style=\"line-height: 18.9091px;\">El cockring de acero mantendr\u00e1 m\u00e1s fuerte la erecci\u00f3n mientras que el gancho con bola anal te dar\u00e1 estimulaci\u00f3n extra.\u00a0<\/p>\n<p style=\"line-height: 18.9091px;\">Medidas \/ \u00a0Anilla de 45mm diametro + Bola Anal de 45\u00a0mm diametro<\/p>","protected":false},"excerpt":{"rendered":"<p>METALHARD COCK RING WITH ANAL BEAD 45MM<\/p>","protected":false},"featured_media":64202,"comment_status":"open","ping_status":"closed","template":"","meta":{"_monsterinsights_skip_tracking":false,"_monsterinsights_sitenote_active":false,"_monsterinsights_sitenote_note":"","_monsterinsights_sitenote_category":0,"_joinchat":[]},"product_brand":[],"product_cat":[1162,1412,1176,1175,1186,1152,1420],"product_tag":[],"class_list":{"0":"post-12853","1":"product","2":"type-product","3":"status-publish","4":"has-post-thumbnail","6":"product_cat-juguetes-bienestar-anal","7":"product_cat-bdsm-bondage-articulos-bdsmanillas-pene-metal-bdsm","8":"product_cat-bdsm-bondage-articulos-bdsm","9":"product_cat-bdsm-bondage","10":"product_cat-juguetes-bienestar-fabricado-con-metal","11":"product_cat-juguetes-bienestar","12":"product_cat-bdsm-bondage-articulos-bdsmplug-anal-bdsm","13":"yith_product_brand-metal-hard","15":"first","16":"instock","17":"taxable","18":"shipping-taxable","19":"purchasable","20":"product-type-simple"},"aioseo_notices":[],"_links":{"self":[{"href":"https:\/\/www.mysexualfantasy.eu\/en\/wp-json\/wp\/v2\/product\/12853","targetHints":{"allow":["GET"]}}],"collection":[{"href":"https:\/\/www.mysexualfantasy.eu\/en\/wp-json\/wp\/v2\/product"}],"about":[{"href":"https:\/\/www.mysexualfantasy.eu\/en\/wp-json\/wp\/v2\/types\/product"}],"replies":[{"embeddable":true,"href":"https:\/\/www.mysexualfantasy.eu\/en\/wp-json\/wp\/v2\/comments?post=12853"}],"wp:featuredmedia":[{"embeddable":true,"href":"https:\/\/www.mysexualfantasy.eu\/en\/wp-json\/wp\/v2\/media\/64202"}],"wp:attachment":[{"href":"https:\/\/www.mysexualfantasy.eu\/en\/wp-json\/wp\/v2\/media?parent=12853"}],"wp:term":[{"taxonomy":"product_brand","embeddable":true,"href":"https:\/\/www.mysexualfantasy.eu\/en\/wp-json\/wp\/v2\/product_brand?post=12853"},{"taxonomy":"product_cat","embeddable":true,"href":"https:\/\/www.mysexualfantasy.eu\/en\/wp-json\/wp\/v2\/product_cat?post=12853"},{"taxonomy":"product_tag","embeddable":true,"href":"https:\/\/www.mysexualfantasy.eu\/en\/wp-json\/wp\/v2\/product_tag?post=12853"}],"curies":[{"name":"wp","href":"https:\/\/api.w.org\/{rel}","templated":true}]}}