{"id":12905,"date":"2023-01-13T14:02:32","date_gmt":"2023-01-13T14:02:32","guid":{"rendered":"https:\/\/www.mysexualfantasy.eu\/?post_type=product&#038;p=12905"},"modified":"2023-12-06T16:25:44","modified_gmt":"2023-12-06T16:25:44","slug":"metalhard-gancho-anal-bondage","status":"publish","type":"product","link":"https:\/\/www.mysexualfantasy.eu\/en\/product\/metalhard-gancho-anal-bondage\/","title":{"rendered":"METALHARD GANCHO ANAL BONDAGE"},"content":{"rendered":"<p>Gancho anal de acero para los amantes de las inmovilizaciones o la suspensi\u00f3n<\/p>\n<p>Tiene un grosor aproximado de 1,2\u00a0cm y tiene una anilla en la parte recta para atar una cuerda.<\/p>\n<ul>\n<li>El gancho est\u00e1 fabricado en acero de gran resistencia y tiene los bordes redondeados.<\/li>\n<li>La parte insertable mide unos 7.6\u00a0cm.<\/li>\n<li>Peso aproximado 300 gr.<\/li>\n<\/ul>\n<p>Este gancho anal est\u00e1 recomendado s\u00f3lo para usuarios experimentados en t\u00e9cnicas de seguridad de bondage y suspensi\u00f3n.<\/p>","protected":false},"excerpt":{"rendered":"<p>METALHARD GANCHO ANAL BONDAGE<\/p>","protected":false},"featured_media":64357,"comment_status":"open","ping_status":"closed","template":"","meta":{"_monsterinsights_skip_tracking":false,"_monsterinsights_sitenote_active":false,"_monsterinsights_sitenote_note":"","_monsterinsights_sitenote_category":0,"_joinchat":[]},"product_brand":[],"product_cat":[1410,1176,1175,1186,1152],"product_tag":[],"class_list":{"0":"post-12905","1":"product","2":"type-product","3":"status-publish","4":"has-post-thumbnail","6":"product_cat-bdsm-bondage-articulos-bdsmaccesorios-juego-doctor-bdsm","7":"product_cat-bdsm-bondage-articulos-bdsm","8":"product_cat-bdsm-bondage","9":"product_cat-juguetes-bienestar-fabricado-con-metal","10":"product_cat-juguetes-bienestar","11":"yith_product_brand-metal-hard","13":"first","14":"instock","15":"taxable","16":"shipping-taxable","17":"purchasable","18":"product-type-simple"},"aioseo_notices":[],"_links":{"self":[{"href":"https:\/\/www.mysexualfantasy.eu\/en\/wp-json\/wp\/v2\/product\/12905","targetHints":{"allow":["GET"]}}],"collection":[{"href":"https:\/\/www.mysexualfantasy.eu\/en\/wp-json\/wp\/v2\/product"}],"about":[{"href":"https:\/\/www.mysexualfantasy.eu\/en\/wp-json\/wp\/v2\/types\/product"}],"replies":[{"embeddable":true,"href":"https:\/\/www.mysexualfantasy.eu\/en\/wp-json\/wp\/v2\/comments?post=12905"}],"wp:featuredmedia":[{"embeddable":true,"href":"https:\/\/www.mysexualfantasy.eu\/en\/wp-json\/wp\/v2\/media\/64357"}],"wp:attachment":[{"href":"https:\/\/www.mysexualfantasy.eu\/en\/wp-json\/wp\/v2\/media?parent=12905"}],"wp:term":[{"taxonomy":"product_brand","embeddable":true,"href":"https:\/\/www.mysexualfantasy.eu\/en\/wp-json\/wp\/v2\/product_brand?post=12905"},{"taxonomy":"product_cat","embeddable":true,"href":"https:\/\/www.mysexualfantasy.eu\/en\/wp-json\/wp\/v2\/product_cat?post=12905"},{"taxonomy":"product_tag","embeddable":true,"href":"https:\/\/www.mysexualfantasy.eu\/en\/wp-json\/wp\/v2\/product_tag?post=12905"}],"curies":[{"name":"wp","href":"https:\/\/api.w.org\/{rel}","templated":true}]}}