{"id":12930,"date":"2023-01-13T12:50:25","date_gmt":"2023-01-13T12:50:25","guid":{"rendered":"https:\/\/www.mysexualfantasy.eu\/?post_type=product&#038;p=12930"},"modified":"2023-12-06T16:19:12","modified_gmt":"2023-12-06T16:19:12","slug":"aid-be-harder-crema-ereccion-para-el-pene-en-de-fr-es-it-nl","status":"publish","type":"product","link":"https:\/\/www.mysexualfantasy.eu\/en\/product\/aid-be-harder-crema-ereccion-para-el-pene-en-de-fr-es-it-nl\/","title":{"rendered":"AID BE HARDER CREMA ERECCI\u00d3N PARA EL PENE"},"content":{"rendered":"<p>Es una crema exclusiva que ayuda a estimular la erecci\u00f3n.<\/p>\n<ul>\n<li>Permite disfrutar durante m\u00e1s tiempo y con m\u00e1s placer.<\/li>\n<\/ul>\n<p>La f\u00f3rmula exclusiva a partir de extractos naturales de plantas estimula la circulaci\u00f3n sangu\u00ednea a los genitales masculinos, logrando una inmejorable erecci\u00f3n.<\/p>\n<p>Envase de 45ml<\/p>\n<p>* Este producto contiene una etiqueta con instrucciones facilitadas en los siguientes idiomas: \/en\/de\/fr\/es\/it\/nl\/<\/p>","protected":false},"excerpt":{"rendered":"<p>PACKAGING DISPONIBLE EN: \/en\/de\/fr\/es\/it\/nl\/<\/p>","protected":false},"featured_media":53751,"comment_status":"open","ping_status":"closed","template":"","meta":{"_monsterinsights_skip_tracking":false,"_monsterinsights_sitenote_active":false,"_monsterinsights_sitenote_note":"","_monsterinsights_sitenote_category":0,"_joinchat":[]},"product_brand":[],"product_cat":[1346,1350,1203,1342],"product_tag":[],"class_list":{"0":"post-12930","1":"product","2":"type-product","3":"status-publish","4":"has-post-thumbnail","6":"product_cat-drogueria-estimulantes-para-ellosaumento-del-pene","7":"product_cat-drogueria-estimulantes-para-ellosaumento-ereccion","8":"product_cat-drogueria","9":"product_cat-drogueria-estimulantes-para-ellos","10":"yith_product_brand-cobeco-pharmacobeco-velv-or","11":"yith_product_brand-cobeco-pharma","13":"first","14":"instock","15":"taxable","16":"shipping-taxable","17":"purchasable","18":"product-type-simple"},"aioseo_notices":[],"_links":{"self":[{"href":"https:\/\/www.mysexualfantasy.eu\/en\/wp-json\/wp\/v2\/product\/12930","targetHints":{"allow":["GET"]}}],"collection":[{"href":"https:\/\/www.mysexualfantasy.eu\/en\/wp-json\/wp\/v2\/product"}],"about":[{"href":"https:\/\/www.mysexualfantasy.eu\/en\/wp-json\/wp\/v2\/types\/product"}],"replies":[{"embeddable":true,"href":"https:\/\/www.mysexualfantasy.eu\/en\/wp-json\/wp\/v2\/comments?post=12930"}],"wp:featuredmedia":[{"embeddable":true,"href":"https:\/\/www.mysexualfantasy.eu\/en\/wp-json\/wp\/v2\/media\/53751"}],"wp:attachment":[{"href":"https:\/\/www.mysexualfantasy.eu\/en\/wp-json\/wp\/v2\/media?parent=12930"}],"wp:term":[{"taxonomy":"product_brand","embeddable":true,"href":"https:\/\/www.mysexualfantasy.eu\/en\/wp-json\/wp\/v2\/product_brand?post=12930"},{"taxonomy":"product_cat","embeddable":true,"href":"https:\/\/www.mysexualfantasy.eu\/en\/wp-json\/wp\/v2\/product_cat?post=12930"},{"taxonomy":"product_tag","embeddable":true,"href":"https:\/\/www.mysexualfantasy.eu\/en\/wp-json\/wp\/v2\/product_tag?post=12930"}],"curies":[{"name":"wp","href":"https:\/\/api.w.org\/{rel}","templated":true}]}}