{"id":12933,"date":"2023-01-13T12:54:59","date_gmt":"2023-01-13T12:54:59","guid":{"rendered":"https:\/\/www.mysexualfantasy.eu\/?post_type=product&#038;p=12933"},"modified":"2023-12-06T15:55:26","modified_gmt":"2023-12-06T15:55:26","slug":"bathmate-hydromax-5-transparente","status":"publish","type":"product","link":"https:\/\/www.mysexualfantasy.eu\/en\/product\/bathmate-hydromax-5-transparente\/","title":{"rendered":"BATHMATE &#8211; HYDROMAX 5 TRANSPARENTE"},"content":{"rendered":"<p>35% m\u00e1s potente que el original H\u00c9RCULES. Bathmate Hydromax es el \u00faltimo y m\u00e1s novedoso desarrollador de pene con tecnolog\u00eda hidr\u00e1ulica.<\/p>\n<p>Consigue unas poderosas erecciones de forma segura y sencilla, prolongando la duraci\u00f3n y dureza al mismo tiempo que desarrollas y agrandas tu pene. Ventajas y caracter\u00edsticas:<\/p>\n<ul>\n<li>Posici\u00f3n de duelo giratorio para m\u00e1ximo confort.<\/li>\n<li>Dise\u00f1ado para utilizar con anillos de placer Hydromax.<\/li>\n<li>Almohadilla ultra suave que asegura un sellado s\u00f3lido.<\/li>\n<li>Incre\u00edble efecto en el agua y fuera del agua.<\/li>\n<li>V\u00e1lvula para permitir ejercitar al pene mejor.<\/li>\n<\/ul>\n<p>Miles de hombres que ya han disfrutado de Bathmate se han sorprendido gratamente de los r\u00e1pidos resultados conseguidos. Con el uso de Bathmate podemos obtener la longitud y grosor extra que siempre hemos querido.<\/p>\n<p>Quiz\u00e1s usted no sab\u00eda que podr\u00eda aumentar considerablemente el tama\u00f1o de su pene, en la comodidad y privacidad de su propio cuarto de ba\u00f1o con resultados asombrosos, en tan s\u00f3lo de 15 a 20 minutos por d\u00eda durante 6 semanas.<\/p>\n<p>\u00a1Con Bathmate conseguir\u00e1 un pene mucho m\u00e1s grueso, largo y saludable, d\u00e1ndole ganancias permanentes, que se pueden disfrutar para siempre! Muchos hombres est\u00e1n usando este dispositivo ahora mismo, sentados en su ba\u00f1era o ducha..\u00a0obteniendo resultados instant\u00e1neos, efectivos, y de r\u00e1pido progreso solo con Bathmate.<\/p>\n<p>C\u00f3mo se utiliza?<\/p>\n<ol>\n<li>Llenar la ba\u00f1era con agua.<\/li>\n<li>Una vez que est\u00e9 en la ba\u00f1era, coloque el Bathmate bajo el agua hasta que se llene completamente. A continuaci\u00f3n se introduce el pene en el interior y se apoya sobre la base de la pelvis.<\/li>\n<li>Empuje repetidas veces el Bathmate hacia usted. Esto hace funcionar el mecanismo de contracci\u00f3n hidr\u00e1ulico de la base de la bomba, creando el efecto de vac\u00edo. Usted comenzar\u00e1 a sentir que la presi\u00f3n aumenta. Conforme el agua es evacuada del interior a trav\u00e9s de la v\u00e1lvula superior, el pene se expande m\u00e1s y m\u00e1s.<\/li>\n<li>Una vez que no puede bombear m\u00e1s, simplemente descanse durante cinco minutos. El vac\u00edo m\u00e1s \u00f3ptimo es cuando ya no puede expulsar m\u00e1s agua del interior de Bathmate.<\/li>\n<li>Vuelva a repetir la operaci\u00f3n de bombeo cada cuatro o cinco minutos, descanse y repita la maniobra. Es necesario repetir esta operaci\u00f3n, ya que en cada ciclo de compresi\u00f3n, hay un momento en el que no se puede extraer m\u00e1s agua.<\/li>\n<li>Si siente que la presi\u00f3n es demasiado fuerte, libere la v\u00e1lvula superior ligeramente. Recuerde hacerlo dentro del agua para evitar que entre aire. Despu\u00e9s de 15 o 20 minutos de uso, reduzca la presi\u00f3n presionando el liberador de presi\u00f3n en la parte superior de Bathmate. Luego p\u00f3ngase de pie y compruebe los resultados inmediatos. \u00a1No se decepcionar\u00e1!.<\/li>\n<li>Se recomienda usar de 15 a 20 minutos por sesi\u00f3n, tres veces por semana para obtener mejores resultados.<\/li>\n<\/ol>\n<p>Medidas: 26 cm x 9 cm<\/p>\n<p style=\"text-align: center;\"><iframe allowfullscreen=\"\" frameborder=\"0\" height=\"300\" scrolling=\"no\" src=\"https:\/\/www.youtube-nocookie.com\/embed\/YuxTep1jbag\" width=\"700\"><\/iframe><\/p>\n<p style=\"text-align: center;\"><iframe allowfullscreen=\"\" frameborder=\"0\" height=\"300\" scrolling=\"no\" src=\"https:\/\/www.youtube-nocookie.com\/embed\/aa9oQSg6LhA\" width=\"700\"><\/iframe><iframe allowfullscreen=\"\" frameborder=\"0\" height=\"300\" scrolling=\"no\" src=\"https:\/\/www.youtube-nocookie.com\/embed\/qJmXdEHancc\" width=\"700\"><\/iframe><\/p>","protected":false},"excerpt":{"rendered":"<p>BATHMATE &#8211; HYDROMAX 5 PENIS PUMP CLEAR<\/p>","protected":false},"featured_media":54405,"comment_status":"open","ping_status":"closed","template":"","meta":{"_monsterinsights_skip_tracking":false,"_monsterinsights_sitenote_active":false,"_monsterinsights_sitenote_note":"","_monsterinsights_sitenote_category":0,"_joinchat":[]},"product_brand":[],"product_cat":[1161,1152,1160,1245],"product_tag":[],"class_list":{"0":"post-12933","1":"product","2":"type-product","3":"status-publish","4":"has-post-thumbnail","6":"product_cat-juguetes-bienestar-juguetes-para-hombresbomba-alargadora-pene","7":"product_cat-juguetes-bienestar","8":"product_cat-juguetes-bienestar-juguetes-para-hombres","9":"product_cat-juguetes-bienestar-sistemas-alargamiento-pene","10":"yith_product_brand-bathmate","12":"first","13":"instock","14":"taxable","15":"shipping-taxable","16":"purchasable","17":"product-type-simple"},"aioseo_notices":[],"_links":{"self":[{"href":"https:\/\/www.mysexualfantasy.eu\/en\/wp-json\/wp\/v2\/product\/12933","targetHints":{"allow":["GET"]}}],"collection":[{"href":"https:\/\/www.mysexualfantasy.eu\/en\/wp-json\/wp\/v2\/product"}],"about":[{"href":"https:\/\/www.mysexualfantasy.eu\/en\/wp-json\/wp\/v2\/types\/product"}],"replies":[{"embeddable":true,"href":"https:\/\/www.mysexualfantasy.eu\/en\/wp-json\/wp\/v2\/comments?post=12933"}],"wp:featuredmedia":[{"embeddable":true,"href":"https:\/\/www.mysexualfantasy.eu\/en\/wp-json\/wp\/v2\/media\/54405"}],"wp:attachment":[{"href":"https:\/\/www.mysexualfantasy.eu\/en\/wp-json\/wp\/v2\/media?parent=12933"}],"wp:term":[{"taxonomy":"product_brand","embeddable":true,"href":"https:\/\/www.mysexualfantasy.eu\/en\/wp-json\/wp\/v2\/product_brand?post=12933"},{"taxonomy":"product_cat","embeddable":true,"href":"https:\/\/www.mysexualfantasy.eu\/en\/wp-json\/wp\/v2\/product_cat?post=12933"},{"taxonomy":"product_tag","embeddable":true,"href":"https:\/\/www.mysexualfantasy.eu\/en\/wp-json\/wp\/v2\/product_tag?post=12933"}],"curies":[{"name":"wp","href":"https:\/\/api.w.org\/{rel}","templated":true}]}}