{"id":12943,"date":"2023-01-13T11:35:15","date_gmt":"2023-01-13T11:35:15","guid":{"rendered":"https:\/\/www.mysexualfantasy.eu\/?post_type=product&#038;p=12943"},"modified":"2023-12-06T15:34:34","modified_gmt":"2023-12-06T15:34:34","slug":"bathmate-anillo-pene-barbarian-negro","status":"publish","type":"product","link":"https:\/\/www.mysexualfantasy.eu\/en\/product\/bathmate-anillo-pene-barbarian-negro\/","title":{"rendered":"BATHMATE &#8211; ANILLO PENE BARBARIAN NEGRO"},"content":{"rendered":"<p style=\"line-height: 20.8px;\">Para experiencias bathmate totalmente optimas estos anillos estan dise\u00f1ados para ser el mas resistente y flexible anillo para el pene.<\/p>\n<p style=\"line-height: 20.8px;\">Con este anillo conseguir\u00e1s que tu erecci\u00f3n sea mucho m\u00e1s duradera, retardar la eyaculaci\u00f3n y mantener tu pene erecto mucho m\u00e1s tiempo.<\/p>\n<p style=\"line-height: 20.8px;\">Los poderosos anillos Bathmate te proporcionan la mejor arma.<\/p>\n<ul style=\"line-height: 20.8px;\">\n<li>Fabricado con material TPR 100% respetuoso con tu cuerpo<\/li>\n<\/ul>\n<p style=\"line-height: 20.8px;\">Siente la experiencia Bathmate<\/p>","protected":false},"excerpt":{"rendered":"<p>BATHMATE &#8211; POWER RINGS BARBARIAN<\/p>","protected":false},"featured_media":31609,"comment_status":"open","ping_status":"closed","template":"","meta":{"_monsterinsights_skip_tracking":false,"_monsterinsights_sitenote_active":false,"_monsterinsights_sitenote_note":"","_monsterinsights_sitenote_category":0,"_joinchat":[]},"product_brand":[],"product_cat":[1170,1171,1297,1152,1160],"product_tag":[],"class_list":{"0":"post-12943","1":"product","2":"type-product","3":"status-publish","4":"has-post-thumbnail","6":"product_cat-juguetes-bienestar-juguetes-para-hombresaccesorios-para-el-pene","7":"product_cat-juguetes-bienestar-juguetes-para-hombresaccesorios-para-el-peneanillos-pene","8":"product_cat-juguetes-bienestar-juguetes-para-hombresaccesorios-para-el-peneanillos-peneanillos-sin-vibracion","9":"product_cat-juguetes-bienestar","10":"product_cat-juguetes-bienestar-juguetes-para-hombres","11":"yith_product_brand-bathmate","13":"first","14":"instock","15":"taxable","16":"shipping-taxable","17":"purchasable","18":"product-type-simple"},"aioseo_notices":[],"_links":{"self":[{"href":"https:\/\/www.mysexualfantasy.eu\/en\/wp-json\/wp\/v2\/product\/12943","targetHints":{"allow":["GET"]}}],"collection":[{"href":"https:\/\/www.mysexualfantasy.eu\/en\/wp-json\/wp\/v2\/product"}],"about":[{"href":"https:\/\/www.mysexualfantasy.eu\/en\/wp-json\/wp\/v2\/types\/product"}],"replies":[{"embeddable":true,"href":"https:\/\/www.mysexualfantasy.eu\/en\/wp-json\/wp\/v2\/comments?post=12943"}],"wp:featuredmedia":[{"embeddable":true,"href":"https:\/\/www.mysexualfantasy.eu\/en\/wp-json\/wp\/v2\/media\/31609"}],"wp:attachment":[{"href":"https:\/\/www.mysexualfantasy.eu\/en\/wp-json\/wp\/v2\/media?parent=12943"}],"wp:term":[{"taxonomy":"product_brand","embeddable":true,"href":"https:\/\/www.mysexualfantasy.eu\/en\/wp-json\/wp\/v2\/product_brand?post=12943"},{"taxonomy":"product_cat","embeddable":true,"href":"https:\/\/www.mysexualfantasy.eu\/en\/wp-json\/wp\/v2\/product_cat?post=12943"},{"taxonomy":"product_tag","embeddable":true,"href":"https:\/\/www.mysexualfantasy.eu\/en\/wp-json\/wp\/v2\/product_tag?post=12943"}],"curies":[{"name":"wp","href":"https:\/\/api.w.org\/{rel}","templated":true}]}}