{"id":12948,"date":"2023-01-13T12:55:09","date_gmt":"2023-01-13T12:55:09","guid":{"rendered":"https:\/\/www.mysexualfantasy.eu\/?post_type=product&#038;p=12948"},"modified":"2023-12-06T15:12:25","modified_gmt":"2023-12-06T15:12:25","slug":"arnes-de-soporte-bathmate-shower-strap","status":"publish","type":"product","link":"https:\/\/www.mysexualfantasy.eu\/en\/product\/arnes-de-soporte-bathmate-shower-strap\/","title":{"rendered":"ARN\u00c9S DE SOPORTE BATHMATE &#8211; SHOWER STRAP"},"content":{"rendered":"<p>El arn\u00e9s de soporte BATHMATE SHOWER STRAP est\u00e1 dise\u00f1ado para utilizar con la gama de bombas bathmate.<\/p>\n<p>Este arn\u00e9s fue especialmente dise\u00f1ado para su uso en el ba\u00f1o y ofrece el m\u00e1ximo conforto y una utilizaci\u00f3n muy pr\u00e1ctica.<\/p>\n<p>Puede usar alrededor del cuello o en el hombro mientras se ba\u00f1a.<\/p>","protected":false},"excerpt":{"rendered":"<p>BATHMATE &#8211; SHOWER STRAP<\/p>","protected":false},"featured_media":54425,"comment_status":"open","ping_status":"closed","template":"","meta":{"_monsterinsights_skip_tracking":false,"_monsterinsights_sitenote_active":false,"_monsterinsights_sitenote_note":"","_monsterinsights_sitenote_category":0,"_joinchat":[]},"product_brand":[],"product_cat":[1152,1245],"product_tag":[],"class_list":{"0":"post-12948","1":"product","2":"type-product","3":"status-publish","4":"has-post-thumbnail","6":"product_cat-juguetes-bienestar","7":"product_cat-juguetes-bienestar-sistemas-alargamiento-pene","8":"yith_product_brand-bathmate","10":"first","11":"instock","12":"taxable","13":"shipping-taxable","14":"purchasable","15":"product-type-simple"},"aioseo_notices":[],"_links":{"self":[{"href":"https:\/\/www.mysexualfantasy.eu\/en\/wp-json\/wp\/v2\/product\/12948","targetHints":{"allow":["GET"]}}],"collection":[{"href":"https:\/\/www.mysexualfantasy.eu\/en\/wp-json\/wp\/v2\/product"}],"about":[{"href":"https:\/\/www.mysexualfantasy.eu\/en\/wp-json\/wp\/v2\/types\/product"}],"replies":[{"embeddable":true,"href":"https:\/\/www.mysexualfantasy.eu\/en\/wp-json\/wp\/v2\/comments?post=12948"}],"wp:featuredmedia":[{"embeddable":true,"href":"https:\/\/www.mysexualfantasy.eu\/en\/wp-json\/wp\/v2\/media\/54425"}],"wp:attachment":[{"href":"https:\/\/www.mysexualfantasy.eu\/en\/wp-json\/wp\/v2\/media?parent=12948"}],"wp:term":[{"taxonomy":"product_brand","embeddable":true,"href":"https:\/\/www.mysexualfantasy.eu\/en\/wp-json\/wp\/v2\/product_brand?post=12948"},{"taxonomy":"product_cat","embeddable":true,"href":"https:\/\/www.mysexualfantasy.eu\/en\/wp-json\/wp\/v2\/product_cat?post=12948"},{"taxonomy":"product_tag","embeddable":true,"href":"https:\/\/www.mysexualfantasy.eu\/en\/wp-json\/wp\/v2\/product_tag?post=12948"}],"curies":[{"name":"wp","href":"https:\/\/api.w.org\/{rel}","templated":true}]}}