{"id":1303,"date":"2023-01-13T13:27:15","date_gmt":"2023-01-13T13:27:15","guid":{"rendered":"https:\/\/www.mysexualfantasy.eu\/?post_type=product&#038;p=1303"},"modified":"2023-12-06T15:33:58","modified_gmt":"2023-12-06T15:33:58","slug":"fleshlight-pink-lady-stamina-training-unit","status":"publish","type":"product","link":"https:\/\/www.mysexualfantasy.eu\/en\/product\/fleshlight-pink-lady-stamina-training-unit\/","title":{"rendered":"FLESHLIGHT PINK LADY STAMINA TRAINING UNIT"},"content":{"rendered":"<p>La pr\u00e1ctica hace al maestro, sobre todo en la cama. Stamina Training Unit est\u00e1 especialmente dise\u00f1ado para reproducir las intensas sensaciones de la verdadera relaci\u00f3n sexual, ayudando a mejorar la resistencia, el rendimiento y las t\u00e9cnicas sexuales de los usuarios, as\u00ed como a aumentar e intensificar los orgasmos.<\/p>\n<p><strong>\u00a1EL PRODUCTO DE FLESHLIGHT M\u00c1S VENDIDO DEL MUNDO!<\/strong><\/p>\n<p>Est\u00e1 entrenando para un marat\u00f3n que le tendr\u00e1 horas y horas corriendo? O tal vez est\u00e1 tratando de ir un paso m\u00e1s all\u00e1 a trav\u00e9s de la dura competencia con una fuerza desenfrenada? De cualquier manera, Stamina Training Unit de Fleshlight es el accesorio perfecto. Al igual que su entrenador de atletismo de la universidad, nuestro dispositivo le proporcionar\u00e1 un duro entrenamiento para participar en cualquier carrera en la que desee competir. Stamina Training Unit reproduce en una manera incre\u00edble las sensaciones de las verdaderas relaciones sexuales y le obliga a ser mejor en la cama &#8211; algo que usted pudo haber fantaseado ya con su entrenador de atletismo.<\/p>\n<ul>\n<li>\u00a0 \u00a0 Entrene de manera segura para mejorar su rendimiento sexual y aguantar m\u00e1s tiempo<\/li>\n<li>\u00a0\u00a0\u00a0 Textura de la manga dise\u00f1ada para reproducir la sensaci\u00f3n de una verdadera relaci\u00f3n sexual<\/li>\n<li>\u00a0\u00a0\u00a0 Alta calidad, Material SuperSkin\u2122 patentado y fabricado en los Estados Unidos<\/li>\n<li>\u00a0\u00a0\u00a0 La manga no es t\u00f3xica y est\u00e1 libre de ftalatos<\/li>\n<li>\u00a0\u00a0\u00a0 El dise\u00f1o patentado del estuche permite un ajuste variable con tan s\u00f3lo girar el tap\u00f3n<\/li>\n<li>\u00a0\u00a0\u00a0 F\u00e1cil de usar y limpiar; larga duraci\u00f3n y construcci\u00f3n duradera<\/li>\n<li>\u00a0\u00a0\u00a0 La unidad completa mide 25.4 cm de largo y 10 de di\u00e1metro<\/li>\n<\/ul>\n<p>\u00a0<\/p>\n<p><strong>INCLUYE<\/strong><\/p>\n<p>Esto es lo que recibir\u00e1 en su paquete STU<\/p>\n<ul>\n<li>Exclusivo Estuche Gold<\/li>\n<li>Manga patentada SuperSkin<\/li>\n<li>Orificio Lady<\/li>\n<li>Instrucciones de uso y mantenimiento<\/li>\n<li>E-gu\u00eda GRATUITA para aumentar su resistencia<\/li>\n<\/ul>\n<p>\u00a0<\/p>\n<p>\u00a0<\/p>\n<p>La clave para poder durar m\u00e1s tiempo en la cama y convertirse en el amante que cada mujer sue\u00f1a con tener, no es una crema, p\u00edldora, o poci\u00f3n\u2026es la PR\u00c1CTICA.<\/p>\n<p>El producto de masturbaci\u00f3n Unidad de STU\u2122 (Stamina Training Unit), es un juguete de sexo para hombres dise\u00f1ado espec\u00edficamente para reproducir la incre\u00edble sensaci\u00f3n de la relaci\u00f3n sexual mejorando su resistencia y t\u00e9cnicas y experimentando intensos orgasmos.<\/p>\n<p>Cuando usted se masturba utilizando Fleshlight STU, no s\u00f3lo estar\u00e1 mejorando su resistencia y t\u00e9cnicas sexuales, sino que tambi\u00e9n experimentar\u00e1 un intenso orgasmo que s\u00f3lo es alcanzable usando los juguetes sexuales para hombres de Fleshlight.<\/p>\n<p>Si usted consigue resistir 10 minutos con STU, puede resistir 20 minutos en la cama con cualquiera. Fleshlight Pink Lady STU incluye el exclusivo Estuche dorado Gold Fleshlight.<\/p>\n<p>Su compra incluye un exclusivo estuche Gold Fleshlight creado a partir de una linterna com\u00fan. La manga puede extraerse de manera sencilla del estuche para una limpieza m\u00e1s c\u00f3moda despu\u00e9s de su uso. Su estuche Fleshlight es perfecto para guardar su juguete sexual de la manera m\u00e1s discreta posible.<\/p>\n<p>Fleshlight End Cap AdjustmentEl dise\u00f1o patentado de nuestro producto permite ajustar la manga al estuche durante su uso, manteniendo una presi\u00f3n y resistencia adecuadas a lo largo de la experiencia.<\/p>\n<p>Hemos a\u00f1adido varios \u00abconductos\u00bb en el extremo inferior del estuch Fleshlight. Mediante la regulaci\u00f3n m\u00e1s o menos apretada del tap\u00f3n podr\u00e1 controlar la succi\u00f3n empleada durante el uso.<\/p>\n<p>Si le preocupa el ruido o molestar a sus familiares y vecinos, puede aflojar el tap\u00f3n hasta dejarlo totalmente abierto, y masturbarse de manera m\u00e1s tranquila con succi\u00f3n de menor intensidad.<\/p>\n<p>Los estuches Fleshlight son compatibles con la mayor parte de las mangas Fleshlight, lo que le permite ampliar su colecci\u00f3n de manera sencilla combinando una gran variedad de mangas con varios dise\u00f1os y texturas sin necesidad de comprar un nuevo producto<\/p>\n<p>Recomendamos que guarde sus mangas Fleshlight en un estuche adecuado para tenerlas en condiciones \u00f3ptimas de uso.<\/p>\n<p>Usando Fleshlight\u00ae con frecuencia, fortalecer\u00e1s tus erecciones y aumentar\u00e1s la fortaleza del pene, debido al entrenamiento de los tejidos del miembro. Notar\u00e1s una mejora en pocos meses.<\/p>\n<ul>\n<li>Se adapta a todos los tama\u00f1os de pene.<\/li>\n<\/ul>\n<p>Incluye una pr\u00e1ctica tapa, para poder guardarlo y protegerlo, una vez utilizado.<\/p>\n<p>\u00a0<\/p>\n<p style=\"text-align: center;\">\u00a0<\/p>","protected":false},"excerpt":{"rendered":"<p>FLESHLIGHT PINK LADY STAMINA TRAINING UNIT<\/p>","protected":false},"featured_media":59459,"comment_status":"open","ping_status":"closed","template":"","meta":{"_monsterinsights_skip_tracking":false,"_monsterinsights_sitenote_active":false,"_monsterinsights_sitenote_note":"","_monsterinsights_sitenote_category":0,"_joinchat":[]},"product_brand":[],"product_cat":[1152,1160,1167,1168],"product_tag":[],"class_list":{"0":"post-1303","1":"product","2":"type-product","3":"status-publish","4":"has-post-thumbnail","6":"product_cat-juguetes-bienestar","7":"product_cat-juguetes-bienestar-juguetes-para-hombres","8":"product_cat-juguetes-bienestar-juguetes-para-hombresmasturbadores-para-ellos","9":"product_cat-juguetes-bienestar-juguetes-para-hombresvaginas-y-anos","10":"yith_product_brand-fleshlight","12":"first","13":"instock","14":"taxable","15":"shipping-taxable","16":"purchasable","17":"product-type-simple"},"aioseo_notices":[],"_links":{"self":[{"href":"https:\/\/www.mysexualfantasy.eu\/en\/wp-json\/wp\/v2\/product\/1303","targetHints":{"allow":["GET"]}}],"collection":[{"href":"https:\/\/www.mysexualfantasy.eu\/en\/wp-json\/wp\/v2\/product"}],"about":[{"href":"https:\/\/www.mysexualfantasy.eu\/en\/wp-json\/wp\/v2\/types\/product"}],"replies":[{"embeddable":true,"href":"https:\/\/www.mysexualfantasy.eu\/en\/wp-json\/wp\/v2\/comments?post=1303"}],"wp:featuredmedia":[{"embeddable":true,"href":"https:\/\/www.mysexualfantasy.eu\/en\/wp-json\/wp\/v2\/media\/59459"}],"wp:attachment":[{"href":"https:\/\/www.mysexualfantasy.eu\/en\/wp-json\/wp\/v2\/media?parent=1303"}],"wp:term":[{"taxonomy":"product_brand","embeddable":true,"href":"https:\/\/www.mysexualfantasy.eu\/en\/wp-json\/wp\/v2\/product_brand?post=1303"},{"taxonomy":"product_cat","embeddable":true,"href":"https:\/\/www.mysexualfantasy.eu\/en\/wp-json\/wp\/v2\/product_cat?post=1303"},{"taxonomy":"product_tag","embeddable":true,"href":"https:\/\/www.mysexualfantasy.eu\/en\/wp-json\/wp\/v2\/product_tag?post=1303"}],"curies":[{"name":"wp","href":"https:\/\/api.w.org\/{rel}","templated":true}]}}