{"id":13339,"date":"2023-01-13T11:36:27","date_gmt":"2023-01-13T11:36:27","guid":{"rendered":"https:\/\/www.mysexualfantasy.eu\/?post_type=product&#038;p=13339"},"modified":"2023-12-06T15:49:08","modified_gmt":"2023-12-06T15:49:08","slug":"fantasy-c-ringz-rock-hard-anilla-anti-retraccion-testiculos","status":"publish","type":"product","link":"https:\/\/www.mysexualfantasy.eu\/en\/product\/fantasy-c-ringz-rock-hard-anilla-anti-retraccion-testiculos\/","title":{"rendered":"FANTASY C-RINGZ &#8211; ROCK HARD ANILLA  ANTI RETRACCI\u00d3N TESTICULOS"},"content":{"rendered":"<p style=\"line-height: 20.8px;\">Cockring de silicona super ligero y suave,\u00a0moldea su pene\u00a0a la perfecci\u00f3n. Su dise\u00f1o\u00a0lo mantiene suavemente pero con firmeza a la vez que empuja su paquete hacia delante&#8230; e<span style=\"line-height: 20.8px;\">ste modelo tiene un dise\u00f1o 100% industrial pero tambi\u00e9n es 100% anat\u00f3mico. Tus partes estar\u00e1n bien situadas, ponlo de cualquier forma para que satisfaga tus placeres y necesidades.<\/span><\/p>\n<ul style=\"line-height: 20.8px;\">\n<li>Consigue una erecci\u00f3n dura y fuerte<\/li>\n<li>100% Silicona suave \u00a0y comfortable.<\/li>\n<\/ul>\n<p style=\"line-height: 20.8px;\"><span style=\"line-height: 20.8px;\">La gama Black de Fantasy C-ring est\u00e1 100% pensando para el hombre que busca aumentar sensaciones sin limites sea cual sea su condicion sexual, ya que toda la gama ha sido desarrollada por heteresexuales y homosexuales pensada por y para el hombre!<\/span><\/p>\n<p style=\"text-align: center;\">\u00a0<\/p>\n<p style=\"text-align: center;\"><iframe allowfullscreen=\"\" frameborder=\"0\" height=\"400\" mozallowfullscreen=\"\" src=\"https:\/\/player.vimeo.com\/video\/142285757\" webkitallowfullscreen=\"\" width=\"700\"><\/iframe><\/p>","protected":false},"excerpt":{"rendered":"<p>FANTASY C-RINGZ &#8211; ROCK HARD RING   STRETCHER<\/p>","protected":false},"featured_media":36283,"comment_status":"open","ping_status":"closed","template":"","meta":{"_monsterinsights_skip_tracking":false,"_monsterinsights_sitenote_active":false,"_monsterinsights_sitenote_note":"","_monsterinsights_sitenote_category":0,"_joinchat":[]},"product_brand":[],"product_cat":[1170,1171,1297,1152,1160],"product_tag":[],"class_list":{"0":"post-13339","1":"product","2":"type-product","3":"status-publish","4":"has-post-thumbnail","6":"product_cat-juguetes-bienestar-juguetes-para-hombresaccesorios-para-el-pene","7":"product_cat-juguetes-bienestar-juguetes-para-hombresaccesorios-para-el-peneanillos-pene","8":"product_cat-juguetes-bienestar-juguetes-para-hombresaccesorios-para-el-peneanillos-peneanillos-sin-vibracion","9":"product_cat-juguetes-bienestar","10":"product_cat-juguetes-bienestar-juguetes-para-hombres","11":"yith_product_brand-pipedreamsfantasy-c-ringz","12":"yith_product_brand-pipedreams","14":"first","15":"instock","16":"taxable","17":"shipping-taxable","18":"purchasable","19":"product-type-simple"},"aioseo_notices":[],"_links":{"self":[{"href":"https:\/\/www.mysexualfantasy.eu\/en\/wp-json\/wp\/v2\/product\/13339","targetHints":{"allow":["GET"]}}],"collection":[{"href":"https:\/\/www.mysexualfantasy.eu\/en\/wp-json\/wp\/v2\/product"}],"about":[{"href":"https:\/\/www.mysexualfantasy.eu\/en\/wp-json\/wp\/v2\/types\/product"}],"replies":[{"embeddable":true,"href":"https:\/\/www.mysexualfantasy.eu\/en\/wp-json\/wp\/v2\/comments?post=13339"}],"wp:featuredmedia":[{"embeddable":true,"href":"https:\/\/www.mysexualfantasy.eu\/en\/wp-json\/wp\/v2\/media\/36283"}],"wp:attachment":[{"href":"https:\/\/www.mysexualfantasy.eu\/en\/wp-json\/wp\/v2\/media?parent=13339"}],"wp:term":[{"taxonomy":"product_brand","embeddable":true,"href":"https:\/\/www.mysexualfantasy.eu\/en\/wp-json\/wp\/v2\/product_brand?post=13339"},{"taxonomy":"product_cat","embeddable":true,"href":"https:\/\/www.mysexualfantasy.eu\/en\/wp-json\/wp\/v2\/product_cat?post=13339"},{"taxonomy":"product_tag","embeddable":true,"href":"https:\/\/www.mysexualfantasy.eu\/en\/wp-json\/wp\/v2\/product_tag?post=13339"}],"curies":[{"name":"wp","href":"https:\/\/api.w.org\/{rel}","templated":true}]}}