{"id":13358,"date":"2023-01-13T14:00:21","date_gmt":"2023-01-13T14:00:21","guid":{"rendered":"https:\/\/www.mysexualfantasy.eu\/?post_type=product&#038;p=13358"},"modified":"2023-12-06T14:54:19","modified_gmt":"2023-12-06T14:54:19","slug":"king-cock-pene-realistico-eyaculador-natural-20-32cm","status":"publish","type":"product","link":"https:\/\/www.mysexualfantasy.eu\/en\/product\/king-cock-pene-realistico-eyaculador-natural-20-32cm\/","title":{"rendered":"KING COCK PENE REALISTICO EYACULADOR NATURAL 20.32CM"},"content":{"rendered":"<p>Este King Cock eyaculador es ultra real\u00edstico, y seguro har\u00e1 satisfactorias las corridas que so\u00f1aste!, Fabricados a mano estos King Cock tienen todos los detalles de un pene real\u00edstico y junto al simulador de semen Jizzle se convierte en un perfecto aliado en tus Fantasias er\u00f3ticas.<\/p>\n<ul>\n<li>Incluye en su interior el Jizzle Juice \/ Un simulador del semen, en color, olor y textura, un reto conseguido por Pipedreams.<\/li>\n<li>Longitud total \/ \u00a020.32cm<\/li>\n<\/ul>\n<p>Cada King Cock est\u00e1 fabricado libre de phalatos y latex. Incluye un limpiador de juguetes para dejarlo perfecto tras su uso!<\/p>\n<p style=\"text-align: center;\"><embed allowfullscreen=\"true\" allowscriptaccess=\"always\" flashvars=\"controlbar=bottomnetstreambasepath=http%3A%2F%2Fwww.pipedreamproducts.com%2Ffile=http%3A%2F%2Fwww.pipedreamproducts.com%2Fpdtv_videos\/pdtvvideo_0000001889.mp4autostart=true\" height=\"300\" quality=\"high\" src=\"http:\/\/www.pipedreamproducts.com\/jwplayer\/player.swf\" width=\"800\"><\/embed><\/p>","protected":false},"excerpt":{"rendered":"<p>KING COCK SQUIRTING FLESH 8&#8243;<\/p>","protected":false},"featured_media":64054,"comment_status":"open","ping_status":"closed","template":"","meta":{"_monsterinsights_skip_tracking":false,"_monsterinsights_sitenote_active":false,"_monsterinsights_sitenote_note":"","_monsterinsights_sitenote_category":0,"_joinchat":[]},"product_brand":[],"product_cat":[1182,1152,1188],"product_tag":[],"class_list":{"0":"post-13358","1":"product","2":"type-product","3":"status-publish","4":"has-post-thumbnail","6":"product_cat-juguetes-bienestar-dildos","7":"product_cat-juguetes-bienestar","8":"product_cat-juguetes-bienestar-dildospenes-realisticos","9":"yith_product_brand-pipedreamsking-cock","10":"yith_product_brand-pipedreams","12":"first","13":"instock","14":"taxable","15":"shipping-taxable","16":"purchasable","17":"product-type-simple"},"aioseo_notices":[],"_links":{"self":[{"href":"https:\/\/www.mysexualfantasy.eu\/en\/wp-json\/wp\/v2\/product\/13358","targetHints":{"allow":["GET"]}}],"collection":[{"href":"https:\/\/www.mysexualfantasy.eu\/en\/wp-json\/wp\/v2\/product"}],"about":[{"href":"https:\/\/www.mysexualfantasy.eu\/en\/wp-json\/wp\/v2\/types\/product"}],"replies":[{"embeddable":true,"href":"https:\/\/www.mysexualfantasy.eu\/en\/wp-json\/wp\/v2\/comments?post=13358"}],"wp:featuredmedia":[{"embeddable":true,"href":"https:\/\/www.mysexualfantasy.eu\/en\/wp-json\/wp\/v2\/media\/64054"}],"wp:attachment":[{"href":"https:\/\/www.mysexualfantasy.eu\/en\/wp-json\/wp\/v2\/media?parent=13358"}],"wp:term":[{"taxonomy":"product_brand","embeddable":true,"href":"https:\/\/www.mysexualfantasy.eu\/en\/wp-json\/wp\/v2\/product_brand?post=13358"},{"taxonomy":"product_cat","embeddable":true,"href":"https:\/\/www.mysexualfantasy.eu\/en\/wp-json\/wp\/v2\/product_cat?post=13358"},{"taxonomy":"product_tag","embeddable":true,"href":"https:\/\/www.mysexualfantasy.eu\/en\/wp-json\/wp\/v2\/product_tag?post=13358"}],"curies":[{"name":"wp","href":"https:\/\/api.w.org\/{rel}","templated":true}]}}