{"id":13513,"date":"2023-01-13T12:44:54","date_gmt":"2023-01-13T12:44:54","guid":{"rendered":"https:\/\/www.mysexualfantasy.eu\/?post_type=product&#038;p=13513"},"modified":"2023-12-06T15:09:34","modified_gmt":"2023-12-06T15:09:34","slug":"shunga-crema-masaje-chocolate-200ml","status":"publish","type":"product","link":"https:\/\/www.mysexualfantasy.eu\/en\/product\/shunga-crema-masaje-chocolate-200ml\/","title":{"rendered":"SHUNGA &#8211; CREMA MASAJE CHOCOLATE 200 ML"},"content":{"rendered":"<p style=\"line-height: 20.8px;\">Inicie el juego de caricias con esta sensual cream de masaje y sienta la piel de su amante junto a la suya. T\u00f3mese su tiempo para tocar, rozar, sentir, vibrar y explorar&#8230; Crecer\u00e1 la tension sexual hasta llevarla al climax! !La crema de masaje deja una piel exquisita!<\/p>\n<p style=\"line-height: 20.8px;\">Esta suave crema dejar\u00e1 tu piel lisa como la seda y dulce y deliciosa al paladar. Tu pareja no podr\u00e1 resistir la tentaci\u00f3n de lamer sus exquisitos sabores.<\/p>\n<p style=\"line-height: 20.8px;\">D\u00e9jate envolver por su cremosa textura con un relajante masaje y disfrutar\u00e1s de sensuales sensaciones que har\u00e1n fluir la energ\u00eda sexual entre ambos.<\/p>\n<p>Este cosm\u00e9tico Shunga, elaborado con ingredientes naturales tiene<span style=\"line-height: 20.8px;\">\u00a0propiedades de la vitamina E as\u00ed como<\/span><\/p>\n<ul style=\"line-height: 20.8px;\">\n<li style=\"line-height: 20.8px;\">Libre de Parabenos<\/li>\n<li style=\"line-height: 20.8px;\">Libre de Azucar<\/li>\n<li style=\"line-height: 20.8px;\">Apto para veganos<\/li>\n<li style=\"line-height: 20.8px;\">Libre de Gluten\u00e7<\/li>\n<\/ul>\n<p style=\"line-height: 20.8px;\">Esta deliciosa crema es saborable ( No comestible )\u00a0<span style=\"line-height: 20.8px;\">Contiene 200 ml<\/span><\/p>\n<ul style=\"line-height: 20.8px;\">\n<li style=\"line-height: 20.8px;\">Chocolate<\/li>\n<\/ul>\n<p style=\"line-height: 20.8px;\">Shunga es L\u00edder mundia en cosmetica Erotica, sus ingredientes naturales fusionado con principios activos logran un gran resultado<\/p>\n<p style=\"line-height: 20.8px;\">Entrar en el mundo er\u00f3tico de Shunga es viajar al pasado. Traducido literalmente, Shunga significa \u2018imagen de primavera, una manera delicada de decir \u2018relaciones sexuales entre personas.<\/p>\n<p>Esta palabra se usaba para designar las pinturas er\u00f3ticas japonesas del siglo XVI, XVII y XVIII, un tipo llamado ukiyo-e, que no eran otra cosa que obras sobre madera o pergamino con escenas sensuales y episodios de amor carnal, siempre elaborados con mucho cuidado y buen gusto.<\/p>\n<p>El arte Shunga, aunque oculto durante siglos, marc\u00f3 el principio de la industria pornogr\u00e1fica para la clase media nipona y sirvi\u00f3 durante generaciones como ense\u00f1anza para los hijos y las hijas de muchas familias.<\/p>\n<p style=\"line-height: 20.8px;\"><img decoding=\"async\" alt=\"\" src=\"https:\/\/store.dreamlove.es\/UserFiles\/image\/banderas.png\" style=\"width: 121px; height: 35px;\" \/><\/p>","protected":false},"excerpt":{"rendered":"<p>PACKAGING DISPONIBLE EN: \/es\/en\/fr\/de\/<\/p>","protected":false},"featured_media":53110,"comment_status":"open","ping_status":"closed","template":"","meta":{"_monsterinsights_skip_tracking":false,"_monsterinsights_sitenote_active":false,"_monsterinsights_sitenote_note":"","_monsterinsights_sitenote_category":0,"_joinchat":[]},"product_brand":[],"product_cat":[1222,1203,1216],"product_tag":[],"class_list":{"0":"post-13513","1":"product","2":"type-product","3":"status-publish","4":"has-post-thumbnail","6":"product_cat-drogueria-para-masajescremas-de-masaje","7":"product_cat-drogueria","8":"product_cat-drogueria-para-masajes","9":"yith_product_brand-shunga","10":"yith_product_brand-shungashunga-massage-cream","12":"first","13":"instock","14":"taxable","15":"shipping-taxable","16":"purchasable","17":"product-type-simple"},"aioseo_notices":[],"_links":{"self":[{"href":"https:\/\/www.mysexualfantasy.eu\/en\/wp-json\/wp\/v2\/product\/13513","targetHints":{"allow":["GET"]}}],"collection":[{"href":"https:\/\/www.mysexualfantasy.eu\/en\/wp-json\/wp\/v2\/product"}],"about":[{"href":"https:\/\/www.mysexualfantasy.eu\/en\/wp-json\/wp\/v2\/types\/product"}],"replies":[{"embeddable":true,"href":"https:\/\/www.mysexualfantasy.eu\/en\/wp-json\/wp\/v2\/comments?post=13513"}],"wp:featuredmedia":[{"embeddable":true,"href":"https:\/\/www.mysexualfantasy.eu\/en\/wp-json\/wp\/v2\/media\/53110"}],"wp:attachment":[{"href":"https:\/\/www.mysexualfantasy.eu\/en\/wp-json\/wp\/v2\/media?parent=13513"}],"wp:term":[{"taxonomy":"product_brand","embeddable":true,"href":"https:\/\/www.mysexualfantasy.eu\/en\/wp-json\/wp\/v2\/product_brand?post=13513"},{"taxonomy":"product_cat","embeddable":true,"href":"https:\/\/www.mysexualfantasy.eu\/en\/wp-json\/wp\/v2\/product_cat?post=13513"},{"taxonomy":"product_tag","embeddable":true,"href":"https:\/\/www.mysexualfantasy.eu\/en\/wp-json\/wp\/v2\/product_tag?post=13513"}],"curies":[{"name":"wp","href":"https:\/\/api.w.org\/{rel}","templated":true}]}}