{"id":13779,"date":"2023-01-13T12:01:05","date_gmt":"2023-01-13T12:01:05","guid":{"rendered":"https:\/\/www.mysexualfantasy.eu\/?post_type=product&#038;p=13779"},"modified":"2023-12-06T15:58:02","modified_gmt":"2023-12-06T15:58:02","slug":"nalone-rock-masajeador-rosa","status":"publish","type":"product","link":"https:\/\/www.mysexualfantasy.eu\/en\/product\/nalone-rock-masajeador-rosa\/","title":{"rendered":"NALONE ROCK MASAJEADOR ROSA"},"content":{"rendered":"<p>Descubre un nuevo concepto, pensabas que lo hab\u00edas visto todo? Nalone esconce m\u00e1s de lo que ves, a simple vista un vibrador normal, en su interior tecnolog\u00eda punta al servicio del placer.<\/p>\n<p>Rock esta perfectamente dise\u00f1ado para la estimulaci\u00f3n externa e interna, un vibrador de alta potencia, recargable con modos oscilantes.<\/p>\n<p>Sus principales caracter\u00edsticas son;<\/p>\n<ul>\n<li>Material: Silicona hipoalerg\u00e9nica ( Abs en en las zonas met\u00e1licas )<\/li>\n<li>Modos de vibraci\u00f3n: 7<\/li>\n<li>Nivel m\u00e1ximo de ruido: menos de 50 dB<\/li>\n<li>Dimensiones:192mm(L)x41mm(A)<\/li>\n<li>Carga: Pol\u00edmero de Litio recargable\u00a0<\/li>\n<li>Resistente al agua 100%<\/li>\n<\/ul>\n<p style=\"text-align: center;\"><img decoding=\"async\" alt=\"\" src=\"https:\/\/interno.dreamlove.es\/UserFiles\/images\/rock.png\" style=\"width: 277px; height: 382px;\" \/><\/p>\n<p style=\"text-align: center;\">\u2460 Motor superior\u2461 Logotipo\u2462 Bot\u00f3n de modo\u2463 Bot\u00f3n ON\/OFF\u2464 Puerto de carga<\/p>\n<p><strong>Modos de estimulaci\u00f3n<\/strong><\/p>\n<ol>\n<li>Vibraci\u00f3n lenta<\/li>\n<li>Vibraci\u00f3n media<\/li>\n<li>Vibraci\u00f3n r\u00e1pida<\/li>\n<li>Vibraci\u00f3n de pulsos suaves<\/li>\n<li>Vibraci\u00f3n de pulsos medios<\/li>\n<li>Vibraci\u00f3n de pulsos fuertes<\/li>\n<li>Vibraci\u00f3n mixta: corta y larga<\/li>\n<\/ol>\n<p><strong>C\u00f3mo utilizar?<\/strong><\/p>\n<ol>\n<li>\u00a0Para cargar tu vibrador, conecta el cable USB del cargador a un adaptador USB . Conecta la otra parte del cable USB a la base del vibrador (en la parte inferior del vibrador). Mientras se carga, parpadear\u00e1 una luz azul en el panel de control para indicar que se est\u00e1 realizando la carga. Una vez cargado, la luz dejar\u00e1 de parpadear para indicar que est\u00e1 listo para su uso. Por favor ten en cuenta que la primera vez que lo uses, o si no lo has utilizado en mucho tiempo, es probable que la luz no se encienda en durante unos minutos.<\/li>\n<li>Si quieres masajearte internamente, utiliza un preservativo.<\/li>\n<li>Para encender tu vibrador, por favor mant\u00e9n pulsado el bot\u00f3n <img decoding=\"async\" alt=\"\" src=\"https:\/\/interno.dreamlove.es\/UserFiles\/images\/boton%20s.png\" style=\"line-height: 20.8px; width: 19px; height: 21px;\" \/>durante 3 segundos<\/li>\n<li>.Si presionas r\u00e1pidamente el bot\u00f3n <img decoding=\"async\" alt=\"\" src=\"https:\/\/interno.dreamlove.es\/UserFiles\/images\/%2B.png\" style=\"width: 22px; height: 21px;\" \/>, el vibrador se pondr\u00e1 en modo manual y en el primer modo de vibraci\u00f3n. Cada vez que pulses el bot\u00f3n <img decoding=\"async\" alt=\"\" src=\"https:\/\/interno.dreamlove.es\/UserFiles\/images\/%2B.png\" style=\"line-height: 20.8px; width: 22px; height: 21px;\" \/> cambiar\u00e1 el modode vibraci\u00f3n,pasando por los 10modos disponibles.<\/li>\n<li>\u00a0Para apagar el vibrador, mant\u00e9n el bot\u00f3n <img decoding=\"async\" alt=\"\" src=\"https:\/\/interno.dreamlove.es\/UserFiles\/images\/boton%20s.png\" style=\"line-height: 20.8px; width: 19px; height: 21px;\" \/> pulsado durante tres segundos<\/li>\n<\/ol>\n<p><strong>Advertencias<\/strong><\/p>\n<p>Aseg\u00farate de cargar el vibrador completamente antes de su uso. * Limpia\/desinfecta tu vibrador con agua templada y jab\u00f3n antibacterias. * Utiliza solamente lubricantes hidrosolubles. Nunca uses aceites de masaje, cremas de manos ni otros tipos de lubricante.<\/p>\n<p><strong>Limpieza y Cuidado<\/strong><\/p>\n<ul>\n<li>Tras su uso, es recomendable limpiar el vibrador para evitar crecimiento bacteriano.<\/li>\n<li>Se puede utilizar agua templada y jab\u00f3n antibacterias para limpiar el vibrador.<\/li>\n<li>Seca el vibrador con una toalla limpia y suave y gu\u00e1rdalo en la bolsita incluida. No expongas tu vibrador a luz solar directa.<\/li>\n<li>Guarda tu vibrador en la bolsita incluida en un lugar limpio y seco<\/li>\n<\/ul>\n<p style=\"line-height: 20.8px;\">Abrir una caja de productos NALONE\u00a0es garant\u00eda de calidad. Cada producto est\u00e1 envuelto en una caja blanca r\u00edgida elegante y \u00fanica, en la que encontrar\u00e1s en su interior<\/p>\n<ul style=\"line-height: 20.8px;\">\n<li>Vibrador Masajeador\u00a0wand Rock\u00a0<\/li>\n<li>Cable USB<\/li>\n<li>Funda de sat\u00e9n<\/li>\n<li>1 a\u00f1o de Garant\u00eda<\/li>\n<li>Manual de usuario<\/li>\n<li>Instrucciones de uso<\/li>\n<\/ul>","protected":false},"excerpt":{"rendered":"<p>NALONE ROCK MASSAGER PINK<\/p>","protected":false},"featured_media":44481,"comment_status":"open","ping_status":"closed","template":"","meta":{"_monsterinsights_skip_tracking":false,"_monsterinsights_sitenote_active":false,"_monsterinsights_sitenote_note":"","_monsterinsights_sitenote_category":0,"_joinchat":[]},"product_brand":[],"product_cat":[1156,1152,1155,1165,1153,1192],"product_tag":[],"class_list":{"0":"post-13779","1":"product","2":"type-product","3":"status-publish","4":"has-post-thumbnail","6":"product_cat-juguetes-bienestar-juguetes-para-mujeresestimuladores","7":"product_cat-juguetes-bienestar","8":"product_cat-juguetes-bienestar-juguetes-para-mujeres","9":"product_cat-juguetes-bienestar-juguetes-para-mujeresmasturbadores-para-ellas","10":"product_cat-juguetes-bienestar-vibradores","11":"product_cat-juguetes-bienestar-vibradoresvibradores-hi-tech","12":"yith_product_brand-nalone","14":"first","15":"instock","16":"taxable","17":"shipping-taxable","18":"purchasable","19":"product-type-simple"},"aioseo_notices":[],"_links":{"self":[{"href":"https:\/\/www.mysexualfantasy.eu\/en\/wp-json\/wp\/v2\/product\/13779","targetHints":{"allow":["GET"]}}],"collection":[{"href":"https:\/\/www.mysexualfantasy.eu\/en\/wp-json\/wp\/v2\/product"}],"about":[{"href":"https:\/\/www.mysexualfantasy.eu\/en\/wp-json\/wp\/v2\/types\/product"}],"replies":[{"embeddable":true,"href":"https:\/\/www.mysexualfantasy.eu\/en\/wp-json\/wp\/v2\/comments?post=13779"}],"wp:featuredmedia":[{"embeddable":true,"href":"https:\/\/www.mysexualfantasy.eu\/en\/wp-json\/wp\/v2\/media\/44481"}],"wp:attachment":[{"href":"https:\/\/www.mysexualfantasy.eu\/en\/wp-json\/wp\/v2\/media?parent=13779"}],"wp:term":[{"taxonomy":"product_brand","embeddable":true,"href":"https:\/\/www.mysexualfantasy.eu\/en\/wp-json\/wp\/v2\/product_brand?post=13779"},{"taxonomy":"product_cat","embeddable":true,"href":"https:\/\/www.mysexualfantasy.eu\/en\/wp-json\/wp\/v2\/product_cat?post=13779"},{"taxonomy":"product_tag","embeddable":true,"href":"https:\/\/www.mysexualfantasy.eu\/en\/wp-json\/wp\/v2\/product_tag?post=13779"}],"curies":[{"name":"wp","href":"https:\/\/api.w.org\/{rel}","templated":true}]}}