{"id":13782,"date":"2023-01-13T14:22:46","date_gmt":"2023-01-13T14:22:46","guid":{"rendered":"https:\/\/www.mysexualfantasy.eu\/?post_type=product&#038;p=13782"},"modified":"2023-12-06T15:30:27","modified_gmt":"2023-12-06T15:30:27","slug":"nalone-yany-beads-bolas-chinas","status":"publish","type":"product","link":"https:\/\/www.mysexualfantasy.eu\/en\/product\/nalone-yany-beads-bolas-chinas\/","title":{"rendered":"NALONE YANY BEADS BOLAS CHINAS"},"content":{"rendered":"<p>Ejercicios de kegel l\u00edderes para la salud y el placer.<\/p>\n<p>Las Nalone Yani\u2122 son el sistema de ejercicios de Kegel n\u00famero uno mundial en ventas.<\/p>\n<p>Fabricadas por primera vez en Aluminio, permite una higine 100% optima y seguro para el cuerpo<\/p>\n<ul>\n<li>Incluye dos set intercambiables, solo con Nalone Yani permitira un reforzamiento del suelo pelvico y ganar\u00e1s calidad de vida sexual.<\/li>\n<\/ul>\n<p>La elegante versi\u00f3n de Yani de las cl\u00e1sicas bolas &#8216;ben wa&#8217; proporciona a las usuarias orgasmos m\u00e1s duraderos, m\u00e1s intensos y m\u00e1s f\u00e1cilmente alcanzables, una reducci\u00f3n del riesgo de padecer incontinencia y otros problemas del suelo p\u00e9lvico, as\u00ed como una r\u00e1pida recuperaci\u00f3n del tono y de la elasticidad tras el parto. Asimismo, son el \u00fanico sistema de ejercicios de Kegel que permite mezclar y combinar los pesos.<\/p>\n<p>Cada set incluye cuatro bolas de 30\u00a0g. (Gold)\u00a0y dos de 40 (Azul )g. que pueden combinarse gracias al conector de silicona para crear rutinas de ejercicios personalizadas.<\/p>\n<p>1. Limpiar antes de usar<\/p>\n<p>2. Aplicar un lubricante con base acuosa antes de su uso<\/p>\n<p>3. Paso 1: vac\u00ede la vejiga antes de insertar las bolas en la vagina.\u00a0Paso 2: inserte una bola de cada\u00a0vez. Se insertan de un modo similar a los tampones vaginales.Si tiene problemas para insertarlas, eleve una pierna o t\u00fambese para insertarlas. \u00a0Mantenga el cord\u00f3n de silicona fuera del cuerpo para poder extraer la bola. \u00a0 Paso 3: para sujetar las bolas en la vagina, contraiga los m\u00fasculos de la pierna y despu\u00e9s los m\u00fasculos PC. \u00a0Vea el diag<span style=\"line-height: 20.8px;\">rama m\u00e1s abajo: \u00a0<\/span><span style=\"line-height: 20.8px;\">Paso 4: las bolas Kegel deben mantenerse dentro de la vagina durante al menos 15 minutos al d\u00eda para fortalecer los m\u00fasculos PC. Para un mejor resultado, se recomienda dejarlas dentro durante m\u00e1s tiempo<\/span><\/p>\n<p style=\"text-align: center;\"><img decoding=\"async\" alt=\"\" src=\"https:\/\/interno.dreamlove.es\/UserFiles\/images\/musculospc.png\" style=\"line-height: 20.8px; width: 196px; height: 194px;\" \/><\/p>\n<p><strong>Consejos de uso<\/strong><\/p>\n<p>Comience siempre por la bola m\u00e1s peque\u00f1a y haga ejercicio durante 15 minutos.Puede a\u00f1adir 5 minutos al d\u00eda hasta que logre alcanzar los 30 minutos por sesi\u00f3n.<\/p>\n<p>Plan de entrenamiento sugerido<\/p>\n<ul>\n<li>\u2022 Semana 1  1 bola dorada de 30g<\/li>\n<li>\u2022 Semana 2  1 bola azul de 40g<\/li>\n<li>\u2022 Semanas 3 y 4  Combinar 2 bolas doradas de 30g<\/li>\n<li>\u2022 Semanas 5 y 6  Combinar 1 bola dorada de 30g con 1 bola azul de 40g<\/li>\n<li>\u2022 Semanas 7 y 8  Combinar 2 bolas doradas de 40<\/li>\n<\/ul>\n<p>Advertencias<\/p>\n<p><span style=\"line-height: 20.8px;\">\u25c6\u00a0<\/span>No usar durante el embarazo o el ciclo menstrual<\/p>\n<p>\u25c6 Puede sentir incomodidad el primer d\u00eda de uso, hasta que su organismo se acostumbre al ejercicio f\u00edsico.<\/p>\n<p>\u25c6 Si esa incomodidad contin\u00faa o sufre alg\u00fan otro efecto secundario, deje de usar las bolas y consulte a su m\u00e9dico.hecho con silicona de la m\u00e1s alta calidad<\/p>\n<p style=\"line-height: 20.8px;\">Abrir una caja de productos NALONE\u00a0es garantia de calidad. Cada producto est\u00e1 envuelto en una caja blanca rigida elegante y \u00fanica, en la que encontrar\u00e1s en su interior<\/p>\n<ul style=\"line-height: 20.8px;\">\n<li>Bolas Yany<\/li>\n<li>Funda de sat\u00e9n<\/li>\n<li>1 a\u00f1o de Garant\u00eda<\/li>\n<li>Manual de usuario<\/li>\n<li>Instrucciones de uso<\/li>\n<\/ul>","protected":false},"excerpt":{"rendered":"<p>NALONE YANY BEADS<\/p>","protected":false},"featured_media":67012,"comment_status":"open","ping_status":"closed","template":"","meta":{"_monsterinsights_skip_tracking":false,"_monsterinsights_sitenote_active":false,"_monsterinsights_sitenote_note":"","_monsterinsights_sitenote_category":0,"_joinchat":[]},"product_brand":[],"product_cat":[1158,1264,1152],"product_tag":[],"class_list":{"0":"post-13782","1":"product","2":"type-product","3":"status-publish","4":"has-post-thumbnail","6":"product_cat-juguetes-bienestar-bolas","7":"product_cat-juguetes-bienestar-bolasbolas-basicas","8":"product_cat-juguetes-bienestar","9":"yith_product_brand-nalone","11":"first","12":"instock","13":"taxable","14":"shipping-taxable","15":"purchasable","16":"product-type-simple"},"aioseo_notices":[],"_links":{"self":[{"href":"https:\/\/www.mysexualfantasy.eu\/en\/wp-json\/wp\/v2\/product\/13782","targetHints":{"allow":["GET"]}}],"collection":[{"href":"https:\/\/www.mysexualfantasy.eu\/en\/wp-json\/wp\/v2\/product"}],"about":[{"href":"https:\/\/www.mysexualfantasy.eu\/en\/wp-json\/wp\/v2\/types\/product"}],"replies":[{"embeddable":true,"href":"https:\/\/www.mysexualfantasy.eu\/en\/wp-json\/wp\/v2\/comments?post=13782"}],"wp:featuredmedia":[{"embeddable":true,"href":"https:\/\/www.mysexualfantasy.eu\/en\/wp-json\/wp\/v2\/media\/67012"}],"wp:attachment":[{"href":"https:\/\/www.mysexualfantasy.eu\/en\/wp-json\/wp\/v2\/media?parent=13782"}],"wp:term":[{"taxonomy":"product_brand","embeddable":true,"href":"https:\/\/www.mysexualfantasy.eu\/en\/wp-json\/wp\/v2\/product_brand?post=13782"},{"taxonomy":"product_cat","embeddable":true,"href":"https:\/\/www.mysexualfantasy.eu\/en\/wp-json\/wp\/v2\/product_cat?post=13782"},{"taxonomy":"product_tag","embeddable":true,"href":"https:\/\/www.mysexualfantasy.eu\/en\/wp-json\/wp\/v2\/product_tag?post=13782"}],"curies":[{"name":"wp","href":"https:\/\/api.w.org\/{rel}","templated":true}]}}