{"id":13784,"date":"2023-01-13T12:01:05","date_gmt":"2023-01-13T12:01:05","guid":{"rendered":"https:\/\/www.mysexualfantasy.eu\/?post_type=product&#038;p=13784"},"modified":"2023-12-06T15:58:03","modified_gmt":"2023-12-06T15:58:03","slug":"nalone-touch-2-vibrador-inteligente","status":"publish","type":"product","link":"https:\/\/www.mysexualfantasy.eu\/en\/product\/nalone-touch-2-vibrador-inteligente\/","title":{"rendered":"NALONE TOUCH 2 VIBRADOR INTELIGENTE"},"content":{"rendered":"<p><span style=\"line-height: 20.8px;\">Descubre un nuevo concepto, pensabas que lo habias visto todo? Nalone esconce m\u00e1s de lo que ves, a simple vista un vibrador normal, en su interior tecnologia punta al servicio del placer.<\/span><\/p>\n<p>Touch presenta un exterior de silicona y un dise\u00f1o elegante y ergon\u00f3mico que lo hace uno de nuestros productos m\u00e1s seductores y atractivos. Si eso fuera poco, el control digital te permite ajustar las intensidad de las vibraciones<\/p>\n<p>Incorpora tecnolog\u00eda Touch;\u00a0 Vibra al nivel que presiones.<\/p>\n<p>2 Motores para una estimulacion intensa del Clitoris y Punto G simultaneamente.\u00a0<\/p>\n<p>Especificaciones;<\/p>\n<ul>\n<li>Material: Silicona y ABS<\/li>\n<li>Modos de vibraci\u00f3n: 7+Touch Functionality<\/li>\n<li>Dimensiones: 218mm(L) x 46mm(A) x 64mm(H)<\/li>\n<li>Carga: Pol\u00edmero de litio recargable<\/li>\n<li>Tiempo medio de uso con una carga: 2 horas<\/li>\n<li>Resistente al agua 100%<\/li>\n<li>Promedio de tiempo de carga: 3 horas<\/li>\n<\/ul>\n<p style=\"text-align: center;\"><img decoding=\"async\" alt=\"\" src=\"https:\/\/interno.dreamlove.es\/UserFiles\/images\/nalone2.png\" style=\"width: 174px; height: 393px;\" \/><\/p>\n<p style=\"text-align: center;\">\u2460Punta vibratoria\u2461Punta vibratoria\u2462Logotipo\u2463Bot\u00f3n de modo manual\u2464Bot\u00f3n ON\/OFF\u2465Bot\u00f3n de modo digital\u2466 Hoja de metal inductiva<\/p>\n<p><strong>Modos de estimulaci\u00f3n manual<\/strong><\/p>\n<ul>\n<li>1. Vibraci\u00f3n lenta<\/li>\n<li>2. Vibraci\u00f3n media<\/li>\n<li>3. Vibraci\u00f3n r\u00e1pida<\/li>\n<li>4. Vibraci\u00f3n de pulsos suaves<\/li>\n<li>5. Vibraci\u00f3n de pulsos medios<\/li>\n<li>6. Vibraci\u00f3n de pulsos fuertes<\/li>\n<li>7. Vibraci\u00f3n mixta: corta y larga<\/li>\n<\/ul>\n<p><strong>Como se utiliza?<\/strong><\/p>\n<ul>\n<li>1. Para cargar tu vibrador, conecta el cable USB del cargador a un adaptador USB (se recomienda un adaptador de 5V\/1A). Conecta la otra parte del cable USB a la base del vibrador (en la parte inferior del vibrador). Mientras se carga, parpadearauna luz azul en el panel de control para indicar que se estarealizando la carga. Una vez cargado, la luz dejarade parpadear para indicar que estalisto para su uso. Por favor ten en cuenta que la primera vez que lo uses, o si no lo has utilizado en mucho tiempo, es probable que la luz no se encienda en durante unos minutos.<\/li>\n<li>2.Si quieres masajearte internamente, utiliza un preservativo.<\/li>\n<li>3.Para encender tu vibrador, por favor mant\u00e9n pulsado el bot\u00f3n <img decoding=\"async\" alt=\"\" src=\"https:\/\/interno.dreamlove.es\/UserFiles\/images\/boton%20s.png\" style=\"line-height: 20.8px; width: 19px; height: 21px;\" \/>\u00a0durante 3 segundos.<\/li>\n<li>4.Si presionas r\u00e1pidamente el bot\u00f3n <img decoding=\"async\" alt=\"\" src=\"https:\/\/interno.dreamlove.es\/UserFiles\/images\/%2B.png\" style=\"line-height: 20.8px; width: 22px; height: 21px;\" \/>, el vibrador se pondr\u00e1 en modo\u00a0manual y en el primer modo de vibraci\u00f3n. Cada vez que pulses el bot\u00f3n <img decoding=\"async\" alt=\"\" src=\"https:\/\/interno.dreamlove.es\/UserFiles\/images\/%2B.png\" style=\"line-height: 20.8px; width: 22px; height: 21px;\" \/>\u00a0cambiar\u00e1 el modo de vibraci\u00f3n, pasando por los 10 modos disponibles.Tanto en modo standby o manual, al mantener pulsado el bot\u00f3n <img decoding=\"async\" alt=\"\" src=\"https:\/\/interno.dreamlove.es\/UserFiles\/images\/T.png\" style=\"line-height: 20.8px; width: 22px; height: 20px;\" \/>\u00a0el vibrador cambiar\u00e1 a modo autom\u00e1tico. El modo vibrador se inicia cuando tocas el metal sensible alrededor del panel de control<\/li>\n<li>5.Para apagar el vibrador, mant\u00e9n el bot\u00f3n <img decoding=\"async\" alt=\"\" src=\"https:\/\/interno.dreamlove.es\/UserFiles\/images\/boton%20s.png\" style=\"line-height: 20.8px; width: 19px; height: 21px;\" \/> pulsado durante 3 segundos.<\/li>\n<li>6.Cada vez que lo uses, aseg\u00farate de limpiar tu vibrador con agua templada y jab\u00f3n antibacterias. Tras limpiarlo, s\u00e9calo con una toalla limpia y suave y gu\u00e1rdalo en la bolsita incluida en un lugar fresco y seco<\/li>\n<\/ul>\n<p><strong>Advertencias<\/strong><\/p>\n<p>\u25c6Aseg\u00farate de cargar el vibrador completamente antes de su uso.<\/p>\n<p>\u25c6Limpia\/desinfecta tu vibrador con agua templada y jab\u00f3n antibacterias.<\/p>\n<p>\u25c6Utiliza solamente lubricantes hidrosolubles. Nunca uses aceites de masaje, cremas de manos ni otros tipos de lubricante.<\/p>\n<p><strong>Limpieza y Cuidado<\/strong><\/p>\n<p><span style=\"line-height: 20.8px;\">\u25c6<\/span>Tras su uso, es recomendable limpiar el vibrador para evitar crecimiento bacteriano.<\/p>\n<p>\u25c6Se puede utilizar agua templada y jab\u00f3n antibacterias para limpiar el vibrador.<\/p>\n<p>\u25c6Seca el vibrador con una toalla limpia y suave y gu\u00e1rdalo en la bolsita incluida. No expongas tu vibrador a luz solar directa.<\/p>\n<p>\u25c6Guarda tu vibrador en la bolsita incluida en un lugar limpio y seco<\/p>\n<p style=\"line-height: 20.8px;\">Abrir una caja de productos NALONE\u00a0es garantia de calidad. Cada producto est\u00e1 envuelto en una caja blanca rigida elegante y \u00fanica, en la que encontrar\u00e1s en su interior<\/p>\n<ul style=\"line-height: 20.8px;\">\n<li>Vibrador Touch 2<\/li>\n<li>Cable USB<\/li>\n<li>Funda de sat\u00e9n<\/li>\n<li>1 a\u00f1o de Garant\u00eda<\/li>\n<li>Manual de usuario<\/li>\n<li>Instrucciones de uso<\/li>\n<\/ul>\n<p style=\"text-align: center;\">\u00a0<\/p>","protected":false},"excerpt":{"rendered":"<p>NALONE TOUCH 2 VIBRATOR<\/p>","protected":false},"featured_media":44483,"comment_status":"open","ping_status":"closed","template":"","meta":{"_monsterinsights_skip_tracking":false,"_monsterinsights_sitenote_active":false,"_monsterinsights_sitenote_note":"","_monsterinsights_sitenote_category":0,"_joinchat":[]},"product_brand":[],"product_cat":[1156,1152,1155,1165,1153,1192],"product_tag":[],"class_list":{"0":"post-13784","1":"product","2":"type-product","3":"status-publish","4":"has-post-thumbnail","6":"product_cat-juguetes-bienestar-juguetes-para-mujeresestimuladores","7":"product_cat-juguetes-bienestar","8":"product_cat-juguetes-bienestar-juguetes-para-mujeres","9":"product_cat-juguetes-bienestar-juguetes-para-mujeresmasturbadores-para-ellas","10":"product_cat-juguetes-bienestar-vibradores","11":"product_cat-juguetes-bienestar-vibradoresvibradores-hi-tech","12":"yith_product_brand-nalone","14":"first","15":"instock","16":"taxable","17":"shipping-taxable","18":"purchasable","19":"product-type-simple"},"aioseo_notices":[],"_links":{"self":[{"href":"https:\/\/www.mysexualfantasy.eu\/en\/wp-json\/wp\/v2\/product\/13784","targetHints":{"allow":["GET"]}}],"collection":[{"href":"https:\/\/www.mysexualfantasy.eu\/en\/wp-json\/wp\/v2\/product"}],"about":[{"href":"https:\/\/www.mysexualfantasy.eu\/en\/wp-json\/wp\/v2\/types\/product"}],"replies":[{"embeddable":true,"href":"https:\/\/www.mysexualfantasy.eu\/en\/wp-json\/wp\/v2\/comments?post=13784"}],"wp:featuredmedia":[{"embeddable":true,"href":"https:\/\/www.mysexualfantasy.eu\/en\/wp-json\/wp\/v2\/media\/44483"}],"wp:attachment":[{"href":"https:\/\/www.mysexualfantasy.eu\/en\/wp-json\/wp\/v2\/media?parent=13784"}],"wp:term":[{"taxonomy":"product_brand","embeddable":true,"href":"https:\/\/www.mysexualfantasy.eu\/en\/wp-json\/wp\/v2\/product_brand?post=13784"},{"taxonomy":"product_cat","embeddable":true,"href":"https:\/\/www.mysexualfantasy.eu\/en\/wp-json\/wp\/v2\/product_cat?post=13784"},{"taxonomy":"product_tag","embeddable":true,"href":"https:\/\/www.mysexualfantasy.eu\/en\/wp-json\/wp\/v2\/product_tag?post=13784"}],"curies":[{"name":"wp","href":"https:\/\/api.w.org\/{rel}","templated":true}]}}