{"id":13786,"date":"2023-01-13T12:01:07","date_gmt":"2023-01-13T12:01:07","guid":{"rendered":"https:\/\/www.mysexualfantasy.eu\/?post_type=product&#038;p=13786"},"modified":"2023-12-06T15:58:04","modified_gmt":"2023-12-06T15:58:04","slug":"nalone-wave-vibrador-estimulador-dual","status":"publish","type":"product","link":"https:\/\/www.mysexualfantasy.eu\/en\/product\/nalone-wave-vibrador-estimulador-dual\/","title":{"rendered":"NALONE WAVE VIBRADOR ESTIMULADOR DUAL"},"content":{"rendered":"<p><span style=\"line-height: 20.8px;\">Descubre un nuevo concepto, pensabas que lo habias visto todo? Nalone esconce m\u00e1s de lo que ves, a simple vista un vibrador normal, en su interior tecnologia punta al servicio del placer.<\/span><\/p>\n<p>Un sofisticado vibrador que, con sus motores de acci\u00f3n dual, produce ola tras ola de placer. Los n\u00facleos giratorios y el s\u00faper suave cuerpo de silicona secombinan para estimularte lo m\u00e1s intensamente posible<\/p>\n<p>Especificaciones;<\/p>\n<ul>\n<li>Material: Silicona y ABS<\/li>\n<li>Modos de vibraci\u00f3n: 7 + 3 velocidades de rotaci\u00f3n<\/li>\n<li>Nivel m\u00e1ximo de ruido: menos de 60 dB<\/li>\n<li>Dimensiones: 260\uff08L\uff09\u00d737\uff08A\uff09mm<\/li>\n<li>Bater\u00eda: Pol\u00edmero de Litio Recargable<\/li>\n<li>Tiempo medio de uso con una carga completa: 2 horas<\/li>\n<li>Resistente al agua 100%Promedio de tiempo de carga: 3 \u00a0horas<\/li>\n<\/ul>\n<p style=\"text-align: center;\"><img decoding=\"async\" alt=\"\" src=\"https:\/\/interno.dreamlove.es\/UserFiles\/images\/nalonevibrator.png\" style=\"width: 276px; height: 503px;\" \/><\/p>\n<p style=\"text-align: center;\">\u2460Motor superior\u2461Pulsaciones\u2462Ondas\u2463Motor frontal\u2464Logotipo\u2465Control del motor frontal\u2466Control del motor superior\u2467Control de ondas\u2468Bot\u00f3n ON\/OFF<\/p>\n<p>Modos de estimulacion manual<\/p>\n<ul>\n<li>1. Vibraci\u00f3n lenta<\/li>\n<li>2. Vibraci\u00f3n media<\/li>\n<li>3. Vibraci\u00f3n r\u00e1pida<\/li>\n<li>4. Vibraci\u00f3n lenta<\/li>\n<li>5. Vibraci\u00f3n media<\/li>\n<li>6. Vibraci\u00f3n r\u00e1pida7.<\/li>\n<li>7 vibraciones cortas y una larga \u00a0<\/li>\n<li>8. 3 Velocidades de rotaci\u00f3n<\/li>\n<\/ul>\n<p>Como se utiliza<\/p>\n<ul>\n<li>1.Para poner tu vibrador en carga, conecta el cable USB a un adaptador USB. Conecta el otro extremo a la base del vibrador (en la parta inferior trasera del vibrador). Mientras est\u00e1 cargando, el panel de control parpadear\u00e1 en azul para indicar que est\u00e1 cargando. Cuando la carga se haya completado, la luz azul dejar\u00e1 de parpadear y estar\u00e1 listo para su uso. Por favor, tenga en cuenta que la primera vez que lo use, o si no lo ha usado en alg\u00fan tiempo, el panel de control tardar\u00e1 unos minutos en encenderse. \u00a0<\/li>\n<li>2.Para uso interno, se puede utilizar el vibrador con un preservativo.<\/li>\n<li>3.Para encender tu vibrador, mant\u00e9n el bot\u00f3n <img decoding=\"async\" alt=\"\" src=\"https:\/\/interno.dreamlove.es\/UserFiles\/images\/boton%20s.png\" style=\"line-height: 20.8px; width: 19px; height: 21px;\" \/>\u00a0pulsado durante 5 segundos.<\/li>\n<li>4.Pulsa el bot\u00f3n <img decoding=\"async\" alt=\"\" src=\"https:\/\/interno.dreamlove.es\/UserFiles\/images\/m3.png\" style=\"width: 29px; height: 28px;\" \/>para activar el motor superior. Cada vez que pulses el bot\u00f3n <img decoding=\"async\" alt=\"\" src=\"https:\/\/interno.dreamlove.es\/UserFiles\/images\/m3.png\" style=\"line-height: 20.8px; width: 29px; height: 28px;\" \/>, el vibrador pasar\u00e1 por cada uno de los diferentes modos de estimulaci\u00f3n. Si mantienes pulsado el bot\u00f3n <img decoding=\"async\" alt=\"\" src=\"https:\/\/interno.dreamlove.es\/UserFiles\/images\/m3.png\" style=\"line-height: 20.8px; width: 29px; height: 28px;\" \/>durante 5 segundos, el motor superior se apagar\u00e1<\/li>\n<li>5.Pulsa el bot\u00f3n<img decoding=\"async\" alt=\"\" src=\"https:\/\/interno.dreamlove.es\/UserFiles\/images\/m%281%29.png\" style=\"width: 26px; height: 23px;\" \/>para activar el motor frontal. Cada vez que pulses el bot\u00f3n <img decoding=\"async\" alt=\"\" src=\"https:\/\/interno.dreamlove.es\/UserFiles\/images\/m%281%29.png\" style=\"line-height: 20.8px; width: 26px; height: 23px;\" \/>, el vibrador pasar\u00e1 por cada uno de los diferentes modos de estimulaci\u00f3n. \u00a0Si mantienes pulsado el bot\u00f3n <img decoding=\"async\" alt=\"\" src=\"https:\/\/interno.dreamlove.es\/UserFiles\/images\/m%281%29.png\" style=\"line-height: 20.8px; width: 26px; height: 23px;\" \/> durante 5 segundos, el motor frontal se apagar\u00e1.<\/li>\n<li>6.Pulsa <img decoding=\"async\" alt=\"\" src=\"https:\/\/interno.dreamlove.es\/UserFiles\/images\/o.png\" style=\"width: 21px; height: 25px;\" \/>para activar las Ondas. \u00a0Mantenlo pulsado para desactivar las Ondas.<\/li>\n<li>7.Para apagar el vibrador, pulsa <img decoding=\"async\" alt=\"\" src=\"https:\/\/interno.dreamlove.es\/UserFiles\/images\/boton%20s.png\" style=\"line-height: 20.8px; width: 19px; height: 21px;\" \/>\u00a0durante 5 segundos.<\/li>\n<li>8 .Por favor, aseg\u00farate de limpiar el vibrador con jab\u00f3n antibacterias en agua templada. Seca el vibrador con una toalla limpia y suave y gu\u00e1rdalo en la bolsita incluida en un lugar limpio y seco.<\/li>\n<\/ul>\n<p><strong>Advertencias<\/strong><\/p>\n<ul>\n<li>Aseg\u00farate de cargar el vibrador completamente antes de su uso.<\/li>\n<li>Limpia\/desinfecta tu vibrador con agua templada y jab\u00f3n antibacterias.<\/li>\n<li>Utiliza solamente lubricantes hidrosolubles. Nunca uses aceites de masaje, cremas de manos ni otros tipos de lubricante<\/li>\n<\/ul>\n<p><strong>Limpieza y cuidado<\/strong><\/p>\n<ul>\n<li><span style=\"line-height: 20.8px;\">\u25c6<\/span>Tras su uso, es recomendable limpiar el vibrador para evitar crecimiento bacteriano.<\/li>\n<li>\u25c6Se puede utilizar agua templada y jab\u00f3n antibacterias para limpiar el vibrador.<\/li>\n<li>\u25c6Seca el vibrador con una toalla limpia y suave y gu\u00e1rdalo en la bolsita incluida. No expongas tu vibrador a luz solar directa.<\/li>\n<li>\u25c6Guarda tu vibrador en la bolsita incluida en un lugar limpio y seco<\/li>\n<\/ul>\n<p style=\"line-height: 20.8px;\">Abrir una caja de productos NALONE\u00a0es garantia de calidad. Cada producto est\u00e1 envuelto en una caja blanca rigida elegante y \u00fanica, en la que encontrar\u00e1s en su interior<\/p>\n<ul style=\"line-height: 20.8px;\">\n<li>Vibrador Wave<\/li>\n<li>Cable USB<\/li>\n<li>Funda de sat\u00e9n<\/li>\n<li>1 a\u00f1o de Garant\u00eda<\/li>\n<li>Manual de usuario<\/li>\n<li>Instrucciones de uso<\/li>\n<\/ul>\n<p style=\"text-align: center;\"><iframe allowfullscreen=\"\" frameborder=\"0\" height=\"300\" scrolling=\"no\" src=\"https:\/\/www.youtube.com\/embed\/SgTZuhKF3LQ?rel=0controls=0showinfo=0\" width=\"800\"><\/iframe><\/p>","protected":false},"excerpt":{"rendered":"<p>NALONE WAVE VIBRATOR<\/p>","protected":false},"featured_media":44493,"comment_status":"open","ping_status":"closed","template":"","meta":{"_monsterinsights_skip_tracking":false,"_monsterinsights_sitenote_active":false,"_monsterinsights_sitenote_note":"","_monsterinsights_sitenote_category":0,"_joinchat":[]},"product_brand":[],"product_cat":[1156,1152,1155,1165,1153,1192,1195],"product_tag":[],"class_list":{"0":"post-13786","1":"product","2":"type-product","3":"status-publish","4":"has-post-thumbnail","6":"product_cat-juguetes-bienestar-juguetes-para-mujeresestimuladores","7":"product_cat-juguetes-bienestar","8":"product_cat-juguetes-bienestar-juguetes-para-mujeres","9":"product_cat-juguetes-bienestar-juguetes-para-mujeresmasturbadores-para-ellas","10":"product_cat-juguetes-bienestar-vibradores","11":"product_cat-juguetes-bienestar-vibradoresvibradores-hi-tech","12":"product_cat-juguetes-bienestar-vibradoresvibradores-rabbit","13":"yith_product_brand-nalone","15":"first","16":"instock","17":"taxable","18":"shipping-taxable","19":"purchasable","20":"product-type-simple"},"aioseo_notices":[],"_links":{"self":[{"href":"https:\/\/www.mysexualfantasy.eu\/en\/wp-json\/wp\/v2\/product\/13786","targetHints":{"allow":["GET"]}}],"collection":[{"href":"https:\/\/www.mysexualfantasy.eu\/en\/wp-json\/wp\/v2\/product"}],"about":[{"href":"https:\/\/www.mysexualfantasy.eu\/en\/wp-json\/wp\/v2\/types\/product"}],"replies":[{"embeddable":true,"href":"https:\/\/www.mysexualfantasy.eu\/en\/wp-json\/wp\/v2\/comments?post=13786"}],"wp:featuredmedia":[{"embeddable":true,"href":"https:\/\/www.mysexualfantasy.eu\/en\/wp-json\/wp\/v2\/media\/44493"}],"wp:attachment":[{"href":"https:\/\/www.mysexualfantasy.eu\/en\/wp-json\/wp\/v2\/media?parent=13786"}],"wp:term":[{"taxonomy":"product_brand","embeddable":true,"href":"https:\/\/www.mysexualfantasy.eu\/en\/wp-json\/wp\/v2\/product_brand?post=13786"},{"taxonomy":"product_cat","embeddable":true,"href":"https:\/\/www.mysexualfantasy.eu\/en\/wp-json\/wp\/v2\/product_cat?post=13786"},{"taxonomy":"product_tag","embeddable":true,"href":"https:\/\/www.mysexualfantasy.eu\/en\/wp-json\/wp\/v2\/product_tag?post=13786"}],"curies":[{"name":"wp","href":"https:\/\/api.w.org\/{rel}","templated":true}]}}