{"id":13797,"date":"2023-01-13T13:09:04","date_gmt":"2023-01-13T13:09:04","guid":{"rendered":"https:\/\/www.mysexualfantasy.eu\/?post_type=product&#038;p=13797"},"modified":"2023-12-06T15:49:13","modified_gmt":"2023-12-06T15:49:13","slug":"fantasy-c-ringz-rock-hard-pipe","status":"publish","type":"product","link":"https:\/\/www.mysexualfantasy.eu\/en\/product\/fantasy-c-ringz-rock-hard-pipe\/","title":{"rendered":"FANTASY C-RINGZ &#8211; ROCK HARD PIPE"},"content":{"rendered":"<p style=\"line-height: 20.8px;\"><span style=\"line-height: 20.8px;\">Fantasy C-ringz es la gama de anillos m\u00e1s completa. Su dise\u00f1o ha sido revisado para estimular a la perfecci\u00f3n el pene y todos sus sentidos, cada uno ha sido dise\u00f1ado por un equipo de ingenieros de Pipedream.<\/span><\/p>\n<p style=\"line-height: 20.8px;\">Este modelo tiene un dise\u00f1o 100% industrial pero tambi\u00e9n es 100% anat\u00f3mico. Tus partes estar\u00e1n bien situadas, ponlo de cualquier forma para que satisfaga tus placeres y necesidades.<\/p>\n<ul style=\"line-height: 20.8px;\">\n<li>Conseguir\u00e1s erecciones m\u00e1s largas y duraderas<\/li>\n<li>Retrasar\u00e1 la eyaculaci\u00f3n<\/li>\n<li>Permitira que los testiculos no se contraigan en el orgasmo aumentando la sensaci\u00f3n.<\/li>\n<li>100% Silicona Elite comfortable<\/li>\n<\/ul>\n<p style=\"line-height: 20.8px;\"><span style=\"line-height: 20.8px;\">Incluye muestra de lubricante y toycleanner.<\/span><\/p>\n<p style=\"line-height: 20.8px;\"><span style=\"line-height: 20.8px;\">La gama Black de Fantasy C-ring est\u00e1 100% pensando para el hombre que busca aumentar sensaciones sin limites sea cual sea su condicion sexual, ya que toda la gama ha sido desarrollada por heteresexuales y homosexuales pensada por y para el hombre!<\/span><\/p>\n<p style=\"text-align: center;\">\u00a0<\/p>\n<p style=\"text-align: center;\"><iframe allowfullscreen=\"\" frameborder=\"0\" height=\"400\" mozallowfullscreen=\"\" src=\"https:\/\/player.vimeo.com\/video\/144421225\" webkitallowfullscreen=\"\" width=\"700\"><\/iframe><\/p>","protected":false},"excerpt":{"rendered":"<p>FANTASY C-RINGZ &#8211; ROCK HARD PIPE<\/p>","protected":false},"featured_media":56018,"comment_status":"open","ping_status":"closed","template":"","meta":{"_monsterinsights_skip_tracking":false,"_monsterinsights_sitenote_active":false,"_monsterinsights_sitenote_note":"","_monsterinsights_sitenote_category":0,"_joinchat":[]},"product_brand":[],"product_cat":[1170,1171,1297,1152,1160],"product_tag":[],"class_list":{"0":"post-13797","1":"product","2":"type-product","3":"status-publish","4":"has-post-thumbnail","6":"product_cat-juguetes-bienestar-juguetes-para-hombresaccesorios-para-el-pene","7":"product_cat-juguetes-bienestar-juguetes-para-hombresaccesorios-para-el-peneanillos-pene","8":"product_cat-juguetes-bienestar-juguetes-para-hombresaccesorios-para-el-peneanillos-peneanillos-sin-vibracion","9":"product_cat-juguetes-bienestar","10":"product_cat-juguetes-bienestar-juguetes-para-hombres","11":"yith_product_brand-pipedreamsfantasy-c-ringz","12":"yith_product_brand-pipedreams","14":"first","15":"instock","16":"taxable","17":"shipping-taxable","18":"purchasable","19":"product-type-simple"},"aioseo_notices":[],"_links":{"self":[{"href":"https:\/\/www.mysexualfantasy.eu\/en\/wp-json\/wp\/v2\/product\/13797","targetHints":{"allow":["GET"]}}],"collection":[{"href":"https:\/\/www.mysexualfantasy.eu\/en\/wp-json\/wp\/v2\/product"}],"about":[{"href":"https:\/\/www.mysexualfantasy.eu\/en\/wp-json\/wp\/v2\/types\/product"}],"replies":[{"embeddable":true,"href":"https:\/\/www.mysexualfantasy.eu\/en\/wp-json\/wp\/v2\/comments?post=13797"}],"wp:featuredmedia":[{"embeddable":true,"href":"https:\/\/www.mysexualfantasy.eu\/en\/wp-json\/wp\/v2\/media\/56018"}],"wp:attachment":[{"href":"https:\/\/www.mysexualfantasy.eu\/en\/wp-json\/wp\/v2\/media?parent=13797"}],"wp:term":[{"taxonomy":"product_brand","embeddable":true,"href":"https:\/\/www.mysexualfantasy.eu\/en\/wp-json\/wp\/v2\/product_brand?post=13797"},{"taxonomy":"product_cat","embeddable":true,"href":"https:\/\/www.mysexualfantasy.eu\/en\/wp-json\/wp\/v2\/product_cat?post=13797"},{"taxonomy":"product_tag","embeddable":true,"href":"https:\/\/www.mysexualfantasy.eu\/en\/wp-json\/wp\/v2\/product_tag?post=13797"}],"curies":[{"name":"wp","href":"https:\/\/api.w.org\/{rel}","templated":true}]}}