{"id":13821,"date":"2023-01-13T12:01:13","date_gmt":"2023-01-13T12:01:13","guid":{"rendered":"https:\/\/www.mysexualfantasy.eu\/?post_type=product&#038;p=13821"},"modified":"2023-12-06T15:58:09","modified_gmt":"2023-12-06T15:58:09","slug":"smart-pretty-love-steven-rabbit-rosa","status":"publish","type":"product","link":"https:\/\/www.mysexualfantasy.eu\/en\/product\/smart-pretty-love-steven-rabbit-rosa\/","title":{"rendered":"SMART PRETTY LOVE STEVEN RABBIT ROSA"},"content":{"rendered":"<p style=\"line-height: 20.8px;\"><span style=\"line-height: 20.8px;\">Steven\u00a0<\/span>\u00a0incorpora alta tecnologia en su interior con resultados excelentes en su exterior. Su forma ergon\u00f3mica\u00a0 junto con elegante dise\u00f1o, consiguen una terminac\u00ed\u00f3n de alta calidad y grandes capacidades<\/p>\n<ul style=\"line-height: 20.8px;\">\n<li style=\"line-height: 20.8px;\"><span style=\"line-height: 20.8px;\">Steven<\/span> tiene un sistema de estimulaci\u00f3n rotador, que har\u00e1 una sensaci\u00f3n increible de tu punto G<\/li>\n<\/ul>\n<p style=\"line-height: 20.8px;\">Steven har\u00e1 que alcances profundamente sus vibraciones pulsantes en tu interior, estimulando todos tus sentidos, incorpora estimulador de clitoris rabbit\u00a0ergon\u00f3mico y \u00a0sus principales caracteristicas son;<\/p>\n<ul style=\"line-height: 20.8px;\">\n<li>100% Silicona aprobada por la FDA<\/li>\n<li>Estimulador del punto G\u00a0<strong>rotador<\/strong><\/li>\n<li>Potente estimualador de cl\u00edtoris rabbit<\/li>\n<li>12 Funciones de Vibraci\u00f3n<\/li>\n<li>4 Funciones de Rotaci\u00f3n<\/li>\n<li>Vibraci\u00f3n silenciosa y potente<\/li>\n<li>2 Motores internos.<\/li>\n<\/ul>\n<p style=\"line-height: 20.8px;\">Medidas; \u00a04.1\u00a0cm ancho x 27\u00a0cm de largo.<\/p>\n<p style=\"line-height: 20.8px;\">Funciona con 4\u00a0pilas AAA no incluidas.<\/p>\n<p style=\"line-height: 20.8px;\">Los patrones de vibraci\u00f3n son de facil uso y dispone de hasta 12 modos distintos, utilizando la parte que mas deseas en el momento que prefieras.<\/p>\n<p style=\"line-height: 20.8px;\">Pretty Love fabrica productos con exigentes normas de calidad, todos sus productos estan dise\u00f1ados en Estados Unidos y tienen 1 a\u00f1o de garant\u00eda en defectos tecnicos.<\/p>\n<p style=\"line-height: 20.8px;\">\u00a0<\/p>","protected":false},"excerpt":{"rendered":"<p>PRETTY LOVE STEVEN MASSAGER &#8211; PINK<\/p>","protected":false},"featured_media":44523,"comment_status":"open","ping_status":"closed","template":"","meta":{"_monsterinsights_skip_tracking":false,"_monsterinsights_sitenote_active":false,"_monsterinsights_sitenote_note":"","_monsterinsights_sitenote_category":0,"_joinchat":[]},"product_brand":[],"product_cat":[1156,1152,1155,1165,1309,1153,1195],"product_tag":[],"class_list":{"0":"post-13821","1":"product","2":"type-product","3":"status-publish","4":"has-post-thumbnail","6":"product_cat-juguetes-bienestar-juguetes-para-mujeresestimuladores","7":"product_cat-juguetes-bienestar","8":"product_cat-juguetes-bienestar-juguetes-para-mujeres","9":"product_cat-juguetes-bienestar-juguetes-para-mujeresmasturbadores-para-ellas","10":"product_cat-juguetes-bienestar-juguetes-para-mujerespunto-g","11":"product_cat-juguetes-bienestar-vibradores","12":"product_cat-juguetes-bienestar-vibradoresvibradores-rabbit","13":"yith_product_brand-pretty-love","14":"yith_product_brand-pretty-lovepretty-love-smart","16":"first","17":"instock","18":"taxable","19":"shipping-taxable","20":"purchasable","21":"product-type-simple"},"aioseo_notices":[],"_links":{"self":[{"href":"https:\/\/www.mysexualfantasy.eu\/en\/wp-json\/wp\/v2\/product\/13821","targetHints":{"allow":["GET"]}}],"collection":[{"href":"https:\/\/www.mysexualfantasy.eu\/en\/wp-json\/wp\/v2\/product"}],"about":[{"href":"https:\/\/www.mysexualfantasy.eu\/en\/wp-json\/wp\/v2\/types\/product"}],"replies":[{"embeddable":true,"href":"https:\/\/www.mysexualfantasy.eu\/en\/wp-json\/wp\/v2\/comments?post=13821"}],"wp:featuredmedia":[{"embeddable":true,"href":"https:\/\/www.mysexualfantasy.eu\/en\/wp-json\/wp\/v2\/media\/44523"}],"wp:attachment":[{"href":"https:\/\/www.mysexualfantasy.eu\/en\/wp-json\/wp\/v2\/media?parent=13821"}],"wp:term":[{"taxonomy":"product_brand","embeddable":true,"href":"https:\/\/www.mysexualfantasy.eu\/en\/wp-json\/wp\/v2\/product_brand?post=13821"},{"taxonomy":"product_cat","embeddable":true,"href":"https:\/\/www.mysexualfantasy.eu\/en\/wp-json\/wp\/v2\/product_cat?post=13821"},{"taxonomy":"product_tag","embeddable":true,"href":"https:\/\/www.mysexualfantasy.eu\/en\/wp-json\/wp\/v2\/product_tag?post=13821"}],"curies":[{"name":"wp","href":"https:\/\/api.w.org\/{rel}","templated":true}]}}