{"id":14061,"date":"2023-01-13T11:35:16","date_gmt":"2023-01-13T11:35:16","guid":{"rendered":"https:\/\/www.mysexualfantasy.eu\/?post_type=product&#038;p=14061"},"modified":"2023-12-06T15:34:37","modified_gmt":"2023-12-06T15:34:37","slug":"maximus-anillo-pene-pequeno","status":"publish","type":"product","link":"https:\/\/www.mysexualfantasy.eu\/en\/product\/maximus-anillo-pene-pequeno\/","title":{"rendered":"MAXIMUS ANILLO PENE PEQUE\u00d1O"},"content":{"rendered":"<p>El anillo de potencia MAXIMUS con su forma anat\u00f3mica perfecta, facilita gracias a su material el\u00e1stico una incre\u00edble erecci\u00f3n con una MAXIMUS firmeza, hasta ahora nunca obtenida.<\/p>\n<ul>\n<li>\u00a0Tama\u00f1o Peque\u00f1o<\/li>\n<\/ul>\n<p>\u00a1Disfrutar\u00e1s de tus aventuras de amor de extrema duraci\u00f3n!<\/p>\n<p>Contiene un sobre de lubricante Aquaglide<\/p>","protected":false},"excerpt":{"rendered":"<p>MAXIMUS RING SMALL<\/p>","protected":false},"featured_media":31616,"comment_status":"open","ping_status":"closed","template":"","meta":{"_monsterinsights_skip_tracking":false,"_monsterinsights_sitenote_active":false,"_monsterinsights_sitenote_note":"","_monsterinsights_sitenote_category":0,"_joinchat":[]},"product_brand":[],"product_cat":[1170,1171,1297,1152,1160],"product_tag":[],"class_list":{"0":"post-14061","1":"product","2":"type-product","3":"status-publish","4":"has-post-thumbnail","6":"product_cat-juguetes-bienestar-juguetes-para-hombresaccesorios-para-el-pene","7":"product_cat-juguetes-bienestar-juguetes-para-hombresaccesorios-para-el-peneanillos-pene","8":"product_cat-juguetes-bienestar-juguetes-para-hombresaccesorios-para-el-peneanillos-peneanillos-sin-vibracion","9":"product_cat-juguetes-bienestar","10":"product_cat-juguetes-bienestar-juguetes-para-hombres","11":"yith_product_brand-joydivision","13":"first","14":"instock","15":"taxable","16":"shipping-taxable","17":"purchasable","18":"product-type-simple"},"aioseo_notices":[],"_links":{"self":[{"href":"https:\/\/www.mysexualfantasy.eu\/en\/wp-json\/wp\/v2\/product\/14061","targetHints":{"allow":["GET"]}}],"collection":[{"href":"https:\/\/www.mysexualfantasy.eu\/en\/wp-json\/wp\/v2\/product"}],"about":[{"href":"https:\/\/www.mysexualfantasy.eu\/en\/wp-json\/wp\/v2\/types\/product"}],"replies":[{"embeddable":true,"href":"https:\/\/www.mysexualfantasy.eu\/en\/wp-json\/wp\/v2\/comments?post=14061"}],"wp:featuredmedia":[{"embeddable":true,"href":"https:\/\/www.mysexualfantasy.eu\/en\/wp-json\/wp\/v2\/media\/31616"}],"wp:attachment":[{"href":"https:\/\/www.mysexualfantasy.eu\/en\/wp-json\/wp\/v2\/media?parent=14061"}],"wp:term":[{"taxonomy":"product_brand","embeddable":true,"href":"https:\/\/www.mysexualfantasy.eu\/en\/wp-json\/wp\/v2\/product_brand?post=14061"},{"taxonomy":"product_cat","embeddable":true,"href":"https:\/\/www.mysexualfantasy.eu\/en\/wp-json\/wp\/v2\/product_cat?post=14061"},{"taxonomy":"product_tag","embeddable":true,"href":"https:\/\/www.mysexualfantasy.eu\/en\/wp-json\/wp\/v2\/product_tag?post=14061"}],"curies":[{"name":"wp","href":"https:\/\/api.w.org\/{rel}","templated":true}]}}