{"id":14611,"date":"2023-01-13T12:41:48","date_gmt":"2023-01-13T12:41:48","guid":{"rendered":"https:\/\/www.mysexualfantasy.eu\/?post_type=product&#038;p=14611"},"modified":"2023-12-06T15:05:27","modified_gmt":"2023-12-06T15:05:27","slug":"eros-lubricante-anal-de-silicona-30ml","status":"publish","type":"product","link":"https:\/\/www.mysexualfantasy.eu\/en\/product\/eros-lubricante-anal-de-silicona-30ml\/","title":{"rendered":"EROS LUBRICANTE ANAL DE SILICONA 30ML"},"content":{"rendered":"<p style=\"line-height: 18.9091px;\">La Experienca Eros es algo sencillamente perfecta, Fabricaci\u00f3n Alemana con a\u00f1os de Experiencia logran un resultado a un nivel muy alto.<\/p>\n<p style=\"line-height: 18.9091px;\">Para mejorar el juego anal.<\/p>\n<p>Esta en busca de algo nuevo?. Algo \u00fanico?. De la m\u00e1s alta calidad?. Eros Anal Silicone Glide es un gel lubricante a base de silicona medicinal y ha sido desarrollado especialmente para mejorar la capacidad deslizante en el sexo anal.<\/p>\n<p>\u00a1Diversi\u00f3n garantizada durante el acto!, con esta f\u00f3rmula especial a base de la eficaz calidad de la silicona Eros, que en este producto presenta una constancia m\u00e1s espesa.<\/p>\n<p>Del\u00e9itese con la relajaci\u00f3n anal, con una sensaci\u00f3n sedosamente suave de la piel y una capacidad deslizante extremadamente duradera sin secarse.<\/p>\n<p>Caracter\u00edsticas:<\/p>\n<ul style=\"line-height: 18.9091px;\">\n<li>Dermatol\u00f3gicamente probado.<\/li>\n<li>Rinde mucho.<\/li>\n<li>Apto con condones de l\u00e1tex.<\/li>\n<li>No queda pegajoso, ni se seca.<\/li>\n<li>No contiene conservadores.<\/li>\n<li>Neutro al gusto.<\/li>\n<li>Incoloro e inodoro.<\/li>\n<li>Capacidad deslizante extremadamente duradera.<\/li>\n<li>No contiene aceites ni perfumes.<\/li>\n<\/ul>\n<p style=\"line-height: 18.9091px;\">Envase de 30\u00a0ml<\/p>","protected":false},"excerpt":{"rendered":"<p>EROS ANAL SILICONE GLIDE 30 ML<\/p>","protected":false},"featured_media":52740,"comment_status":"open","ping_status":"closed","template":"","meta":{"_monsterinsights_skip_tracking":false,"_monsterinsights_sitenote_active":false,"_monsterinsights_sitenote_note":"","_monsterinsights_sitenote_category":0,"_joinchat":[]},"product_brand":[],"product_cat":[1211,1215,1210,1203,1206],"product_tag":[],"class_list":{"0":"post-14611","1":"product","2":"type-product","3":"status-publish","4":"has-post-thumbnail","6":"product_cat-drogueria-lubricantesanal","7":"product_cat-drogueria-lubricantesanal-con-relajante","8":"product_cat-drogueria-lubricantesbase-silicona","9":"product_cat-drogueria","10":"product_cat-drogueria-lubricantes","11":"yith_product_brand-eros","12":"yith_product_brand-eroseros-classic-line","14":"first","15":"instock","16":"taxable","17":"shipping-taxable","18":"purchasable","19":"product-type-simple"},"aioseo_notices":[],"_links":{"self":[{"href":"https:\/\/www.mysexualfantasy.eu\/en\/wp-json\/wp\/v2\/product\/14611","targetHints":{"allow":["GET"]}}],"collection":[{"href":"https:\/\/www.mysexualfantasy.eu\/en\/wp-json\/wp\/v2\/product"}],"about":[{"href":"https:\/\/www.mysexualfantasy.eu\/en\/wp-json\/wp\/v2\/types\/product"}],"replies":[{"embeddable":true,"href":"https:\/\/www.mysexualfantasy.eu\/en\/wp-json\/wp\/v2\/comments?post=14611"}],"wp:featuredmedia":[{"embeddable":true,"href":"https:\/\/www.mysexualfantasy.eu\/en\/wp-json\/wp\/v2\/media\/52740"}],"wp:attachment":[{"href":"https:\/\/www.mysexualfantasy.eu\/en\/wp-json\/wp\/v2\/media?parent=14611"}],"wp:term":[{"taxonomy":"product_brand","embeddable":true,"href":"https:\/\/www.mysexualfantasy.eu\/en\/wp-json\/wp\/v2\/product_brand?post=14611"},{"taxonomy":"product_cat","embeddable":true,"href":"https:\/\/www.mysexualfantasy.eu\/en\/wp-json\/wp\/v2\/product_cat?post=14611"},{"taxonomy":"product_tag","embeddable":true,"href":"https:\/\/www.mysexualfantasy.eu\/en\/wp-json\/wp\/v2\/product_tag?post=14611"}],"curies":[{"name":"wp","href":"https:\/\/api.w.org\/{rel}","templated":true}]}}