{"id":14712,"date":"2023-01-13T12:52:02","date_gmt":"2023-01-13T12:52:02","guid":{"rendered":"https:\/\/www.mysexualfantasy.eu\/?post_type=product&#038;p=14712"},"modified":"2023-12-06T17:24:11","modified_gmt":"2023-12-06T17:24:11","slug":"durex-invisible-extra-fino-12-uds","status":"publish","type":"product","link":"https:\/\/www.mysexualfantasy.eu\/en\/product\/durex-invisible-extra-fino-12-uds\/","title":{"rendered":"DUREX &#8211; INVISIBLE EXTRA FINO 12 UNIDADES"},"content":{"rendered":"<p>Durex indivisible extra fino, extra sensitivo. Los preservativos Durex Invisible son los m\u00e1s finos que Durex ha desarrollado, dise\u00f1ados para maximizar la sensibilidad, proporcionando un alto grado de seguridad y protecci\u00f3n. Todos los preservativos de Durex superan la norma internacional de calidad ISO4074:2002 para preservativos de latex de caucho natural masculinos.<\/p>\n<ul>\n<li><span style=\"line-height: 18.9091px;\">Forma recta y con dep\u00f3sito, <\/span><\/li>\n<li><span style=\"line-height: 18.9091px;\">Preservativos de l\u00e1tex, caucho natural transparente y \u00a0Pre-lubricado<\/span><\/li>\n<li><span style=\"line-height: 18.9091px;\">Anchura nominal\u00a052mm<\/span><\/li>\n<\/ul>\n<p><span style=\"line-height: 18.9091px;\">Mayor sensibilidad donde m\u00e1s lo necesitas!<\/span><\/p>","protected":false},"excerpt":{"rendered":"<p>DUREX &#8211; INVISIBLE EXTRA THIN 12 UNITS<\/p>","protected":false},"featured_media":53951,"comment_status":"open","ping_status":"closed","template":"","meta":{"_monsterinsights_skip_tracking":false,"_monsterinsights_sitenote_active":false,"_monsterinsights_sitenote_note":"","_monsterinsights_sitenote_category":0,"_joinchat":[]},"product_brand":[],"product_cat":[1464,600,1465,1459],"product_tag":[],"class_list":{"0":"post-14712","1":"product","2":"type-product","3":"status-publish","4":"has-post-thumbnail","6":"product_cat-preservativos-todos-los-tamanos-de-cajascajas-de-4-a-24","7":"product_cat-preservativos","8":"product_cat-preservativos-sensitivos","9":"product_cat-preservativos-todos-los-tamanos-de-cajas","10":"yith_product_brand-durex","11":"yith_product_brand-durexdurex-condoms","13":"first","14":"instock","15":"taxable","16":"shipping-taxable","17":"purchasable","18":"product-type-simple"},"aioseo_notices":[],"_links":{"self":[{"href":"https:\/\/www.mysexualfantasy.eu\/en\/wp-json\/wp\/v2\/product\/14712","targetHints":{"allow":["GET"]}}],"collection":[{"href":"https:\/\/www.mysexualfantasy.eu\/en\/wp-json\/wp\/v2\/product"}],"about":[{"href":"https:\/\/www.mysexualfantasy.eu\/en\/wp-json\/wp\/v2\/types\/product"}],"replies":[{"embeddable":true,"href":"https:\/\/www.mysexualfantasy.eu\/en\/wp-json\/wp\/v2\/comments?post=14712"}],"wp:featuredmedia":[{"embeddable":true,"href":"https:\/\/www.mysexualfantasy.eu\/en\/wp-json\/wp\/v2\/media\/53951"}],"wp:attachment":[{"href":"https:\/\/www.mysexualfantasy.eu\/en\/wp-json\/wp\/v2\/media?parent=14712"}],"wp:term":[{"taxonomy":"product_brand","embeddable":true,"href":"https:\/\/www.mysexualfantasy.eu\/en\/wp-json\/wp\/v2\/product_brand?post=14712"},{"taxonomy":"product_cat","embeddable":true,"href":"https:\/\/www.mysexualfantasy.eu\/en\/wp-json\/wp\/v2\/product_cat?post=14712"},{"taxonomy":"product_tag","embeddable":true,"href":"https:\/\/www.mysexualfantasy.eu\/en\/wp-json\/wp\/v2\/product_tag?post=14712"}],"curies":[{"name":"wp","href":"https:\/\/api.w.org\/{rel}","templated":true}]}}