{"id":15297,"date":"2023-01-13T13:08:58","date_gmt":"2023-01-13T13:08:58","guid":{"rendered":"https:\/\/www.mysexualfantasy.eu\/?post_type=product&#038;p=15297"},"modified":"2023-12-06T16:14:46","modified_gmt":"2023-12-06T16:14:46","slug":"anal-fantasy-collection-insta-gaper-apertura-anal","status":"publish","type":"product","link":"https:\/\/www.mysexualfantasy.eu\/en\/product\/anal-fantasy-collection-insta-gaper-apertura-anal\/","title":{"rendered":"ANAL FANTASY COLLECTION INSTA-GAPER APERTURA ANAL"},"content":{"rendered":"<p>Con el Insta-Gaper agrandar\u00e1s el orificio y las cavidades anales hasta l\u00edmites insospechados.<\/p>\n<p>Cuenta con un cuello estrecho que permite a los m\u00fasculos del esf\u00ednter agarrarse a \u00e9l adem\u00e1s de una base ancha para evitar su inserci\u00f3n completa.<\/p>\n<p>Fabricado en silicona (Elite Silicone\u2122) es libre de f\u00e1latos, hipoalerg\u00e9nica<\/p>\n<p>Se recomienda limpiar despu\u00e9s de usar con limpiador RefreshToy cleaner y agua tibia<\/p>\n<ul>\n<li>Longitud insertable: 9.5 cm<\/li>\n<li>Di\u00e1metro abierto: 8.5 cm<\/li>\n<li>Di\u00e1metro cerrado: 4 cm<\/li>\n<li>Punta flexible para facilitar la inserci\u00f3n<\/li>\n<li>Se expande dentro inmediatamente<\/li>\n<li>Fuerte ventosa.<\/li>\n<\/ul>\n<p style=\"text-align: center;\">\u00a0<\/p>\n<p style=\"text-align: center;\"><iframe allowfullscreen=\"\" frameborder=\"0\" height=\"400\" mozallowfullscreen=\"\" src=\"https:\/\/player.vimeo.com\/video\/159080684\" webkitallowfullscreen=\"\" width=\"700\"><\/iframe><\/p>","protected":false},"excerpt":{"rendered":"<p>ANAL FANTASY COLLECTION INSTA-GAPER<\/p>","protected":false},"featured_media":56001,"comment_status":"open","ping_status":"closed","template":"","meta":{"_monsterinsights_skip_tracking":false,"_monsterinsights_sitenote_active":false,"_monsterinsights_sitenote_note":"","_monsterinsights_sitenote_category":0,"_joinchat":[]},"product_brand":[],"product_cat":[1162,1152,1155,1189],"product_tag":[],"class_list":{"0":"post-15297","1":"product","2":"type-product","3":"status-publish","4":"has-post-thumbnail","6":"product_cat-juguetes-bienestar-anal","7":"product_cat-juguetes-bienestar","8":"product_cat-juguetes-bienestar-juguetes-para-mujeres","9":"product_cat-juguetes-bienestar-analplugs-anales","10":"yith_product_brand-pipedreamsanal-fantasy-series","11":"yith_product_brand-pipedreams","13":"first","14":"instock","15":"taxable","16":"shipping-taxable","17":"purchasable","18":"product-type-simple"},"aioseo_notices":[],"_links":{"self":[{"href":"https:\/\/www.mysexualfantasy.eu\/en\/wp-json\/wp\/v2\/product\/15297","targetHints":{"allow":["GET"]}}],"collection":[{"href":"https:\/\/www.mysexualfantasy.eu\/en\/wp-json\/wp\/v2\/product"}],"about":[{"href":"https:\/\/www.mysexualfantasy.eu\/en\/wp-json\/wp\/v2\/types\/product"}],"replies":[{"embeddable":true,"href":"https:\/\/www.mysexualfantasy.eu\/en\/wp-json\/wp\/v2\/comments?post=15297"}],"wp:featuredmedia":[{"embeddable":true,"href":"https:\/\/www.mysexualfantasy.eu\/en\/wp-json\/wp\/v2\/media\/56001"}],"wp:attachment":[{"href":"https:\/\/www.mysexualfantasy.eu\/en\/wp-json\/wp\/v2\/media?parent=15297"}],"wp:term":[{"taxonomy":"product_brand","embeddable":true,"href":"https:\/\/www.mysexualfantasy.eu\/en\/wp-json\/wp\/v2\/product_brand?post=15297"},{"taxonomy":"product_cat","embeddable":true,"href":"https:\/\/www.mysexualfantasy.eu\/en\/wp-json\/wp\/v2\/product_cat?post=15297"},{"taxonomy":"product_tag","embeddable":true,"href":"https:\/\/www.mysexualfantasy.eu\/en\/wp-json\/wp\/v2\/product_tag?post=15297"}],"curies":[{"name":"wp","href":"https:\/\/api.w.org\/{rel}","templated":true}]}}