{"id":15299,"date":"2023-01-13T11:46:09","date_gmt":"2023-01-13T11:46:09","guid":{"rendered":"https:\/\/www.mysexualfantasy.eu\/?post_type=product&#038;p=15299"},"modified":"2023-12-06T16:14:47","modified_gmt":"2023-12-06T16:14:47","slug":"anal-fantasy-collection-ass-gasm-anillo-advanced-con-plug-anal","status":"publish","type":"product","link":"https:\/\/www.mysexualfantasy.eu\/en\/product\/anal-fantasy-collection-ass-gasm-anillo-advanced-con-plug-anal\/","title":{"rendered":"ANAL FANTASY COLLECTION ASS-GASM ANILLO ADVANCED CON PLUG ANAL"},"content":{"rendered":"<p>Disfruta de las eyaculaciones m\u00e1s explosivas con el plug Ass.Gasm Cockring Advanced.<\/p>\n<p>Fabricado en una silicona ultra suave (Elite Silicone\u2122), este plug funciona como anillo, para prolongar el acto y extender la diversi\u00f3n y como estimulador de pr\u00f3stata a la misma vez.<\/p>\n<p>La clave del sexo anal es hacerlo lento. Intentar la penetraci\u00f3n anal de la forma incorrecta no es placentero, as\u00ed que permite relajarte para disfrutar de la experiencia.<\/p>\n<p>Jugar con el dedo es una buena forma de relajar el ano, as\u00ed que usa el dedal(incluido) para masajear la zona. El ano y el recto no tienen un sistema de lubricaci\u00f3n natural como la vagina as\u00ed que usa lubricante anal Moist\u00ae (incluido) para reducir la fricci\u00f3n e incrementar el placer.<\/p>\n<p>Con el Ass-Gasm introducido y el anillo colocado tu experimentaras sensaciones espectaculares. El anillo de silicona aprieta y mejora el rendimiento porque mantiene firme la erecci\u00f3n. El eje que une el plug y el anillo es superdelgado y mantiene firme el plug cuando la acci\u00f3n comienza.<\/p>\n<ul>\n<li>Est\u00e1 fabricado en silicona (Elite Silicone\u2122) que es ultra higi\u00e9nica y adem\u00e1s libre de f\u00e1latos y muy flexible.<\/li>\n<li>Longitud insertable: 10.1 cm<\/li>\n<li>Di\u00e1metro del plug: 4 cm<\/li>\n<li>Di\u00e1metro del anillo 4 cm<\/li>\n<li>Ultimo modelo del Best-selling Ass-Gasm Cockring<\/li>\n<\/ul>","protected":false},"excerpt":{"rendered":"<p>ANAL FANTASY COLLECTION ASS-GASM COCKRING ADVANCED PLUG<\/p>","protected":false},"featured_media":42676,"comment_status":"open","ping_status":"closed","template":"","meta":{"_monsterinsights_skip_tracking":false,"_monsterinsights_sitenote_active":false,"_monsterinsights_sitenote_note":"","_monsterinsights_sitenote_category":0,"_joinchat":[]},"product_brand":[],"product_cat":[1170,1162,1187,1171,1152,1160,1155,1189],"product_tag":[],"class_list":{"0":"post-15299","1":"product","2":"type-product","3":"status-publish","4":"has-post-thumbnail","6":"product_cat-juguetes-bienestar-juguetes-para-hombresaccesorios-para-el-pene","7":"product_cat-juguetes-bienestar-anal","8":"product_cat-juguetes-bienestar-juguetes-para-hombresaccesorios-para-el-peneanillos-peneanillos-con-plug","9":"product_cat-juguetes-bienestar-juguetes-para-hombresaccesorios-para-el-peneanillos-pene","10":"product_cat-juguetes-bienestar","11":"product_cat-juguetes-bienestar-juguetes-para-hombres","12":"product_cat-juguetes-bienestar-juguetes-para-mujeres","13":"product_cat-juguetes-bienestar-analplugs-anales","14":"yith_product_brand-pipedreamsanal-fantasy-series","15":"yith_product_brand-pipedreams","17":"first","18":"instock","19":"taxable","20":"shipping-taxable","21":"purchasable","22":"product-type-simple"},"aioseo_notices":[],"_links":{"self":[{"href":"https:\/\/www.mysexualfantasy.eu\/en\/wp-json\/wp\/v2\/product\/15299","targetHints":{"allow":["GET"]}}],"collection":[{"href":"https:\/\/www.mysexualfantasy.eu\/en\/wp-json\/wp\/v2\/product"}],"about":[{"href":"https:\/\/www.mysexualfantasy.eu\/en\/wp-json\/wp\/v2\/types\/product"}],"replies":[{"embeddable":true,"href":"https:\/\/www.mysexualfantasy.eu\/en\/wp-json\/wp\/v2\/comments?post=15299"}],"wp:featuredmedia":[{"embeddable":true,"href":"https:\/\/www.mysexualfantasy.eu\/en\/wp-json\/wp\/v2\/media\/42676"}],"wp:attachment":[{"href":"https:\/\/www.mysexualfantasy.eu\/en\/wp-json\/wp\/v2\/media?parent=15299"}],"wp:term":[{"taxonomy":"product_brand","embeddable":true,"href":"https:\/\/www.mysexualfantasy.eu\/en\/wp-json\/wp\/v2\/product_brand?post=15299"},{"taxonomy":"product_cat","embeddable":true,"href":"https:\/\/www.mysexualfantasy.eu\/en\/wp-json\/wp\/v2\/product_cat?post=15299"},{"taxonomy":"product_tag","embeddable":true,"href":"https:\/\/www.mysexualfantasy.eu\/en\/wp-json\/wp\/v2\/product_tag?post=15299"}],"curies":[{"name":"wp","href":"https:\/\/api.w.org\/{rel}","templated":true}]}}