{"id":15304,"date":"2023-01-13T11:37:36","date_gmt":"2023-01-13T11:37:36","guid":{"rendered":"https:\/\/www.mysexualfantasy.eu\/?post_type=product&#038;p=15304"},"modified":"2023-12-06T15:24:14","modified_gmt":"2023-12-06T15:24:14","slug":"fetish-fantasy-series-9-hollow-strap-on-with-balls-22-9cm-natural","status":"publish","type":"product","link":"https:\/\/www.mysexualfantasy.eu\/en\/product\/fetish-fantasy-series-9-hollow-strap-on-with-balls-22-9cm-natural\/","title":{"rendered":"FETISH FANTASY SERIES 9&#8243; HOLLOW STRAP-ON WITH BALLS 22.9CM NATURAL"},"content":{"rendered":"<p style=\"line-height: 20.8px;\">No has querido sentirte siempre m\u00e1s seguro del tama\u00f1o de tu pene y disfrutar del sexo con tu pareja hasta alcanzar juntos el orgasmo?<\/p>\n<p style=\"line-height: 20.8px;\">Ahora puedes tener el ancho y largo que siempre so\u00f1aste con el 9Hollow Strap-On with Balls de la serie Fetish Fantasy. Su arn\u00e9s el\u00e1stico se ajusta f\u00e1cilmente a la mayor\u00eda de los tama\u00f1os, mientras que el dido da en el punto exacto.<\/p>\n<p style=\"line-height: 20.8px;\">Es perfecto para hombres con ED, problemas de eyaculaci\u00f3n precoz o que simplemente buscan a\u00f1adir algo de grosor y tama\u00f1o extra.<\/p>\n<p style=\"line-height: 20.8px;\">El dildo est\u00e1 fabricado en un material libre de f\u00e1latos y compatible con la mayor\u00eda de lubricantes de agua y silicona.<\/p>\n<p style=\"line-height: 20.8px;\">Limpiar despu\u00e9s de usar con Pipedream Toy Cleaner y agua tibia.<\/p>\n<ul style=\"line-height: 20.8px;\">\n<li>Longitud total: 24 cm (22.9 cm insertables)<\/li>\n<li>Di\u00e1metro: 4.6 cm<\/li>\n<li>Longitud de la parte interior 9.9 cm<\/li>\n<li>Di\u00e1metro de la parte interior: 4.5 cm<\/li>\n<li>Tama\u00f1o pretina: De 71.1 cm hasta 132.1 cm<\/li>\n<\/ul>\n<p style=\"line-height: 20.8px;\">Antifaz gratis en su interior<\/p>\n<p style=\"text-align: center;\"><iframe allowfullscreen=\"\" frameborder=\"0\" height=\"400\" mozallowfullscreen=\"\" src=\"https:\/\/player.vimeo.com\/video\/167954167\" webkitallowfullscreen=\"\" width=\"700\"><\/iframe><\/p>","protected":false},"excerpt":{"rendered":"<p>FETISH FANTASY SERIES 9&#8243; HOLLOW STRAP-ON WITH BALLS 22.9CM  FLESH<\/p>","protected":false},"featured_media":39773,"comment_status":"open","ping_status":"closed","template":"","meta":{"_monsterinsights_skip_tracking":false,"_monsterinsights_sitenote_active":false,"_monsterinsights_sitenote_note":"","_monsterinsights_sitenote_category":0,"_joinchat":[]},"product_brand":[],"product_cat":[1173,1281,1174,1152],"product_tag":[],"class_list":{"0":"post-15304","1":"product","2":"type-product","3":"status-publish","4":"has-post-thumbnail","6":"product_cat-juguetes-bienestar-arneses","7":"product_cat-juguetes-bienestar-arnesesarneses-huecos","8":"product_cat-juguetes-bienestar-arnesesarneses-sin-vibracion","9":"product_cat-juguetes-bienestar","10":"yith_product_brand-pipedreamsfetish-fantasy-series","11":"yith_product_brand-pipedreams","13":"first","14":"instock","15":"taxable","16":"shipping-taxable","17":"purchasable","18":"product-type-simple"},"aioseo_notices":[],"_links":{"self":[{"href":"https:\/\/www.mysexualfantasy.eu\/en\/wp-json\/wp\/v2\/product\/15304","targetHints":{"allow":["GET"]}}],"collection":[{"href":"https:\/\/www.mysexualfantasy.eu\/en\/wp-json\/wp\/v2\/product"}],"about":[{"href":"https:\/\/www.mysexualfantasy.eu\/en\/wp-json\/wp\/v2\/types\/product"}],"replies":[{"embeddable":true,"href":"https:\/\/www.mysexualfantasy.eu\/en\/wp-json\/wp\/v2\/comments?post=15304"}],"wp:featuredmedia":[{"embeddable":true,"href":"https:\/\/www.mysexualfantasy.eu\/en\/wp-json\/wp\/v2\/media\/39773"}],"wp:attachment":[{"href":"https:\/\/www.mysexualfantasy.eu\/en\/wp-json\/wp\/v2\/media?parent=15304"}],"wp:term":[{"taxonomy":"product_brand","embeddable":true,"href":"https:\/\/www.mysexualfantasy.eu\/en\/wp-json\/wp\/v2\/product_brand?post=15304"},{"taxonomy":"product_cat","embeddable":true,"href":"https:\/\/www.mysexualfantasy.eu\/en\/wp-json\/wp\/v2\/product_cat?post=15304"},{"taxonomy":"product_tag","embeddable":true,"href":"https:\/\/www.mysexualfantasy.eu\/en\/wp-json\/wp\/v2\/product_tag?post=15304"}],"curies":[{"name":"wp","href":"https:\/\/api.w.org\/{rel}","templated":true}]}}