{"id":15331,"date":"2023-01-13T11:48:46","date_gmt":"2023-01-13T11:48:46","guid":{"rendered":"https:\/\/www.mysexualfantasy.eu\/?post_type=product&#038;p=15331"},"modified":"2023-12-06T15:49:58","modified_gmt":"2023-12-06T15:49:58","slug":"pipedream-extreme-toyz-phat-vagina-ano","status":"publish","type":"product","link":"https:\/\/www.mysexualfantasy.eu\/en\/product\/pipedream-extreme-toyz-phat-vagina-ano\/","title":{"rendered":"PIPEDREAM EXTREME TOYZ PHAT VAGINA  ANO"},"content":{"rendered":"<p>Quien quiera que dijo que las chicas blancas no ten\u00edan grandes culos nunca hab\u00eda visto esto antes.<\/p>\n<p>Disfruta de sus dos orificios (vaginal y anal) y cachetea y acaricia sus nalgas. Dale duro a cuatro patas y adem\u00e1s si introduces la bala, vibrar\u00e1 y transmitir\u00e1 las vibraciones tanto a la zona anal como vaginal haci\u00e9ndote disfrutar sobremanera.<\/p>","protected":false},"excerpt":{"rendered":"<p>PIPEDREAM EXTREME TOYZ PHAT ASS WHITE GIRL<\/p>","protected":false},"featured_media":43529,"comment_status":"open","ping_status":"closed","template":"","meta":{"_monsterinsights_skip_tracking":false,"_monsterinsights_sitenote_active":false,"_monsterinsights_sitenote_note":"","_monsterinsights_sitenote_category":0,"_joinchat":[]},"product_brand":[],"product_cat":[1152,1160,1167,1168],"product_tag":[],"class_list":{"0":"post-15331","1":"product","2":"type-product","3":"status-publish","4":"has-post-thumbnail","6":"product_cat-juguetes-bienestar","7":"product_cat-juguetes-bienestar-juguetes-para-hombres","8":"product_cat-juguetes-bienestar-juguetes-para-hombresmasturbadores-para-ellos","9":"product_cat-juguetes-bienestar-juguetes-para-hombresvaginas-y-anos","10":"yith_product_brand-pipedreamsextreme-toyz","11":"yith_product_brand-pipedreams","13":"first","14":"instock","15":"taxable","16":"shipping-taxable","17":"purchasable","18":"product-type-simple"},"aioseo_notices":[],"_links":{"self":[{"href":"https:\/\/www.mysexualfantasy.eu\/en\/wp-json\/wp\/v2\/product\/15331","targetHints":{"allow":["GET"]}}],"collection":[{"href":"https:\/\/www.mysexualfantasy.eu\/en\/wp-json\/wp\/v2\/product"}],"about":[{"href":"https:\/\/www.mysexualfantasy.eu\/en\/wp-json\/wp\/v2\/types\/product"}],"replies":[{"embeddable":true,"href":"https:\/\/www.mysexualfantasy.eu\/en\/wp-json\/wp\/v2\/comments?post=15331"}],"wp:featuredmedia":[{"embeddable":true,"href":"https:\/\/www.mysexualfantasy.eu\/en\/wp-json\/wp\/v2\/media\/43529"}],"wp:attachment":[{"href":"https:\/\/www.mysexualfantasy.eu\/en\/wp-json\/wp\/v2\/media?parent=15331"}],"wp:term":[{"taxonomy":"product_brand","embeddable":true,"href":"https:\/\/www.mysexualfantasy.eu\/en\/wp-json\/wp\/v2\/product_brand?post=15331"},{"taxonomy":"product_cat","embeddable":true,"href":"https:\/\/www.mysexualfantasy.eu\/en\/wp-json\/wp\/v2\/product_cat?post=15331"},{"taxonomy":"product_tag","embeddable":true,"href":"https:\/\/www.mysexualfantasy.eu\/en\/wp-json\/wp\/v2\/product_tag?post=15331"}],"curies":[{"name":"wp","href":"https:\/\/api.w.org\/{rel}","templated":true}]}}