{"id":15348,"date":"2023-01-13T13:24:39","date_gmt":"2023-01-13T13:24:39","guid":{"rendered":"https:\/\/www.mysexualfantasy.eu\/?post_type=product&#038;p=15348"},"modified":"2023-12-06T15:11:28","modified_gmt":"2023-12-06T15:11:28","slug":"secretplay-tanga-gominola-para-el-sabor-chocolate","status":"publish","type":"product","link":"https:\/\/www.mysexualfantasy.eu\/en\/product\/secretplay-tanga-gominola-para-el-sabor-chocolate\/","title":{"rendered":"SECRETPLAY &#8211; TANGA GOMINOLA PARA EL SABOR CHOCOLATE"},"content":{"rendered":"<p>Si quieres dar un toque divertido y diferente a tus relaciones o simplemente est\u00e1s cansado de la lencer\u00eda convencional, con este tanga comestible de gominola tu pareja podr\u00e1 disfrutar much\u00edsimo saboreando el delicioso tanga, hasta el \u00faltimo bocado. Una combinaci\u00f3n perfecta de sabor y placer, una invitaci\u00f3n deliciosa a un banquete lleno de momentos de pasi\u00f3n, seducci\u00f3n y deseo.<\/p>\n<p>Tanga comestible para \u00e9l sabor chocolate . Para los momentos m\u00e1s dulces.<\/p>\n<ul>\n<li>100 % COMESTIBLE<\/li>\n<\/ul>","protected":false},"excerpt":{"rendered":"<p>PACKAGING DISPONIBLE EN: \/en\/es\/fr\/it\/pt\/<\/p>","protected":false},"featured_media":58897,"comment_status":"open","ping_status":"closed","template":"","meta":{"_monsterinsights_skip_tracking":false,"_monsterinsights_sitenote_active":false,"_monsterinsights_sitenote_note":"","_monsterinsights_sitenote_category":0,"_joinchat":[]},"product_brand":[],"product_cat":[1238,1166],"product_tag":[],"class_list":{"0":"post-15348","1":"product","2":"type-product","3":"status-publish","4":"has-post-thumbnail","6":"product_cat-moda-lencerialenceria-comestible","7":"product_cat-moda-lenceria","8":"yith_product_brand-secretplay","10":"first","11":"instock","12":"taxable","13":"shipping-taxable","14":"purchasable","15":"product-type-simple"},"aioseo_notices":[],"_links":{"self":[{"href":"https:\/\/www.mysexualfantasy.eu\/en\/wp-json\/wp\/v2\/product\/15348","targetHints":{"allow":["GET"]}}],"collection":[{"href":"https:\/\/www.mysexualfantasy.eu\/en\/wp-json\/wp\/v2\/product"}],"about":[{"href":"https:\/\/www.mysexualfantasy.eu\/en\/wp-json\/wp\/v2\/types\/product"}],"replies":[{"embeddable":true,"href":"https:\/\/www.mysexualfantasy.eu\/en\/wp-json\/wp\/v2\/comments?post=15348"}],"wp:featuredmedia":[{"embeddable":true,"href":"https:\/\/www.mysexualfantasy.eu\/en\/wp-json\/wp\/v2\/media\/58897"}],"wp:attachment":[{"href":"https:\/\/www.mysexualfantasy.eu\/en\/wp-json\/wp\/v2\/media?parent=15348"}],"wp:term":[{"taxonomy":"product_brand","embeddable":true,"href":"https:\/\/www.mysexualfantasy.eu\/en\/wp-json\/wp\/v2\/product_brand?post=15348"},{"taxonomy":"product_cat","embeddable":true,"href":"https:\/\/www.mysexualfantasy.eu\/en\/wp-json\/wp\/v2\/product_cat?post=15348"},{"taxonomy":"product_tag","embeddable":true,"href":"https:\/\/www.mysexualfantasy.eu\/en\/wp-json\/wp\/v2\/product_tag?post=15348"}],"curies":[{"name":"wp","href":"https:\/\/api.w.org\/{rel}","templated":true}]}}