{"id":15463,"date":"2023-01-13T11:35:21","date_gmt":"2023-01-13T11:35:21","guid":{"rendered":"https:\/\/www.mysexualfantasy.eu\/?post_type=product&#038;p=15463"},"modified":"2023-12-06T15:34:49","modified_gmt":"2023-12-06T15:34:49","slug":"screaning-o-ofinity-anillo-doble-transparente","status":"publish","type":"product","link":"https:\/\/www.mysexualfantasy.eu\/en\/product\/screaning-o-ofinity-anillo-doble-transparente\/","title":{"rendered":"SCREANING O OFINITY ANILLO DOBLE TRANSPARENTE"},"content":{"rendered":"<p>Este anillo de pene el\u00e1stico tiene un prop\u00f3sito: ayudar a mantener sus erecciones m\u00e1s dif\u00edcil durante m\u00e1s tiempo. Simplemente estirar el anillo superior alrededor del eje y el anillo inferior alrededor de los test\u00edculos y la posici\u00f3n en contra de la base del cuerpo. De esta manera har\u00e1 un ajuste perfecto y c\u00f3modo con el fin de frenar la circulaci\u00f3n y ayudar a mantener una erecci\u00f3n m\u00e1s fuerte y durar m\u00e1s tiempo en la habitaci\u00f3n.<\/p>\n<p>Este juguete sexual de doble acci\u00f3n para los hombres tambi\u00e9n ayuda a aumentar la sensibilidad y promueve orgasmos m\u00e1s intensos y potentes, lo que resulta en una mejor y m\u00e1s satisfactorio sexo sin l\u00edmites!<\/p>\n<p>Comienza a disfrutar el O Finity<\/p>\n<ul>\n<li>Di\u00e1metro interiores: 40 y 27 mm <\/li>\n<\/ul>","protected":false},"excerpt":{"rendered":"<p>SCREANING O OFINITY TRANSPARENT<\/p>","protected":false},"featured_media":31651,"comment_status":"open","ping_status":"closed","template":"","meta":{"_monsterinsights_skip_tracking":false,"_monsterinsights_sitenote_active":false,"_monsterinsights_sitenote_note":"","_monsterinsights_sitenote_category":0,"_joinchat":[]},"product_brand":[],"product_cat":[1170,1171,1297,1152,1160],"product_tag":[],"class_list":{"0":"post-15463","1":"product","2":"type-product","3":"status-publish","4":"has-post-thumbnail","6":"product_cat-juguetes-bienestar-juguetes-para-hombresaccesorios-para-el-pene","7":"product_cat-juguetes-bienestar-juguetes-para-hombresaccesorios-para-el-peneanillos-pene","8":"product_cat-juguetes-bienestar-juguetes-para-hombresaccesorios-para-el-peneanillos-peneanillos-sin-vibracion","9":"product_cat-juguetes-bienestar","10":"product_cat-juguetes-bienestar-juguetes-para-hombres","11":"yith_product_brand-screaming-o","13":"first","14":"instock","15":"taxable","16":"shipping-taxable","17":"purchasable","18":"product-type-simple"},"aioseo_notices":[],"_links":{"self":[{"href":"https:\/\/www.mysexualfantasy.eu\/en\/wp-json\/wp\/v2\/product\/15463","targetHints":{"allow":["GET"]}}],"collection":[{"href":"https:\/\/www.mysexualfantasy.eu\/en\/wp-json\/wp\/v2\/product"}],"about":[{"href":"https:\/\/www.mysexualfantasy.eu\/en\/wp-json\/wp\/v2\/types\/product"}],"replies":[{"embeddable":true,"href":"https:\/\/www.mysexualfantasy.eu\/en\/wp-json\/wp\/v2\/comments?post=15463"}],"wp:featuredmedia":[{"embeddable":true,"href":"https:\/\/www.mysexualfantasy.eu\/en\/wp-json\/wp\/v2\/media\/31651"}],"wp:attachment":[{"href":"https:\/\/www.mysexualfantasy.eu\/en\/wp-json\/wp\/v2\/media?parent=15463"}],"wp:term":[{"taxonomy":"product_brand","embeddable":true,"href":"https:\/\/www.mysexualfantasy.eu\/en\/wp-json\/wp\/v2\/product_brand?post=15463"},{"taxonomy":"product_cat","embeddable":true,"href":"https:\/\/www.mysexualfantasy.eu\/en\/wp-json\/wp\/v2\/product_cat?post=15463"},{"taxonomy":"product_tag","embeddable":true,"href":"https:\/\/www.mysexualfantasy.eu\/en\/wp-json\/wp\/v2\/product_tag?post=15463"}],"curies":[{"name":"wp","href":"https:\/\/api.w.org\/{rel}","templated":true}]}}